{"id":194,"date":"2023-07-23T12:19:58","date_gmt":"2023-07-23T12:19:58","guid":{"rendered":"https:\/\/powerwithinconcept.com\/podcast-2\/"},"modified":"2025-05-15T14:20:03","modified_gmt":"2025-05-15T14:20:03","slug":"power-within-podcast","status":"publish","type":"page","link":"https:\/\/powerwithinconcept.com\/en\/power-within-podcast\/","title":{"rendered":"PW Podcast"},"content":{"rendered":"<div data-elementor-type=\"wp-page\" data-elementor-id=\"194\" class=\"elementor elementor-194\">\n\t\t\t\t\t\t<section class=\"elementor-section elementor-top-section elementor-element elementor-element-7b7f7527 elementor-section-full_width elementor-section-content-middle elementor-section-height-default elementor-section-height-default wpr-particle-no wpr-jarallax-no wpr-parallax-no wpr-sticky-section-no wpr-column-slider-no wpr-equal-height-no\" data-id=\"7b7f7527\" data-element_type=\"section\" data-e-type=\"section\">\n\t\t\t\t\t\t<div class=\"elementor-container elementor-column-gap-no\">\n\t\t\t\t\t<div class=\"elementor-column elementor-col-50 elementor-top-column elementor-element elementor-element-5921565e\" data-id=\"5921565e\" data-element_type=\"column\" data-e-type=\"column\">\n\t\t\t<div class=\"elementor-widget-wrap elementor-element-populated\">\n\t\t\t\t\t\t<div class=\"elementor-element elementor-element-40cb4ece elementor-widget elementor-widget-heading\" data-id=\"40cb4ece\" data-element_type=\"widget\" data-e-type=\"widget\" data-widget_type=\"heading.default\">\n\t\t\t\t<div class=\"elementor-widget-container\">\n\t\t\t\t\t<h2 class=\"elementor-heading-title elementor-size-default\">Power Within Podcast<\/h2>\t\t\t\t<\/div>\n\t\t\t\t<\/div>\n\t\t\t\t<div class=\"elementor-element elementor-element-4c4f4a0b elementor-widget elementor-widget-heading\" data-id=\"4c4f4a0b\" data-element_type=\"widget\" data-e-type=\"widget\" data-widget_type=\"heading.default\">\n\t\t\t\t<div class=\"elementor-widget-container\">\n\t\t\t\t\t<h2 class=\"elementor-heading-title elementor-size-default\">En podcast om h\u00e4lsa, andlighet och personlig utveckling<\/h2>\t\t\t\t<\/div>\n\t\t\t\t<\/div>\n\t\t\t\t\t<\/div>\n\t\t<\/div>\n\t\t\t\t<div class=\"elementor-column elementor-col-50 elementor-top-column elementor-element elementor-element-acce7d6\" data-id=\"acce7d6\" data-element_type=\"column\" data-e-type=\"column\" data-settings=\"{&quot;background_background&quot;:&quot;classic&quot;}\">\n\t\t\t<div class=\"elementor-widget-wrap elementor-element-populated\">\n\t\t\t\t\t\t<div class=\"elementor-element elementor-element-4d96a539 elementor-widget__width-initial elementor-widget elementor-widget-spacer\" data-id=\"4d96a539\" data-element_type=\"widget\" data-e-type=\"widget\" data-widget_type=\"spacer.default\">\n\t\t\t\t<div class=\"elementor-widget-container\">\n\t\t\t\t\t\t\t<div class=\"elementor-spacer\">\n\t\t\t<div class=\"elementor-spacer-inner\"><\/div>\n\t\t<\/div>\n\t\t\t\t\t\t<\/div>\n\t\t\t\t<\/div>\n\t\t\t\t\t<\/div>\n\t\t<\/div>\n\t\t\t\t\t<\/div>\n\t\t<\/section>\n\t\t\t\t<section class=\"elementor-section elementor-top-section elementor-element elementor-element-6161b9ec elementor-section-full_width elementor-section-height-default elementor-section-height-default wpr-particle-no wpr-jarallax-no wpr-parallax-no wpr-sticky-section-no wpr-column-slider-no wpr-equal-height-no\" data-id=\"6161b9ec\" data-element_type=\"section\" data-e-type=\"section\">\n\t\t\t\t\t\t<div class=\"elementor-container elementor-column-gap-no\">\n\t\t\t\t\t<div class=\"elementor-column elementor-col-100 elementor-top-column elementor-element elementor-element-1f06e613\" data-id=\"1f06e613\" data-element_type=\"column\" data-e-type=\"column\">\n\t\t\t<div class=\"elementor-widget-wrap elementor-element-populated\">\n\t\t\t\t\t\t<div class=\"elementor-element elementor-element-5abb5aad elementor-widget elementor-widget-heading\" data-id=\"5abb5aad\" data-element_type=\"widget\" data-e-type=\"widget\" data-widget_type=\"heading.default\">\n\t\t\t\t<div class=\"elementor-widget-container\">\n\t\t\t\t\t<h2 class=\"elementor-heading-title elementor-size-default\">Power Within Podcast<\/h2>\t\t\t\t<\/div>\n\t\t\t\t<\/div>\n\t\t\t\t\t<\/div>\n\t\t<\/div>\n\t\t\t\t\t<\/div>\n\t\t<\/section>\n\t\t\t\t<section class=\"elementor-section elementor-top-section elementor-element elementor-element-92405a9 elementor-section-full_width elementor-section-content-top elementor-section-height-default elementor-section-height-default wpr-particle-no wpr-jarallax-no wpr-parallax-no wpr-sticky-section-no wpr-column-slider-no wpr-equal-height-no\" data-id=\"92405a9\" data-element_type=\"section\" data-e-type=\"section\" data-settings=\"{&quot;background_background&quot;:&quot;classic&quot;}\">\n\t\t\t\t\t\t<div class=\"elementor-container elementor-column-gap-no\">\n\t\t\t\t\t<div class=\"elementor-column elementor-col-50 elementor-top-column elementor-element elementor-element-1b85de70\" data-id=\"1b85de70\" data-element_type=\"column\" data-e-type=\"column\">\n\t\t\t<div class=\"elementor-widget-wrap elementor-element-populated\">\n\t\t\t\t\t\t<div class=\"elementor-element elementor-element-16a97ddb elementor-widget elementor-widget-heading\" data-id=\"16a97ddb\" data-element_type=\"widget\" data-e-type=\"widget\" data-widget_type=\"heading.default\">\n\t\t\t\t<div class=\"elementor-widget-container\">\n\t\t\t\t\t<h2 class=\"elementor-heading-title elementor-size-default\">About<\/h2>\t\t\t\t<\/div>\n\t\t\t\t<\/div>\n\t\t\t\t<div class=\"elementor-element elementor-element-317d48ff elementor-widget elementor-widget-text-editor\" data-id=\"317d48ff\" data-element_type=\"widget\" data-e-type=\"widget\" data-widget_type=\"text-editor.default\">\n\t\t\t\t<div class=\"elementor-widget-container\">\n\t\t\t\t\t\t\t\t\t<p>V\u00e4lkommen till Power Within-podden \u2013 en podcast om medvetenhet, inre styrka och personlig utveckling.<br \/><br \/>Jag \u00e4r din v\u00e4rd, Elin Pehrsson, och tillsammans med min partner Mikael Dabrowski utforskar vi h\u00e4lsa, andlighet och sj\u00e4lvinsikt. Genom insiktsfulla samtal vill vi inspirera dig att v\u00e4xa, f\u00f6rst\u00e5 dig sj\u00e4lv p\u00e5 djupet och hitta din\u00a0<em>power within<\/em>.<\/p><p>Elin \u00e4r f\u00f6rfattare, healer och livscoach med ett stort intresse f\u00f6r andlighet och tidigare liv, vilket hon \u00e4ven skriver om i sin bok Od\u00f6dligt s\u00f6kande. Hon driver ocks\u00e5 sitt eget f\u00f6rlag, PW Publishing, och brinner f\u00f6r att hj\u00e4lpa m\u00e4nniskor att hitta sin v\u00e4g och tro p\u00e5 att allt \u00e4r m\u00f6jligt.<\/p>\t\t\t\t\t\t\t\t<\/div>\n\t\t\t\t<\/div>\n\t\t\t\t\t<\/div>\n\t\t<\/div>\n\t\t\t\t<div class=\"elementor-column elementor-col-50 elementor-top-column elementor-element elementor-element-460ed331\" data-id=\"460ed331\" data-element_type=\"column\" data-e-type=\"column\">\n\t\t\t<div class=\"elementor-widget-wrap elementor-element-populated\">\n\t\t\t\t\t\t<div class=\"elementor-element elementor-element-37e47e12 elementor-widget elementor-widget-text-editor\" data-id=\"37e47e12\" data-element_type=\"widget\" data-e-type=\"widget\" data-widget_type=\"text-editor.default\">\n\t\t\t\t<div class=\"elementor-widget-container\">\n\t\t\t\t\t\t\t\t\t<p>Mikael har en bakgrund inom extremsport och har jobbat som professionell kitesurfare. Med en utbildning inom biomedicin fokuserar han nu p\u00e5 healing och l\u00e4kning f\u00f6r b\u00e5de djur och m\u00e4nniskor, samt erbjuder massage, r\u00f6dljusterapi, meditation, yoga och coachning.<\/p><p>V\u00e4lkommen till en podcast som f\u00f6renar andlighet och vardag \u2013 en plattform f\u00f6r personlig och andlig utveckling!<\/p>\t\t\t\t\t\t\t\t<\/div>\n\t\t\t\t<\/div>\n\t\t\t\t\t<\/div>\n\t\t<\/div>\n\t\t\t\t\t<\/div>\n\t\t<\/section>\n\t\t\t\t<section class=\"elementor-section elementor-top-section elementor-element elementor-element-44ac145e elementor-section-boxed elementor-section-height-default elementor-section-height-default wpr-particle-no wpr-jarallax-no wpr-parallax-no wpr-sticky-section-no wpr-column-slider-no wpr-equal-height-no\" data-id=\"44ac145e\" data-element_type=\"section\" data-e-type=\"section\">\n\t\t\t\t\t\t<div class=\"elementor-container elementor-column-gap-default\">\n\t\t\t\t\t<div class=\"elementor-column elementor-col-100 elementor-top-column elementor-element elementor-element-4fd92c92\" data-id=\"4fd92c92\" data-element_type=\"column\" data-e-type=\"column\">\n\t\t\t<div class=\"elementor-widget-wrap elementor-element-populated\">\n\t\t\t\t\t\t<div class=\"elementor-element elementor-element-721ce6ad elementor-widget-divider--view-line elementor-widget elementor-widget-divider\" data-id=\"721ce6ad\" data-element_type=\"widget\" data-e-type=\"widget\" data-widget_type=\"divider.default\">\n\t\t\t\t<div class=\"elementor-widget-container\">\n\t\t\t\t\t\t\t<div class=\"elementor-divider\">\n\t\t\t<span class=\"elementor-divider-separator\">\n\t\t\t\t\t\t<\/span>\n\t\t<\/div>\n\t\t\t\t\t\t<\/div>\n\t\t\t\t<\/div>\n\t\t\t\t<section class=\"elementor-section elementor-inner-section elementor-element elementor-element-72490a2b elementor-section-boxed elementor-section-height-default elementor-section-height-default wpr-particle-no wpr-jarallax-no wpr-parallax-no wpr-sticky-section-no wpr-column-slider-no wpr-equal-height-no\" data-id=\"72490a2b\" data-element_type=\"section\" data-e-type=\"section\">\n\t\t\t\t\t\t<div class=\"elementor-container elementor-column-gap-default\">\n\t\t\t\t\t<div class=\"elementor-column elementor-col-100 elementor-inner-column elementor-element elementor-element-4cbd1f50\" data-id=\"4cbd1f50\" data-element_type=\"column\" data-e-type=\"column\">\n\t\t\t<div class=\"elementor-widget-wrap elementor-element-populated\">\n\t\t\t\t\t\t<div class=\"elementor-element elementor-element-19ce4cc6 elementor-widget elementor-widget-heading\" data-id=\"19ce4cc6\" data-element_type=\"widget\" data-e-type=\"widget\" data-widget_type=\"heading.default\">\n\t\t\t\t<div class=\"elementor-widget-container\">\n\t\t\t\t\t<h2 class=\"elementor-heading-title elementor-size-default\">Where to find us<\/h2>\t\t\t\t<\/div>\n\t\t\t\t<\/div>\n\t\t\t\t<div class=\"elementor-element elementor-element-73050dc elementor-widget elementor-widget-text-editor\" data-id=\"73050dc\" data-element_type=\"widget\" data-e-type=\"widget\" data-widget_type=\"text-editor.default\">\n\t\t\t\t<div class=\"elementor-widget-container\">\n\t\t\t\t\t\t\t\t\t<p dir=\"ltr\" data-test-bidi=\"\"><a href=\"https:\/\/www.youtube.com\/@powerwithinconcept\" target=\"_blank\" rel=\"noopener\">YouTube<\/a><\/p><p dir=\"ltr\" data-test-bidi=\"\"><a href=\"https:\/\/podcasts.apple.com\/se\/podcast\/power-within-podcast\/id1688582393\" target=\"_blank\" rel=\"noopener\">Apple podcast<\/a><\/p><p dir=\"ltr\" data-test-bidi=\"\"><a href=\"https:\/\/open.spotify.com\/show\/2sTwfuMpsjl0FYF5hPcBOG?si=75748ed58c4d4bac\" target=\"_blank\" rel=\"noopener\">Spotify<\/a><\/p><p dir=\"ltr\" data-test-bidi=\"\"><a href=\"https:\/\/poddtoppen.se\/podcast\/1688582393\/power-within-podcast\" target=\"_blank\" rel=\"noopener\">Poddtoppen.se<\/a><\/p><p dir=\"ltr\" data-test-bidi=\"\"><a href=\"https:\/\/shows.acast.com\/power-within-podcast\" target=\"_blank\" rel=\"noopener\">Acast<\/a><\/p><p dir=\"ltr\" data-test-bidi=\"\"><a href=\"https:\/\/podcasts.google.com\/feed\/aHR0cHM6Ly9mZWVkcy5hY2FzdC5jb20vcHVibGljL3Nob3dzL3Bvd2VyLXdpdGhpbi1wb2RjYXN0\" target=\"_blank\" rel=\"noopener\">Google<\/a><\/p>\t\t\t\t\t\t\t\t<\/div>\n\t\t\t\t<\/div>\n\t\t\t\t\t<\/div>\n\t\t<\/div>\n\t\t\t\t\t<\/div>\n\t\t<\/section>\n\t\t\t\t\t<\/div>\n\t\t<\/div>\n\t\t\t\t\t<\/div>\n\t\t<\/section>\n\t\t\t\t<section class=\"elementor-section elementor-top-section elementor-element elementor-element-16c28cd7 elementor-section-boxed elementor-section-height-default elementor-section-height-default wpr-particle-no wpr-jarallax-no wpr-parallax-no wpr-sticky-section-no wpr-column-slider-no wpr-equal-height-no\" data-id=\"16c28cd7\" data-element_type=\"section\" data-e-type=\"section\">\n\t\t\t\t\t\t<div class=\"elementor-container elementor-column-gap-default\">\n\t\t\t\t\t<div class=\"elementor-column elementor-col-100 elementor-top-column elementor-element elementor-element-348c40a8\" data-id=\"348c40a8\" data-element_type=\"column\" data-e-type=\"column\">\n\t\t\t<div class=\"elementor-widget-wrap elementor-element-populated\">\n\t\t\t\t\t\t<div class=\"elementor-element elementor-element-67556b84 elementor-widget-divider--view-line elementor-widget elementor-widget-divider\" data-id=\"67556b84\" data-element_type=\"widget\" data-e-type=\"widget\" data-widget_type=\"divider.default\">\n\t\t\t\t<div class=\"elementor-widget-container\">\n\t\t\t\t\t\t\t<div class=\"elementor-divider\">\n\t\t\t<span class=\"elementor-divider-separator\">\n\t\t\t\t\t\t<\/span>\n\t\t<\/div>\n\t\t\t\t\t\t<\/div>\n\t\t\t\t<\/div>\n\t\t\t\t\t<\/div>\n\t\t<\/div>\n\t\t\t\t\t<\/div>\n\t\t<\/section>\n\t\t\t\t<\/div>","protected":false},"excerpt":{"rendered":"<p>Power Within Podcast En podcast om h\u00e4lsa, andlighet och personlig utveckling Power Within Podcast Om V\u00e4lkommen till Power Within-podden \u2013 en podcast om medvetenhet, inre styrka och personlig utveckling. Jag \u00e4r din v\u00e4rd, Elin Pehrsson, och tillsammans med min partner Mikael Dabrowski utforskar vi h\u00e4lsa, andlighet och sj\u00e4lvinsikt. Genom insiktsfulla samtal vill vi inspirera dig att v\u00e4xa, f\u00f6rst\u00e5 dig sj\u00e4lv p\u00e5 djupet och hitta din\u00a0power within. Elin \u00e4r f\u00f6rfattare, healer och livscoach med ett stort intresse f\u00f6r andlighet och tidigare liv, vilket hon \u00e4ven skriver om i sin bok Od\u00f6dligt s\u00f6kande. Hon driver ocks\u00e5 sitt eget f\u00f6rlag, PW Publishing, och brinner f\u00f6r att hj\u00e4lpa m\u00e4nniskor att hitta sin v\u00e4g och tro p\u00e5 att allt \u00e4r m\u00f6jligt. Mikael har en bakgrund inom extremsport och har jobbat som professionell kitesurfare. Med en utbildning inom biomedicin fokuserar han nu p\u00e5 healing och l\u00e4kning f\u00f6r b\u00e5de djur och m\u00e4nniskor, samt erbjuder massage, r\u00f6dljusterapi, meditation, yoga och coachning. V\u00e4lkommen till en podcast som f\u00f6renar andlighet och vardag \u2013 en plattform f\u00f6r personlig och andlig utveckling! H\u00e4r hittar du oss YouTube Apple podcast Spotify Poddtoppen.se Acast Google<\/p>","protected":false},"author":1,"featured_media":0,"parent":0,"menu_order":0,"comment_status":"closed","ping_status":"closed","template":"","meta":{"_eb_attr":"","footnotes":""},"class_list":["post-194","page","type-page","status-publish","hentry"],"yoast_head":"<!-- This site is optimized with the Yoast SEO plugin v27.6 - https:\/\/yoast.com\/product\/yoast-seo-wordpress\/ -->\n<title>Power Within Podcast - Power Within Concept<\/title>\n<meta name=\"description\" content=\"Power Within Podcast - Elin Pehrsson och Mikael Dabrowski f\u00f6rdjupar sig i personlig utveckling, andlighet, tidigare liv och mycket mer.\" \/>\n<meta name=\"robots\" content=\"index, follow, max-snippet:-1, max-image-preview:large, max-video-preview:-1\" \/>\n<link rel=\"canonical\" href=\"https:\/\/powerwithinconcept.com\/en\/power-within-podcast\/\" \/>\n<meta property=\"og:locale\" content=\"en_GB\" \/>\n<meta property=\"og:type\" content=\"article\" \/>\n<meta property=\"og:title\" content=\"Power Within Podcast - Power Within Concept\" \/>\n<meta property=\"og:description\" content=\"Power Within Podcast - Elin Pehrsson och Mikael Dabrowski f\u00f6rdjupar sig i personlig utveckling, andlighet, tidigare liv och mycket mer.\" \/>\n<meta property=\"og:url\" content=\"https:\/\/powerwithinconcept.com\/en\/power-within-podcast\/\" \/>\n<meta property=\"og:site_name\" content=\"Power Within Concept\" \/>\n<meta property=\"article:modified_time\" content=\"2025-05-15T14:20:03+00:00\" \/>\n<meta property=\"og:image\" content=\"https:\/\/powerwithinconcept.com\/wp-content\/uploads\/2023\/10\/PWC-logo.png\" \/>\n\t<meta property=\"og:image:width\" content=\"3000\" \/>\n\t<meta property=\"og:image:height\" content=\"3000\" \/>\n\t<meta property=\"og:image:type\" content=\"image\/png\" \/>\n<meta name=\"twitter:card\" content=\"summary_large_image\" \/>\n<meta name=\"twitter:label1\" content=\"Estimated reading time\" \/>\n\t<meta name=\"twitter:data1\" content=\"1 minute\" \/>\n<script type=\"application\/ld+json\" class=\"yoast-schema-graph\">{\"@context\":\"https:\\\/\\\/schema.org\",\"@graph\":[{\"@type\":\"WebPage\",\"@id\":\"https:\\\/\\\/powerwithinconcept.com\\\/power-within-podcast\\\/\",\"url\":\"https:\\\/\\\/powerwithinconcept.com\\\/power-within-podcast\\\/\",\"name\":\"Power Within Podcast - Power Within Concept\",\"isPartOf\":{\"@id\":\"https:\\\/\\\/powerwithinconcept.com\\\/#website\"},\"datePublished\":\"2023-07-23T12:19:58+00:00\",\"dateModified\":\"2025-05-15T14:20:03+00:00\",\"description\":\"Power Within Podcast - Elin Pehrsson och Mikael Dabrowski f\u00f6rdjupar sig i personlig utveckling, andlighet, tidigare liv och mycket mer.\",\"breadcrumb\":{\"@id\":\"https:\\\/\\\/powerwithinconcept.com\\\/power-within-podcast\\\/#breadcrumb\"},\"inLanguage\":\"en-GB\",\"potentialAction\":[{\"@type\":\"ReadAction\",\"target\":[\"https:\\\/\\\/powerwithinconcept.com\\\/power-within-podcast\\\/\"]}]},{\"@type\":\"BreadcrumbList\",\"@id\":\"https:\\\/\\\/powerwithinconcept.com\\\/power-within-podcast\\\/#breadcrumb\",\"itemListElement\":[{\"@type\":\"ListItem\",\"position\":1,\"name\":\"Hem\",\"item\":\"https:\\\/\\\/powerwithinconcept.com\\\/\"},{\"@type\":\"ListItem\",\"position\":2,\"name\":\"PW Podcast\"}]},{\"@type\":\"WebSite\",\"@id\":\"https:\\\/\\\/powerwithinconcept.com\\\/#website\",\"url\":\"https:\\\/\\\/powerwithinconcept.com\\\/\",\"name\":\"Power Within Concept\",\"description\":\"Healing, Spiritual Life Coaching &amp; Frekvensterapi\",\"publisher\":{\"@id\":\"https:\\\/\\\/powerwithinconcept.com\\\/#organization\"},\"alternateName\":\"Power Within\",\"potentialAction\":[{\"@type\":\"SearchAction\",\"target\":{\"@type\":\"EntryPoint\",\"urlTemplate\":\"https:\\\/\\\/powerwithinconcept.com\\\/?s={search_term_string}\"},\"query-input\":{\"@type\":\"PropertyValueSpecification\",\"valueRequired\":true,\"valueName\":\"search_term_string\"}}],\"inLanguage\":\"en-GB\"},{\"@type\":\"Organization\",\"@id\":\"https:\\\/\\\/powerwithinconcept.com\\\/#organization\",\"name\":\"Power Within Concept\",\"alternateName\":\"Power Within\",\"url\":\"https:\\\/\\\/powerwithinconcept.com\\\/\",\"logo\":{\"@type\":\"ImageObject\",\"inLanguage\":\"en-GB\",\"@id\":\"https:\\\/\\\/powerwithinconcept.com\\\/#\\\/schema\\\/logo\\\/image\\\/\",\"url\":\"https:\\\/\\\/powerwithinconcept.com\\\/wp-content\\\/uploads\\\/2023\\\/10\\\/PWC-logo-transparent.png\",\"contentUrl\":\"https:\\\/\\\/powerwithinconcept.com\\\/wp-content\\\/uploads\\\/2023\\\/10\\\/PWC-logo-transparent.png\",\"width\":3000,\"height\":3000,\"caption\":\"Power Within Concept\"},\"image\":{\"@id\":\"https:\\\/\\\/powerwithinconcept.com\\\/#\\\/schema\\\/logo\\\/image\\\/\"},\"sameAs\":[\"https:\\\/\\\/www.instagram.com\\\/powerwithinconcept\\\/\"]}]}<\/script>\n<!-- \/ Yoast SEO plugin. -->","yoast_head_json":{"title":"Power Within Podcast - Power Within Concept","description":"Power Within Podcast - Elin Pehrsson och Mikael Dabrowski f\u00f6rdjupar sig i personlig utveckling, andlighet, tidigare liv och mycket mer.","robots":{"index":"index","follow":"follow","max-snippet":"max-snippet:-1","max-image-preview":"max-image-preview:large","max-video-preview":"max-video-preview:-1"},"canonical":"https:\/\/powerwithinconcept.com\/en\/power-within-podcast\/","og_locale":"en_GB","og_type":"article","og_title":"Power Within Podcast - Power Within Concept","og_description":"Power Within Podcast - Elin Pehrsson och Mikael Dabrowski f\u00f6rdjupar sig i personlig utveckling, andlighet, tidigare liv och mycket mer.","og_url":"https:\/\/powerwithinconcept.com\/en\/power-within-podcast\/","og_site_name":"Power Within Concept","article_modified_time":"2025-05-15T14:20:03+00:00","og_image":[{"width":3000,"height":3000,"url":"https:\/\/powerwithinconcept.com\/wp-content\/uploads\/2023\/10\/PWC-logo.png","type":"image\/png"}],"twitter_card":"summary_large_image","twitter_misc":{"Estimated reading time":"1 minute"},"schema":{"@context":"https:\/\/schema.org","@graph":[{"@type":"WebPage","@id":"https:\/\/powerwithinconcept.com\/power-within-podcast\/","url":"https:\/\/powerwithinconcept.com\/power-within-podcast\/","name":"Power Within Podcast - Power Within Concept","isPartOf":{"@id":"https:\/\/powerwithinconcept.com\/#website"},"datePublished":"2023-07-23T12:19:58+00:00","dateModified":"2025-05-15T14:20:03+00:00","description":"Power Within Podcast - Elin Pehrsson och Mikael Dabrowski f\u00f6rdjupar sig i personlig utveckling, andlighet, tidigare liv och mycket mer.","breadcrumb":{"@id":"https:\/\/powerwithinconcept.com\/power-within-podcast\/#breadcrumb"},"inLanguage":"en-GB","potentialAction":[{"@type":"ReadAction","target":["https:\/\/powerwithinconcept.com\/power-within-podcast\/"]}]},{"@type":"BreadcrumbList","@id":"https:\/\/powerwithinconcept.com\/power-within-podcast\/#breadcrumb","itemListElement":[{"@type":"ListItem","position":1,"name":"Hem","item":"https:\/\/powerwithinconcept.com\/"},{"@type":"ListItem","position":2,"name":"PW Podcast"}]},{"@type":"WebSite","@id":"https:\/\/powerwithinconcept.com\/#website","url":"https:\/\/powerwithinconcept.com\/","name":"Power Within Concept","description":"Healing, Spiritual Life Coaching &amp; Frekvensterapi","publisher":{"@id":"https:\/\/powerwithinconcept.com\/#organization"},"alternateName":"Power Within","potentialAction":[{"@type":"SearchAction","target":{"@type":"EntryPoint","urlTemplate":"https:\/\/powerwithinconcept.com\/?s={search_term_string}"},"query-input":{"@type":"PropertyValueSpecification","valueRequired":true,"valueName":"search_term_string"}}],"inLanguage":"en-GB"},{"@type":"Organization","@id":"https:\/\/powerwithinconcept.com\/#organization","name":"Power Within Concept","alternateName":"Power Within","url":"https:\/\/powerwithinconcept.com\/","logo":{"@type":"ImageObject","inLanguage":"en-GB","@id":"https:\/\/powerwithinconcept.com\/#\/schema\/logo\/image\/","url":"https:\/\/powerwithinconcept.com\/wp-content\/uploads\/2023\/10\/PWC-logo-transparent.png","contentUrl":"https:\/\/powerwithinconcept.com\/wp-content\/uploads\/2023\/10\/PWC-logo-transparent.png","width":3000,"height":3000,"caption":"Power Within Concept"},"image":{"@id":"https:\/\/powerwithinconcept.com\/#\/schema\/logo\/image\/"},"sameAs":["https:\/\/www.instagram.com\/powerwithinconcept\/"]}]}},"jetpack_sharing_enabled":true,"_links":{"self":[{"href":"https:\/\/powerwithinconcept.com\/en\/wp-json\/wp\/v2\/pages\/194","targetHints":{"allow":["GET"]}}],"collection":[{"href":"https:\/\/powerwithinconcept.com\/en\/wp-json\/wp\/v2\/pages"}],"about":[{"href":"https:\/\/powerwithinconcept.com\/en\/wp-json\/wp\/v2\/types\/page"}],"author":[{"embeddable":true,"href":"https:\/\/powerwithinconcept.com\/en\/wp-json\/wp\/v2\/users\/1"}],"replies":[{"embeddable":true,"href":"https:\/\/powerwithinconcept.com\/en\/wp-json\/wp\/v2\/comments?post=194"}],"version-history":[{"count":49,"href":"https:\/\/powerwithinconcept.com\/en\/wp-json\/wp\/v2\/pages\/194\/revisions"}],"predecessor-version":[{"id":2478,"href":"https:\/\/powerwithinconcept.com\/en\/wp-json\/wp\/v2\/pages\/194\/revisions\/2478"}],"wp:attachment":[{"href":"https:\/\/powerwithinconcept.com\/en\/wp-json\/wp\/v2\/media?parent=194"}],"curies":[{"name":"wp","href":"https:\/\/api.w.org\/{rel}","templated":true}]}}