{"id":1963,"date":"2023-11-11T14:02:44","date_gmt":"2023-11-11T14:02:44","guid":{"rendered":"https:\/\/powerwithinconcept.com\/?page_id=1963"},"modified":"2023-11-11T14:05:30","modified_gmt":"2023-11-11T14:05:30","slug":"integritetspolicy","status":"publish","type":"page","link":"https:\/\/powerwithinconcept.com\/en\/integritetspolicy\/","title":{"rendered":"Privacy policy"},"content":{"rendered":"<div data-elementor-type=\"wp-page\" data-elementor-id=\"1963\" class=\"elementor elementor-1963\">\n\t\t\t\t\t\t<section class=\"elementor-section elementor-top-section elementor-element elementor-element-163ef9c6 elementor-section-full_width elementor-section-height-default elementor-section-height-default wpr-particle-no wpr-jarallax-no wpr-parallax-no wpr-sticky-section-no wpr-column-slider-no wpr-equal-height-no\" data-id=\"163ef9c6\" data-element_type=\"section\" data-e-type=\"section\" id=\"next\">\n\t\t\t\t\t\t<div class=\"elementor-container elementor-column-gap-no\">\n\t\t\t\t\t<div class=\"elementor-column elementor-col-100 elementor-top-column elementor-element elementor-element-62674d6c\" data-id=\"62674d6c\" data-element_type=\"column\" data-e-type=\"column\">\n\t\t\t<div class=\"elementor-widget-wrap elementor-element-populated\">\n\t\t\t\t\t\t<div class=\"elementor-element elementor-element-600644b1 elementor-widget elementor-widget-heading\" data-id=\"600644b1\" data-element_type=\"widget\" data-e-type=\"widget\" data-widget_type=\"heading.default\">\n\t\t\t\t<div class=\"elementor-widget-container\">\n\t\t\t\t\t<h3 class=\"elementor-heading-title elementor-size-default\">Privacy policy<\/h3>\t\t\t\t<\/div>\n\t\t\t\t<\/div>\n\t\t\t\t\t<\/div>\n\t\t<\/div>\n\t\t\t\t\t<\/div>\n\t\t<\/section>\n\t\t\t\t<section class=\"elementor-section elementor-top-section elementor-element elementor-element-74f50b1c elementor-section-full_width elementor-section-content-middle elementor-reverse-tablet elementor-reverse-mobile elementor-section-height-default elementor-section-height-default wpr-particle-no wpr-jarallax-no wpr-parallax-no wpr-sticky-section-no wpr-column-slider-no wpr-equal-height-no\" data-id=\"74f50b1c\" data-element_type=\"section\" data-e-type=\"section\" data-settings=\"{&quot;background_background&quot;:&quot;classic&quot;}\">\n\t\t\t\t\t\t<div class=\"elementor-container elementor-column-gap-no\">\n\t\t\t\t\t<div class=\"elementor-column elementor-col-100 elementor-top-column elementor-element elementor-element-22cfd5c5\" data-id=\"22cfd5c5\" data-element_type=\"column\" data-e-type=\"column\" data-settings=\"{&quot;background_background&quot;:&quot;classic&quot;}\">\n\t\t\t<div class=\"elementor-widget-wrap elementor-element-populated\">\n\t\t\t\t\t\t<div class=\"elementor-element elementor-element-54b082d6 elementor-widget elementor-widget-heading\" data-id=\"54b082d6\" data-element_type=\"widget\" data-e-type=\"widget\" data-widget_type=\"heading.default\">\n\t\t\t\t<div class=\"elementor-widget-container\">\n\t\t\t\t\t<h2 class=\"elementor-heading-title elementor-size-default\">1. Insamling av information\u00a0<\/h2>\t\t\t\t<\/div>\n\t\t\t\t<\/div>\n\t\t\t\t<div class=\"elementor-element elementor-element-12b57292 elementor-widget elementor-widget-text-editor\" data-id=\"12b57292\" data-element_type=\"widget\" data-e-type=\"widget\" data-widget_type=\"text-editor.default\">\n\t\t\t\t<div class=\"elementor-widget-container\">\n\t\t\t\t\t\t\t\t\t<p>Vi samlar in information fr\u00e5n dig n\u00e4r du registrerar dig p\u00e5 v\u00e5r webbplats, loggar in p\u00e5 ditt konto, g\u00f6r ett k\u00f6p, deltar i en t\u00e4vling och\/eller n\u00e4r du loggar ut. Den insamlade informationen inkluderar ditt namn, din e-postadress, ditt telefonnummer och\/eller kreditkort. Dessutom tar vi automatiskt emot och sparar information fr\u00e5n din dator och webbl\u00e4sare, inklusive din IP-adress, uppgifter om programvara och h\u00e5rdvara och den beg\u00e4rda sidan.\u00a0<\/p>\t\t\t\t\t\t\t\t<\/div>\n\t\t\t\t<\/div>\n\t\t\t\t<div class=\"elementor-element elementor-element-478f3b84 elementor-widget elementor-widget-heading\" data-id=\"478f3b84\" data-element_type=\"widget\" data-e-type=\"widget\" data-widget_type=\"heading.default\">\n\t\t\t\t<div class=\"elementor-widget-container\">\n\t\t\t\t\t<h2 class=\"elementor-heading-title elementor-size-default\">\u00a02. Anv\u00e4ndning av information\u00a0<\/h2>\t\t\t\t<\/div>\n\t\t\t\t<\/div>\n\t\t\t\t<div class=\"elementor-element elementor-element-7018f64c elementor-widget elementor-widget-text-editor\" data-id=\"7018f64c\" data-element_type=\"widget\" data-e-type=\"widget\" data-widget_type=\"text-editor.default\">\n\t\t\t\t<div class=\"elementor-widget-container\">\n\t\t\t\t\t\t\t\t\t<p><!-- \/wp:paragraph --><!-- wp:paragraph --><\/p>\n<p><!-- \/wp:paragraph --><!-- wp:paragraph --><\/p>\n<p><!-- \/wp:paragraph --><!-- wp:paragraph --><\/p>\n<p>Den information vi samlar in fr\u00e5n dig kan anv\u00e4ndas f\u00f6r att: G\u00f6ra din upplevelse personlig och tillgodose dina personliga behov, tillhandah\u00e5lla anpassade annonser, f\u00f6rb\u00e4ttra v\u00e5r hemsida, f\u00f6rb\u00e4ttra v\u00e5r kundservice och ditt behov av hj\u00e4lp, kontakta dig via e-post, administrera en t\u00e4vling, ett erbjudande eller en unders\u00f6kning.\u00a0<\/p>\t\t\t\t\t\t\t\t<\/div>\n\t\t\t\t<\/div>\n\t\t\t\t<div class=\"elementor-element elementor-element-792f1557 elementor-widget elementor-widget-heading\" data-id=\"792f1557\" data-element_type=\"widget\" data-e-type=\"widget\" data-widget_type=\"heading.default\">\n\t\t\t\t<div class=\"elementor-widget-container\">\n\t\t\t\t\t<h2 class=\"elementor-heading-title elementor-size-default\">3. E-handelss\u00e4kerhet\u00a0<\/h2>\t\t\t\t<\/div>\n\t\t\t\t<\/div>\n\t\t\t\t<div class=\"elementor-element elementor-element-5d296e9f elementor-widget elementor-widget-text-editor\" data-id=\"5d296e9f\" data-element_type=\"widget\" data-e-type=\"widget\" data-widget_type=\"text-editor.default\">\n\t\t\t\t<div class=\"elementor-widget-container\">\n\t\t\t\t\t\t\t\t\t<p>Din personligt identifierbara information kommer inte att s\u00e4ljas, utbytas, \u00f6verf\u00f6ras eller delas vidare till n\u00e5got annat f\u00f6retag, i n\u00e5got syfte, utan ditt samtycke, f\u00f6rutom d\u00e5 s\u00e5 kr\u00e4vs f\u00f6r att uppfylla en beg\u00e4ran och\/eller \u00f6verf\u00f6ring, t.ex. f\u00f6r att skicka en best\u00e4llning.\u00a0<\/p>\t\t\t\t\t\t\t\t<\/div>\n\t\t\t\t<\/div>\n\t\t\t\t<div class=\"elementor-element elementor-element-5a7e0b04 elementor-widget elementor-widget-heading\" data-id=\"5a7e0b04\" data-element_type=\"widget\" data-e-type=\"widget\" data-widget_type=\"heading.default\">\n\t\t\t\t<div class=\"elementor-widget-container\">\n\t\t\t\t\t<h2 class=\"elementor-heading-title elementor-size-default\">4. Utl\u00e4mnande till tredje part\u00a0<\/h2>\t\t\t\t<\/div>\n\t\t\t\t<\/div>\n\t\t\t\t<div class=\"elementor-element elementor-element-70510057 elementor-widget elementor-widget-text-editor\" data-id=\"70510057\" data-element_type=\"widget\" data-e-type=\"widget\" data-widget_type=\"text-editor.default\">\n\t\t\t\t<div class=\"elementor-widget-container\">\n\t\t\t\t\t\t\t\t\t<p><!-- \/wp:paragraph --><!-- wp:paragraph --><\/p>\n<p>Vi s\u00e4ljer, handlar, eller p\u00e5 annat s\u00e4tt \u00f6verf\u00f6r, inte personligt identifierbar information till utomst\u00e5ende parter. Detta inkluderar inte betrodd tredjepart som hj\u00e4lper oss att driva v\u00e5r webbplats eller v\u00e5rt f\u00f6retag, med kravet att dessa parter godk\u00e4nner att h\u00e5lla informationen konfidentiell. Vi anser att det \u00e4r n\u00f6dv\u00e4ndigt att dela information i syfte att unders\u00f6ka, f\u00f6rhindra eller vidta \u00e5tg\u00e4rder mot illegala aktiviteter, misst\u00e4nkt bedr\u00e4geri, situationer som medf\u00f6r en potentiell risk f\u00f6r en persons fysiska s\u00e4kerhet, brott mot v\u00e5ra anv\u00e4ndarvillkor eller andra tillf\u00e4llen d\u00e5 lagen kr\u00e4ver s\u00e5. Allm\u00e4nna uppgifter kan dock delas vidare till utomst\u00e5ende parter f\u00f6r marknadsf\u00f6ring, i annonssyfte eller andra \u00e4ndam\u00e5l.\u00a0<\/p>\t\t\t\t\t\t\t\t<\/div>\n\t\t\t\t<\/div>\n\t\t\t\t<div class=\"elementor-element elementor-element-37353385 elementor-widget elementor-widget-heading\" data-id=\"37353385\" data-element_type=\"widget\" data-e-type=\"widget\" data-widget_type=\"heading.default\">\n\t\t\t\t<div class=\"elementor-widget-container\">\n\t\t\t\t\t<h2 class=\"elementor-heading-title elementor-size-default\">\u00a05. Avsluta prenumeration<\/h2>\t\t\t\t<\/div>\n\t\t\t\t<\/div>\n\t\t\t\t<div class=\"elementor-element elementor-element-41dc3918 elementor-widget elementor-widget-text-editor\" data-id=\"41dc3918\" data-element_type=\"widget\" data-e-type=\"widget\" data-widget_type=\"text-editor.default\">\n\t\t\t\t<div class=\"elementor-widget-container\">\n\t\t\t\t\t\t\t\t\t<p><!-- \/wp:paragraph --><!-- wp:paragraph --><\/p><p><!-- \/wp:paragraph --><!-- wp:paragraph --><\/p><p>Vi anv\u00e4nder den e-postadress du f\u00f6rser oss med f\u00f6r att skicka information och uppdateringar som ang\u00e5r din best\u00e4llning, enstaka nyhetsbrev, relaterad produktinformation etc. Om du inte l\u00e4ngre vill ta emot s\u00e5dana meddelanden ber vi dig meddela detta genom att skicka ett mail till info@powerwithinconcept.com<\/p>\t\t\t\t\t\t\t\t<\/div>\n\t\t\t\t<\/div>\n\t\t\t\t<div class=\"elementor-element elementor-element-6443d4f0 elementor-widget elementor-widget-heading\" data-id=\"6443d4f0\" data-element_type=\"widget\" data-e-type=\"widget\" data-widget_type=\"heading.default\">\n\t\t\t\t<div class=\"elementor-widget-container\">\n\t\t\t\t\t<h2 class=\"elementor-heading-title elementor-size-default\">6. Samtycke<\/h2>\t\t\t\t<\/div>\n\t\t\t\t<\/div>\n\t\t\t\t<div class=\"elementor-element elementor-element-4553cb45 elementor-widget elementor-widget-text-editor\" data-id=\"4553cb45\" data-element_type=\"widget\" data-e-type=\"widget\" data-widget_type=\"text-editor.default\">\n\t\t\t\t<div class=\"elementor-widget-container\">\n\t\t\t\t\t\t\t\t\t<p><!-- \/wp:paragraph --><!-- wp:paragraph --><\/p>\n<p>Genom att anv\u00e4nda v\u00e5r webbplats godk\u00e4nner du v\u00e5r integritetspolicy.<\/p>\t\t\t\t\t\t\t\t<\/div>\n\t\t\t\t<\/div>\n\t\t\t\t\t<\/div>\n\t\t<\/div>\n\t\t\t\t\t<\/div>\n\t\t<\/section>\n\t\t\t\t<\/div>","protected":false},"excerpt":{"rendered":"<p>Integritetspolicy 1. Insamling av information\u00a0 Vi samlar in information fr\u00e5n dig n\u00e4r du registrerar dig p\u00e5 v\u00e5r webbplats, loggar in p\u00e5 ditt konto, g\u00f6r ett k\u00f6p, deltar i en t\u00e4vling och\/eller n\u00e4r du loggar ut. Den insamlade informationen inkluderar ditt namn, din e-postadress, ditt telefonnummer och\/eller kreditkort. Dessutom tar vi automatiskt emot och sparar information fr\u00e5n din dator och webbl\u00e4sare, inklusive din IP-adress, uppgifter om programvara och h\u00e5rdvara och den beg\u00e4rda sidan.\u00a0 \u00a02. Anv\u00e4ndning av information\u00a0 Den information vi samlar in fr\u00e5n dig kan anv\u00e4ndas f\u00f6r att: G\u00f6ra din upplevelse personlig och tillgodose dina personliga behov, tillhandah\u00e5lla anpassade annonser, f\u00f6rb\u00e4ttra v\u00e5r hemsida, f\u00f6rb\u00e4ttra v\u00e5r kundservice och ditt behov av hj\u00e4lp, kontakta dig via e-post, administrera en t\u00e4vling, ett erbjudande eller en unders\u00f6kning.\u00a0 3. E-handelss\u00e4kerhet\u00a0 Din personligt identifierbara information kommer inte att s\u00e4ljas, utbytas, \u00f6verf\u00f6ras eller delas vidare till n\u00e5got annat f\u00f6retag, i n\u00e5got syfte, utan ditt samtycke, f\u00f6rutom d\u00e5 s\u00e5 kr\u00e4vs f\u00f6r att uppfylla en beg\u00e4ran och\/eller \u00f6verf\u00f6ring, t.ex. f\u00f6r att skicka en best\u00e4llning.\u00a0 4. Utl\u00e4mnande till tredje part\u00a0 Vi s\u00e4ljer, handlar, eller p\u00e5 annat s\u00e4tt \u00f6verf\u00f6r, inte personligt identifierbar information till utomst\u00e5ende parter. Detta inkluderar inte betrodd tredjepart som hj\u00e4lper oss att driva v\u00e5r webbplats eller v\u00e5rt f\u00f6retag, med kravet att dessa parter godk\u00e4nner att h\u00e5lla informationen konfidentiell. Vi anser att det \u00e4r n\u00f6dv\u00e4ndigt att dela information i syfte att unders\u00f6ka, f\u00f6rhindra eller vidta \u00e5tg\u00e4rder mot illegala aktiviteter, misst\u00e4nkt bedr\u00e4geri, situationer som medf\u00f6r en potentiell risk f\u00f6r en persons fysiska s\u00e4kerhet, brott mot v\u00e5ra anv\u00e4ndarvillkor eller andra tillf\u00e4llen d\u00e5 lagen kr\u00e4ver s\u00e5. Allm\u00e4nna uppgifter kan dock delas vidare till utomst\u00e5ende parter f\u00f6r marknadsf\u00f6ring, i annonssyfte eller andra \u00e4ndam\u00e5l.\u00a0 \u00a05. Avsluta prenumeration Vi anv\u00e4nder den e-postadress du f\u00f6rser oss med f\u00f6r att skicka information och uppdateringar som ang\u00e5r din best\u00e4llning, enstaka nyhetsbrev, relaterad produktinformation etc. Om du inte l\u00e4ngre vill ta emot s\u00e5dana meddelanden ber vi dig meddela detta genom att skicka ett mail till info@powerwithinconcept.com 6. Samtycke Genom att anv\u00e4nda v\u00e5r webbplats godk\u00e4nner du v\u00e5r integritetspolicy.<\/p>","protected":false},"author":1,"featured_media":0,"parent":0,"menu_order":0,"comment_status":"closed","ping_status":"closed","template":"","meta":{"_eb_attr":"","footnotes":""},"class_list":["post-1963","page","type-page","status-publish","hentry"],"yoast_head":"<!-- This site is optimized with the Yoast SEO plugin v27.6 - https:\/\/yoast.com\/product\/yoast-seo-wordpress\/ -->\n<title>Integritetspolicy - Power Within Concept<\/title>\n<meta name=\"robots\" content=\"index, follow, max-snippet:-1, max-image-preview:large, max-video-preview:-1\" \/>\n<link rel=\"canonical\" href=\"https:\/\/powerwithinconcept.com\/en\/integritetspolicy\/\" \/>\n<meta property=\"og:locale\" content=\"en_GB\" \/>\n<meta property=\"og:type\" content=\"article\" \/>\n<meta property=\"og:title\" content=\"Integritetspolicy - Power Within Concept\" \/>\n<meta property=\"og:description\" content=\"Integritetspolicy 1. Insamling av information\u00a0 Vi samlar in information fr\u00e5n dig n\u00e4r du registrerar dig p\u00e5 v\u00e5r webbplats, loggar in p\u00e5 ditt konto, g\u00f6r ett k\u00f6p, deltar i en t\u00e4vling och\/eller n\u00e4r du loggar ut. Den insamlade informationen inkluderar ditt namn, din e-postadress, ditt telefonnummer och\/eller kreditkort. Dessutom tar vi automatiskt emot och sparar information fr\u00e5n din dator och webbl\u00e4sare, inklusive din IP-adress, uppgifter om programvara och h\u00e5rdvara och den beg\u00e4rda sidan.\u00a0 \u00a02. Anv\u00e4ndning av information\u00a0 Den information vi samlar in fr\u00e5n dig kan anv\u00e4ndas f\u00f6r att: G\u00f6ra din upplevelse personlig och tillgodose dina personliga behov, tillhandah\u00e5lla anpassade annonser, f\u00f6rb\u00e4ttra v\u00e5r hemsida, f\u00f6rb\u00e4ttra v\u00e5r kundservice och ditt behov av hj\u00e4lp, kontakta dig via e-post, administrera en t\u00e4vling, ett erbjudande eller en unders\u00f6kning.\u00a0 3. E-handelss\u00e4kerhet\u00a0 Din personligt identifierbara information kommer inte att s\u00e4ljas, utbytas, \u00f6verf\u00f6ras eller delas vidare till n\u00e5got annat f\u00f6retag, i n\u00e5got syfte, utan ditt samtycke, f\u00f6rutom d\u00e5 s\u00e5 kr\u00e4vs f\u00f6r att uppfylla en beg\u00e4ran och\/eller \u00f6verf\u00f6ring, t.ex. f\u00f6r att skicka en best\u00e4llning.\u00a0 4. Utl\u00e4mnande till tredje part\u00a0 Vi s\u00e4ljer, handlar, eller p\u00e5 annat s\u00e4tt \u00f6verf\u00f6r, inte personligt identifierbar information till utomst\u00e5ende parter. Detta inkluderar inte betrodd tredjepart som hj\u00e4lper oss att driva v\u00e5r webbplats eller v\u00e5rt f\u00f6retag, med kravet att dessa parter godk\u00e4nner att h\u00e5lla informationen konfidentiell. Vi anser att det \u00e4r n\u00f6dv\u00e4ndigt att dela information i syfte att unders\u00f6ka, f\u00f6rhindra eller vidta \u00e5tg\u00e4rder mot illegala aktiviteter, misst\u00e4nkt bedr\u00e4geri, situationer som medf\u00f6r en potentiell risk f\u00f6r en persons fysiska s\u00e4kerhet, brott mot v\u00e5ra anv\u00e4ndarvillkor eller andra tillf\u00e4llen d\u00e5 lagen kr\u00e4ver s\u00e5. Allm\u00e4nna uppgifter kan dock delas vidare till utomst\u00e5ende parter f\u00f6r marknadsf\u00f6ring, i annonssyfte eller andra \u00e4ndam\u00e5l.\u00a0 \u00a05. Avsluta prenumeration Vi anv\u00e4nder den e-postadress du f\u00f6rser oss med f\u00f6r att skicka information och uppdateringar som ang\u00e5r din best\u00e4llning, enstaka nyhetsbrev, relaterad produktinformation etc. Om du inte l\u00e4ngre vill ta emot s\u00e5dana meddelanden ber vi dig meddela detta genom att skicka ett mail till info@powerwithinconcept.com 6. Samtycke Genom att anv\u00e4nda v\u00e5r webbplats godk\u00e4nner du v\u00e5r integritetspolicy.\" \/>\n<meta property=\"og:url\" content=\"https:\/\/powerwithinconcept.com\/en\/integritetspolicy\/\" \/>\n<meta property=\"og:site_name\" content=\"Power Within Concept\" \/>\n<meta property=\"article:modified_time\" content=\"2023-11-11T14:05:30+00:00\" \/>\n<meta property=\"og:image\" content=\"https:\/\/powerwithinconcept.com\/wp-content\/uploads\/2023\/10\/PWC-logo.png\" \/>\n\t<meta property=\"og:image:width\" content=\"3000\" \/>\n\t<meta property=\"og:image:height\" content=\"3000\" \/>\n\t<meta property=\"og:image:type\" content=\"image\/png\" \/>\n<meta name=\"twitter:card\" content=\"summary_large_image\" \/>\n<meta name=\"twitter:label1\" content=\"Estimated reading time\" \/>\n\t<meta name=\"twitter:data1\" content=\"2 minutes\" \/>\n<script type=\"application\/ld+json\" class=\"yoast-schema-graph\">{\"@context\":\"https:\\\/\\\/schema.org\",\"@graph\":[{\"@type\":\"WebPage\",\"@id\":\"https:\\\/\\\/powerwithinconcept.com\\\/integritetspolicy\\\/\",\"url\":\"https:\\\/\\\/powerwithinconcept.com\\\/integritetspolicy\\\/\",\"name\":\"Integritetspolicy - Power Within Concept\",\"isPartOf\":{\"@id\":\"https:\\\/\\\/powerwithinconcept.com\\\/#website\"},\"datePublished\":\"2023-11-11T14:02:44+00:00\",\"dateModified\":\"2023-11-11T14:05:30+00:00\",\"breadcrumb\":{\"@id\":\"https:\\\/\\\/powerwithinconcept.com\\\/integritetspolicy\\\/#breadcrumb\"},\"inLanguage\":\"en-GB\",\"potentialAction\":[{\"@type\":\"ReadAction\",\"target\":[\"https:\\\/\\\/powerwithinconcept.com\\\/integritetspolicy\\\/\"]}]},{\"@type\":\"BreadcrumbList\",\"@id\":\"https:\\\/\\\/powerwithinconcept.com\\\/integritetspolicy\\\/#breadcrumb\",\"itemListElement\":[{\"@type\":\"ListItem\",\"position\":1,\"name\":\"Hem\",\"item\":\"https:\\\/\\\/powerwithinconcept.com\\\/\"},{\"@type\":\"ListItem\",\"position\":2,\"name\":\"Integritetspolicy\"}]},{\"@type\":\"WebSite\",\"@id\":\"https:\\\/\\\/powerwithinconcept.com\\\/#website\",\"url\":\"https:\\\/\\\/powerwithinconcept.com\\\/\",\"name\":\"Power Within Concept\",\"description\":\"Healing, Spiritual Life Coaching &amp; Frekvensterapi\",\"publisher\":{\"@id\":\"https:\\\/\\\/powerwithinconcept.com\\\/#organization\"},\"alternateName\":\"Power Within\",\"potentialAction\":[{\"@type\":\"SearchAction\",\"target\":{\"@type\":\"EntryPoint\",\"urlTemplate\":\"https:\\\/\\\/powerwithinconcept.com\\\/?s={search_term_string}\"},\"query-input\":{\"@type\":\"PropertyValueSpecification\",\"valueRequired\":true,\"valueName\":\"search_term_string\"}}],\"inLanguage\":\"en-GB\"},{\"@type\":\"Organization\",\"@id\":\"https:\\\/\\\/powerwithinconcept.com\\\/#organization\",\"name\":\"Power Within Concept\",\"alternateName\":\"Power Within\",\"url\":\"https:\\\/\\\/powerwithinconcept.com\\\/\",\"logo\":{\"@type\":\"ImageObject\",\"inLanguage\":\"en-GB\",\"@id\":\"https:\\\/\\\/powerwithinconcept.com\\\/#\\\/schema\\\/logo\\\/image\\\/\",\"url\":\"https:\\\/\\\/powerwithinconcept.com\\\/wp-content\\\/uploads\\\/2023\\\/10\\\/PWC-logo-transparent.png\",\"contentUrl\":\"https:\\\/\\\/powerwithinconcept.com\\\/wp-content\\\/uploads\\\/2023\\\/10\\\/PWC-logo-transparent.png\",\"width\":3000,\"height\":3000,\"caption\":\"Power Within Concept\"},\"image\":{\"@id\":\"https:\\\/\\\/powerwithinconcept.com\\\/#\\\/schema\\\/logo\\\/image\\\/\"},\"sameAs\":[\"https:\\\/\\\/www.instagram.com\\\/powerwithinconcept\\\/\"]}]}<\/script>\n<!-- \/ Yoast SEO plugin. -->","yoast_head_json":{"title":"Integritetspolicy - Power Within Concept","robots":{"index":"index","follow":"follow","max-snippet":"max-snippet:-1","max-image-preview":"max-image-preview:large","max-video-preview":"max-video-preview:-1"},"canonical":"https:\/\/powerwithinconcept.com\/en\/integritetspolicy\/","og_locale":"en_GB","og_type":"article","og_title":"Integritetspolicy - Power Within Concept","og_description":"Integritetspolicy 1. Insamling av information\u00a0 Vi samlar in information fr\u00e5n dig n\u00e4r du registrerar dig p\u00e5 v\u00e5r webbplats, loggar in p\u00e5 ditt konto, g\u00f6r ett k\u00f6p, deltar i en t\u00e4vling och\/eller n\u00e4r du loggar ut. Den insamlade informationen inkluderar ditt namn, din e-postadress, ditt telefonnummer och\/eller kreditkort. Dessutom tar vi automatiskt emot och sparar information fr\u00e5n din dator och webbl\u00e4sare, inklusive din IP-adress, uppgifter om programvara och h\u00e5rdvara och den beg\u00e4rda sidan.\u00a0 \u00a02. Anv\u00e4ndning av information\u00a0 Den information vi samlar in fr\u00e5n dig kan anv\u00e4ndas f\u00f6r att: G\u00f6ra din upplevelse personlig och tillgodose dina personliga behov, tillhandah\u00e5lla anpassade annonser, f\u00f6rb\u00e4ttra v\u00e5r hemsida, f\u00f6rb\u00e4ttra v\u00e5r kundservice och ditt behov av hj\u00e4lp, kontakta dig via e-post, administrera en t\u00e4vling, ett erbjudande eller en unders\u00f6kning.\u00a0 3. E-handelss\u00e4kerhet\u00a0 Din personligt identifierbara information kommer inte att s\u00e4ljas, utbytas, \u00f6verf\u00f6ras eller delas vidare till n\u00e5got annat f\u00f6retag, i n\u00e5got syfte, utan ditt samtycke, f\u00f6rutom d\u00e5 s\u00e5 kr\u00e4vs f\u00f6r att uppfylla en beg\u00e4ran och\/eller \u00f6verf\u00f6ring, t.ex. f\u00f6r att skicka en best\u00e4llning.\u00a0 4. Utl\u00e4mnande till tredje part\u00a0 Vi s\u00e4ljer, handlar, eller p\u00e5 annat s\u00e4tt \u00f6verf\u00f6r, inte personligt identifierbar information till utomst\u00e5ende parter. Detta inkluderar inte betrodd tredjepart som hj\u00e4lper oss att driva v\u00e5r webbplats eller v\u00e5rt f\u00f6retag, med kravet att dessa parter godk\u00e4nner att h\u00e5lla informationen konfidentiell. Vi anser att det \u00e4r n\u00f6dv\u00e4ndigt att dela information i syfte att unders\u00f6ka, f\u00f6rhindra eller vidta \u00e5tg\u00e4rder mot illegala aktiviteter, misst\u00e4nkt bedr\u00e4geri, situationer som medf\u00f6r en potentiell risk f\u00f6r en persons fysiska s\u00e4kerhet, brott mot v\u00e5ra anv\u00e4ndarvillkor eller andra tillf\u00e4llen d\u00e5 lagen kr\u00e4ver s\u00e5. Allm\u00e4nna uppgifter kan dock delas vidare till utomst\u00e5ende parter f\u00f6r marknadsf\u00f6ring, i annonssyfte eller andra \u00e4ndam\u00e5l.\u00a0 \u00a05. Avsluta prenumeration Vi anv\u00e4nder den e-postadress du f\u00f6rser oss med f\u00f6r att skicka information och uppdateringar som ang\u00e5r din best\u00e4llning, enstaka nyhetsbrev, relaterad produktinformation etc. Om du inte l\u00e4ngre vill ta emot s\u00e5dana meddelanden ber vi dig meddela detta genom att skicka ett mail till info@powerwithinconcept.com 6. Samtycke Genom att anv\u00e4nda v\u00e5r webbplats godk\u00e4nner du v\u00e5r integritetspolicy.","og_url":"https:\/\/powerwithinconcept.com\/en\/integritetspolicy\/","og_site_name":"Power Within Concept","article_modified_time":"2023-11-11T14:05:30+00:00","og_image":[{"width":3000,"height":3000,"url":"https:\/\/powerwithinconcept.com\/wp-content\/uploads\/2023\/10\/PWC-logo.png","type":"image\/png"}],"twitter_card":"summary_large_image","twitter_misc":{"Estimated reading time":"2 minutes"},"schema":{"@context":"https:\/\/schema.org","@graph":[{"@type":"WebPage","@id":"https:\/\/powerwithinconcept.com\/integritetspolicy\/","url":"https:\/\/powerwithinconcept.com\/integritetspolicy\/","name":"Integritetspolicy - Power Within Concept","isPartOf":{"@id":"https:\/\/powerwithinconcept.com\/#website"},"datePublished":"2023-11-11T14:02:44+00:00","dateModified":"2023-11-11T14:05:30+00:00","breadcrumb":{"@id":"https:\/\/powerwithinconcept.com\/integritetspolicy\/#breadcrumb"},"inLanguage":"en-GB","potentialAction":[{"@type":"ReadAction","target":["https:\/\/powerwithinconcept.com\/integritetspolicy\/"]}]},{"@type":"BreadcrumbList","@id":"https:\/\/powerwithinconcept.com\/integritetspolicy\/#breadcrumb","itemListElement":[{"@type":"ListItem","position":1,"name":"Hem","item":"https:\/\/powerwithinconcept.com\/"},{"@type":"ListItem","position":2,"name":"Integritetspolicy"}]},{"@type":"WebSite","@id":"https:\/\/powerwithinconcept.com\/#website","url":"https:\/\/powerwithinconcept.com\/","name":"Power Within Concept","description":"Healing, Spiritual Life Coaching &amp; Frekvensterapi","publisher":{"@id":"https:\/\/powerwithinconcept.com\/#organization"},"alternateName":"Power Within","potentialAction":[{"@type":"SearchAction","target":{"@type":"EntryPoint","urlTemplate":"https:\/\/powerwithinconcept.com\/?s={search_term_string}"},"query-input":{"@type":"PropertyValueSpecification","valueRequired":true,"valueName":"search_term_string"}}],"inLanguage":"en-GB"},{"@type":"Organization","@id":"https:\/\/powerwithinconcept.com\/#organization","name":"Power Within Concept","alternateName":"Power Within","url":"https:\/\/powerwithinconcept.com\/","logo":{"@type":"ImageObject","inLanguage":"en-GB","@id":"https:\/\/powerwithinconcept.com\/#\/schema\/logo\/image\/","url":"https:\/\/powerwithinconcept.com\/wp-content\/uploads\/2023\/10\/PWC-logo-transparent.png","contentUrl":"https:\/\/powerwithinconcept.com\/wp-content\/uploads\/2023\/10\/PWC-logo-transparent.png","width":3000,"height":3000,"caption":"Power Within Concept"},"image":{"@id":"https:\/\/powerwithinconcept.com\/#\/schema\/logo\/image\/"},"sameAs":["https:\/\/www.instagram.com\/powerwithinconcept\/"]}]}},"jetpack_sharing_enabled":true,"_links":{"self":[{"href":"https:\/\/powerwithinconcept.com\/en\/wp-json\/wp\/v2\/pages\/1963","targetHints":{"allow":["GET"]}}],"collection":[{"href":"https:\/\/powerwithinconcept.com\/en\/wp-json\/wp\/v2\/pages"}],"about":[{"href":"https:\/\/powerwithinconcept.com\/en\/wp-json\/wp\/v2\/types\/page"}],"author":[{"embeddable":true,"href":"https:\/\/powerwithinconcept.com\/en\/wp-json\/wp\/v2\/users\/1"}],"replies":[{"embeddable":true,"href":"https:\/\/powerwithinconcept.com\/en\/wp-json\/wp\/v2\/comments?post=1963"}],"version-history":[{"count":9,"href":"https:\/\/powerwithinconcept.com\/en\/wp-json\/wp\/v2\/pages\/1963\/revisions"}],"predecessor-version":[{"id":1975,"href":"https:\/\/powerwithinconcept.com\/en\/wp-json\/wp\/v2\/pages\/1963\/revisions\/1975"}],"wp:attachment":[{"href":"https:\/\/powerwithinconcept.com\/en\/wp-json\/wp\/v2\/media?parent=1963"}],"curies":[{"name":"wp","href":"https:\/\/api.w.org\/{rel}","templated":true}]}}