{"id":200,"date":"2023-10-14T08:08:58","date_gmt":"2023-10-14T08:08:58","guid":{"rendered":"https:\/\/powerwithinconcept.com\/bocker-2\/"},"modified":"2025-05-15T14:54:33","modified_gmt":"2025-05-15T14:54:33","slug":"ododligt-sokande","status":"publish","type":"page","link":"https:\/\/powerwithinconcept.com\/en\/ododligt-sokande\/","title":{"rendered":"Book Eternal Search"},"content":{"rendered":"<div data-elementor-type=\"wp-page\" data-elementor-id=\"200\" class=\"elementor elementor-200\">\n\t\t\t\t\t\t<section class=\"elementor-section elementor-top-section elementor-element elementor-element-730a621e elementor-section-full_width elementor-section-content-middle elementor-reverse-tablet elementor-reverse-mobile elementor-section-height-default elementor-section-height-default wpr-particle-no wpr-jarallax-no wpr-parallax-no wpr-sticky-section-no wpr-column-slider-no wpr-equal-height-no\" data-id=\"730a621e\" data-element_type=\"section\" data-e-type=\"section\">\n\t\t\t\t\t\t<div class=\"elementor-container elementor-column-gap-no\">\n\t\t\t\t\t<div class=\"elementor-column elementor-col-50 elementor-top-column elementor-element elementor-element-1dd0860\" data-id=\"1dd0860\" data-element_type=\"column\" data-e-type=\"column\">\n\t\t\t<div class=\"elementor-widget-wrap elementor-element-populated\">\n\t\t\t\t\t\t<div class=\"elementor-element elementor-element-13eb8843 elementor-widget elementor-widget-heading\" data-id=\"13eb8843\" data-element_type=\"widget\" data-e-type=\"widget\" data-widget_type=\"heading.default\">\n\t\t\t\t<div class=\"elementor-widget-container\">\n\t\t\t\t\t<h2 class=\"elementor-heading-title elementor-size-default\">Od\u00f6dligt s\u00f6kande<\/h2>\t\t\t\t<\/div>\n\t\t\t\t<\/div>\n\t\t\t\t<div class=\"elementor-element elementor-element-7f1b52f8 elementor-widget elementor-widget-heading\" data-id=\"7f1b52f8\" data-element_type=\"widget\" data-e-type=\"widget\" data-widget_type=\"heading.default\">\n\t\t\t\t<div class=\"elementor-widget-container\">\n\t\t\t\t\t<h2 class=\"elementor-heading-title elementor-size-default\">Part  1 in Eternity-serie<\/h2>\t\t\t\t<\/div>\n\t\t\t\t<\/div>\n\t\t\t\t<div class=\"elementor-element elementor-element-48f759fb elementor-widget elementor-widget-text-editor\" data-id=\"48f759fb\" data-element_type=\"widget\" data-e-type=\"widget\" data-widget_type=\"text-editor.default\">\n\t\t\t\t<div class=\"elementor-widget-container\">\n\t\t\t\t\t\t\t\t\t<p>\"Od\u00f6dligt s\u00f6kande\" is a heartwarming tale of soulful love that never dies and how experiences from past lifes can influence our lives and relationships today.<\/p>\t\t\t\t\t\t\t\t<\/div>\n\t\t\t\t<\/div>\n\t\t\t\t<div class=\"elementor-element elementor-element-a539a55 elementor-align-left elementor-widget elementor-widget-button\" data-id=\"a539a55\" data-element_type=\"widget\" data-e-type=\"widget\" data-widget_type=\"button.default\">\n\t\t\t\t<div class=\"elementor-widget-container\">\n\t\t\t\t\t\t\t\t\t<div class=\"elementor-button-wrapper\">\n\t\t\t\t\t<a class=\"elementor-button elementor-button-link elementor-size-sm\" href=\"https:\/\/elinpehrsson.com\/bocker\/\">\n\t\t\t\t\t\t<span class=\"elementor-button-content-wrapper\">\n\t\t\t\t\t\t\t\t\t<span class=\"elementor-button-text\">Om Od\u00f6dligt s\u00f6kande<\/span>\n\t\t\t\t\t<\/span>\n\t\t\t\t\t<\/a>\n\t\t\t\t<\/div>\n\t\t\t\t\t\t\t\t<\/div>\n\t\t\t\t<\/div>\n\t\t\t\t\t<\/div>\n\t\t<\/div>\n\t\t\t\t<div class=\"elementor-column elementor-col-50 elementor-top-column elementor-element elementor-element-5147b30\" data-id=\"5147b30\" data-element_type=\"column\" data-e-type=\"column\" data-settings=\"{&quot;background_background&quot;:&quot;classic&quot;}\">\n\t\t\t<div class=\"elementor-widget-wrap elementor-element-populated\">\n\t\t\t\t\t\t<div class=\"elementor-element elementor-element-32327b76 elementor-widget__width-initial elementor-widget elementor-widget-spacer\" data-id=\"32327b76\" data-element_type=\"widget\" data-e-type=\"widget\" data-widget_type=\"spacer.default\">\n\t\t\t\t<div class=\"elementor-widget-container\">\n\t\t\t\t\t\t\t<div class=\"elementor-spacer\">\n\t\t\t<div class=\"elementor-spacer-inner\"><\/div>\n\t\t<\/div>\n\t\t\t\t\t\t<\/div>\n\t\t\t\t<\/div>\n\t\t\t\t\t<\/div>\n\t\t<\/div>\n\t\t\t\t\t<\/div>\n\t\t<\/section>\n\t\t\t\t<\/div>","protected":false},"excerpt":{"rendered":"<p>Od\u00f6dligt s\u00f6kande Del 1 i Eternity-serien Od\u00f6dligt s\u00f6kande \u00e4r en v\u00e4rmande ber\u00e4ttelse om sj\u00e4lslig k\u00e4rlek som aldrig d\u00f6r och om hur upplevelser fr\u00e5n tidigare liv kan p\u00e5verka v\u00e5ra liv och relationer idag. Om Od\u00f6dligt s\u00f6kande<\/p>","protected":false},"author":1,"featured_media":0,"parent":0,"menu_order":0,"comment_status":"closed","ping_status":"closed","template":"","meta":{"_eb_attr":"","footnotes":""},"class_list":["post-200","page","type-page","status-publish","hentry"],"yoast_head":"<!-- This site is optimized with the Yoast SEO plugin v27.6 - https:\/\/yoast.com\/product\/yoast-seo-wordpress\/ -->\n<title>Od\u00f6dligt s\u00f6kande \u2013 F\u00f6rfattare Elin Pehrsson \u2013 B\u00f6cker<\/title>\n<meta name=\"description\" content=\"En spiritual romance om sj\u00e4lslig k\u00e4rlek, karma, andlighet och tidigare liv. K\u00f6p boken Od\u00f6dligt s\u00f6kande direkt av f\u00f6rfattaren Elin Pehrsson.\" \/>\n<meta name=\"robots\" content=\"index, follow, max-snippet:-1, max-image-preview:large, max-video-preview:-1\" \/>\n<link rel=\"canonical\" href=\"https:\/\/powerwithinconcept.com\/en\/ododligt-sokande\/\" \/>\n<meta property=\"og:locale\" content=\"en_GB\" \/>\n<meta property=\"og:type\" content=\"article\" \/>\n<meta property=\"og:title\" content=\"Od\u00f6dligt s\u00f6kande \u2013 F\u00f6rfattare Elin Pehrsson \u2013 B\u00f6cker\" \/>\n<meta property=\"og:description\" content=\"En spiritual romance om sj\u00e4lslig k\u00e4rlek, karma, andlighet och tidigare liv. K\u00f6p boken Od\u00f6dligt s\u00f6kande direkt av f\u00f6rfattaren Elin Pehrsson.\" \/>\n<meta property=\"og:url\" content=\"https:\/\/powerwithinconcept.com\/en\/ododligt-sokande\/\" \/>\n<meta property=\"og:site_name\" content=\"Power Within Concept\" \/>\n<meta property=\"article:modified_time\" content=\"2025-05-15T14:54:33+00:00\" \/>\n<meta property=\"og:image\" content=\"https:\/\/powerwithinconcept.com\/wp-content\/uploads\/2023\/10\/PWC-logo.png\" \/>\n\t<meta property=\"og:image:width\" content=\"3000\" \/>\n\t<meta property=\"og:image:height\" content=\"3000\" \/>\n\t<meta property=\"og:image:type\" content=\"image\/png\" \/>\n<meta name=\"twitter:card\" content=\"summary_large_image\" \/>\n<meta name=\"twitter:label1\" content=\"Estimated reading time\" \/>\n\t<meta name=\"twitter:data1\" content=\"1 minute\" \/>\n<script type=\"application\/ld+json\" class=\"yoast-schema-graph\">{\"@context\":\"https:\\\/\\\/schema.org\",\"@graph\":[{\"@type\":\"WebPage\",\"@id\":\"https:\\\/\\\/powerwithinconcept.com\\\/ododligt-sokande\\\/\",\"url\":\"https:\\\/\\\/powerwithinconcept.com\\\/ododligt-sokande\\\/\",\"name\":\"Od\u00f6dligt s\u00f6kande \u2013 F\u00f6rfattare Elin Pehrsson \u2013 B\u00f6cker\",\"isPartOf\":{\"@id\":\"https:\\\/\\\/powerwithinconcept.com\\\/#website\"},\"datePublished\":\"2023-10-14T08:08:58+00:00\",\"dateModified\":\"2025-05-15T14:54:33+00:00\",\"description\":\"En spiritual romance om sj\u00e4lslig k\u00e4rlek, karma, andlighet och tidigare liv. K\u00f6p boken Od\u00f6dligt s\u00f6kande direkt av f\u00f6rfattaren Elin Pehrsson.\",\"breadcrumb\":{\"@id\":\"https:\\\/\\\/powerwithinconcept.com\\\/ododligt-sokande\\\/#breadcrumb\"},\"inLanguage\":\"en-GB\",\"potentialAction\":[{\"@type\":\"ReadAction\",\"target\":[\"https:\\\/\\\/powerwithinconcept.com\\\/ododligt-sokande\\\/\"]}]},{\"@type\":\"BreadcrumbList\",\"@id\":\"https:\\\/\\\/powerwithinconcept.com\\\/ododligt-sokande\\\/#breadcrumb\",\"itemListElement\":[{\"@type\":\"ListItem\",\"position\":1,\"name\":\"Hem\",\"item\":\"https:\\\/\\\/powerwithinconcept.com\\\/\"},{\"@type\":\"ListItem\",\"position\":2,\"name\":\"Boken Od\u00f6dligt s\u00f6kande\"}]},{\"@type\":\"WebSite\",\"@id\":\"https:\\\/\\\/powerwithinconcept.com\\\/#website\",\"url\":\"https:\\\/\\\/powerwithinconcept.com\\\/\",\"name\":\"Power Within Concept\",\"description\":\"Healing, Spiritual Life Coaching &amp; Frekvensterapi\",\"publisher\":{\"@id\":\"https:\\\/\\\/powerwithinconcept.com\\\/#organization\"},\"alternateName\":\"Power Within\",\"potentialAction\":[{\"@type\":\"SearchAction\",\"target\":{\"@type\":\"EntryPoint\",\"urlTemplate\":\"https:\\\/\\\/powerwithinconcept.com\\\/?s={search_term_string}\"},\"query-input\":{\"@type\":\"PropertyValueSpecification\",\"valueRequired\":true,\"valueName\":\"search_term_string\"}}],\"inLanguage\":\"en-GB\"},{\"@type\":\"Organization\",\"@id\":\"https:\\\/\\\/powerwithinconcept.com\\\/#organization\",\"name\":\"Power Within Concept\",\"alternateName\":\"Power Within\",\"url\":\"https:\\\/\\\/powerwithinconcept.com\\\/\",\"logo\":{\"@type\":\"ImageObject\",\"inLanguage\":\"en-GB\",\"@id\":\"https:\\\/\\\/powerwithinconcept.com\\\/#\\\/schema\\\/logo\\\/image\\\/\",\"url\":\"https:\\\/\\\/powerwithinconcept.com\\\/wp-content\\\/uploads\\\/2023\\\/10\\\/PWC-logo-transparent.png\",\"contentUrl\":\"https:\\\/\\\/powerwithinconcept.com\\\/wp-content\\\/uploads\\\/2023\\\/10\\\/PWC-logo-transparent.png\",\"width\":3000,\"height\":3000,\"caption\":\"Power Within Concept\"},\"image\":{\"@id\":\"https:\\\/\\\/powerwithinconcept.com\\\/#\\\/schema\\\/logo\\\/image\\\/\"},\"sameAs\":[\"https:\\\/\\\/www.instagram.com\\\/powerwithinconcept\\\/\"]}]}<\/script>\n<!-- \/ Yoast SEO plugin. -->","yoast_head_json":{"title":"Od\u00f6dligt s\u00f6kande \u2013 F\u00f6rfattare Elin Pehrsson \u2013 B\u00f6cker","description":"En spiritual romance om sj\u00e4lslig k\u00e4rlek, karma, andlighet och tidigare liv. K\u00f6p boken Od\u00f6dligt s\u00f6kande direkt av f\u00f6rfattaren Elin Pehrsson.","robots":{"index":"index","follow":"follow","max-snippet":"max-snippet:-1","max-image-preview":"max-image-preview:large","max-video-preview":"max-video-preview:-1"},"canonical":"https:\/\/powerwithinconcept.com\/en\/ododligt-sokande\/","og_locale":"en_GB","og_type":"article","og_title":"Od\u00f6dligt s\u00f6kande \u2013 F\u00f6rfattare Elin Pehrsson \u2013 B\u00f6cker","og_description":"En spiritual romance om sj\u00e4lslig k\u00e4rlek, karma, andlighet och tidigare liv. K\u00f6p boken Od\u00f6dligt s\u00f6kande direkt av f\u00f6rfattaren Elin Pehrsson.","og_url":"https:\/\/powerwithinconcept.com\/en\/ododligt-sokande\/","og_site_name":"Power Within Concept","article_modified_time":"2025-05-15T14:54:33+00:00","og_image":[{"width":3000,"height":3000,"url":"https:\/\/powerwithinconcept.com\/wp-content\/uploads\/2023\/10\/PWC-logo.png","type":"image\/png"}],"twitter_card":"summary_large_image","twitter_misc":{"Estimated reading time":"1 minute"},"schema":{"@context":"https:\/\/schema.org","@graph":[{"@type":"WebPage","@id":"https:\/\/powerwithinconcept.com\/ododligt-sokande\/","url":"https:\/\/powerwithinconcept.com\/ododligt-sokande\/","name":"Od\u00f6dligt s\u00f6kande \u2013 F\u00f6rfattare Elin Pehrsson \u2013 B\u00f6cker","isPartOf":{"@id":"https:\/\/powerwithinconcept.com\/#website"},"datePublished":"2023-10-14T08:08:58+00:00","dateModified":"2025-05-15T14:54:33+00:00","description":"En spiritual romance om sj\u00e4lslig k\u00e4rlek, karma, andlighet och tidigare liv. K\u00f6p boken Od\u00f6dligt s\u00f6kande direkt av f\u00f6rfattaren Elin Pehrsson.","breadcrumb":{"@id":"https:\/\/powerwithinconcept.com\/ododligt-sokande\/#breadcrumb"},"inLanguage":"en-GB","potentialAction":[{"@type":"ReadAction","target":["https:\/\/powerwithinconcept.com\/ododligt-sokande\/"]}]},{"@type":"BreadcrumbList","@id":"https:\/\/powerwithinconcept.com\/ododligt-sokande\/#breadcrumb","itemListElement":[{"@type":"ListItem","position":1,"name":"Hem","item":"https:\/\/powerwithinconcept.com\/"},{"@type":"ListItem","position":2,"name":"Boken Od\u00f6dligt s\u00f6kande"}]},{"@type":"WebSite","@id":"https:\/\/powerwithinconcept.com\/#website","url":"https:\/\/powerwithinconcept.com\/","name":"Power Within Concept","description":"Healing, Spiritual Life Coaching &amp; Frekvensterapi","publisher":{"@id":"https:\/\/powerwithinconcept.com\/#organization"},"alternateName":"Power Within","potentialAction":[{"@type":"SearchAction","target":{"@type":"EntryPoint","urlTemplate":"https:\/\/powerwithinconcept.com\/?s={search_term_string}"},"query-input":{"@type":"PropertyValueSpecification","valueRequired":true,"valueName":"search_term_string"}}],"inLanguage":"en-GB"},{"@type":"Organization","@id":"https:\/\/powerwithinconcept.com\/#organization","name":"Power Within Concept","alternateName":"Power Within","url":"https:\/\/powerwithinconcept.com\/","logo":{"@type":"ImageObject","inLanguage":"en-GB","@id":"https:\/\/powerwithinconcept.com\/#\/schema\/logo\/image\/","url":"https:\/\/powerwithinconcept.com\/wp-content\/uploads\/2023\/10\/PWC-logo-transparent.png","contentUrl":"https:\/\/powerwithinconcept.com\/wp-content\/uploads\/2023\/10\/PWC-logo-transparent.png","width":3000,"height":3000,"caption":"Power Within Concept"},"image":{"@id":"https:\/\/powerwithinconcept.com\/#\/schema\/logo\/image\/"},"sameAs":["https:\/\/www.instagram.com\/powerwithinconcept\/"]}]}},"jetpack_sharing_enabled":true,"_links":{"self":[{"href":"https:\/\/powerwithinconcept.com\/en\/wp-json\/wp\/v2\/pages\/200","targetHints":{"allow":["GET"]}}],"collection":[{"href":"https:\/\/powerwithinconcept.com\/en\/wp-json\/wp\/v2\/pages"}],"about":[{"href":"https:\/\/powerwithinconcept.com\/en\/wp-json\/wp\/v2\/types\/page"}],"author":[{"embeddable":true,"href":"https:\/\/powerwithinconcept.com\/en\/wp-json\/wp\/v2\/users\/1"}],"replies":[{"embeddable":true,"href":"https:\/\/powerwithinconcept.com\/en\/wp-json\/wp\/v2\/comments?post=200"}],"version-history":[{"count":85,"href":"https:\/\/powerwithinconcept.com\/en\/wp-json\/wp\/v2\/pages\/200\/revisions"}],"predecessor-version":[{"id":2508,"href":"https:\/\/powerwithinconcept.com\/en\/wp-json\/wp\/v2\/pages\/200\/revisions\/2508"}],"wp:attachment":[{"href":"https:\/\/powerwithinconcept.com\/en\/wp-json\/wp\/v2\/media?parent=200"}],"curies":[{"name":"wp","href":"https:\/\/api.w.org\/{rel}","templated":true}]}}