{"id":210,"date":"2023-07-23T12:20:49","date_gmt":"2023-07-23T12:20:49","guid":{"rendered":"https:\/\/powerwithinconcept.com\/pw-publishing-2\/"},"modified":"2025-05-15T14:26:45","modified_gmt":"2025-05-15T14:26:45","slug":"pw-publishing","status":"publish","type":"page","link":"https:\/\/powerwithinconcept.com\/en\/pw-publishing\/","title":{"rendered":"PW Publishing"},"content":{"rendered":"<div data-elementor-type=\"wp-page\" data-elementor-id=\"210\" class=\"elementor elementor-210\">\n\t\t\t\t\t\t<section class=\"elementor-section elementor-top-section elementor-element elementor-element-4cc4fd8 elementor-section-height-min-height elementor-section-items-stretch elementor-section-content-middle elementor-section-boxed elementor-section-height-default wpr-particle-no wpr-jarallax-no wpr-parallax-no wpr-sticky-section-no wpr-column-slider-no wpr-equal-height-no\" data-id=\"4cc4fd8\" data-element_type=\"section\" data-e-type=\"section\">\n\t\t\t\t\t\t<div class=\"elementor-container elementor-column-gap-no\">\n\t\t\t\t\t<div class=\"elementor-column elementor-col-100 elementor-top-column elementor-element elementor-element-89999e3\" data-id=\"89999e3\" data-element_type=\"column\" data-e-type=\"column\">\n\t\t\t<div class=\"elementor-widget-wrap elementor-element-populated\">\n\t\t\t\t\t\t<div class=\"elementor-element elementor-element-19777afd elementor-widget elementor-widget-heading\" data-id=\"19777afd\" data-element_type=\"widget\" data-e-type=\"widget\" data-widget_type=\"heading.default\">\n\t\t\t\t<div class=\"elementor-widget-container\">\n\t\t\t\t\t<h1 class=\"elementor-heading-title elementor-size-default\">PW Publishing<\/h1>\t\t\t\t<\/div>\n\t\t\t\t<\/div>\n\t\t\t\t\t<\/div>\n\t\t<\/div>\n\t\t\t\t\t<\/div>\n\t\t<\/section>\n\t\t\t\t<section class=\"elementor-section elementor-top-section elementor-element elementor-element-13f8ec66 elementor-section-full_width elementor-section-content-middle elementor-reverse-mobile elementor-section-height-default elementor-section-height-default wpr-particle-no wpr-jarallax-no wpr-parallax-no wpr-sticky-section-no wpr-column-slider-no wpr-equal-height-no\" data-id=\"13f8ec66\" data-element_type=\"section\" data-e-type=\"section\" data-settings=\"{&quot;background_background&quot;:&quot;classic&quot;}\">\n\t\t\t\t\t\t<div class=\"elementor-container elementor-column-gap-no\">\n\t\t\t\t\t<div class=\"elementor-column elementor-col-50 elementor-top-column elementor-element elementor-element-28008291\" data-id=\"28008291\" data-element_type=\"column\" data-e-type=\"column\" data-settings=\"{&quot;background_background&quot;:&quot;classic&quot;}\">\n\t\t\t<div class=\"elementor-widget-wrap elementor-element-populated\">\n\t\t\t\t\t\t<div class=\"elementor-element elementor-element-339da341 elementor-widget elementor-widget-spacer\" data-id=\"339da341\" data-element_type=\"widget\" data-e-type=\"widget\" data-widget_type=\"spacer.default\">\n\t\t\t\t<div class=\"elementor-widget-container\">\n\t\t\t\t\t\t\t<div class=\"elementor-spacer\">\n\t\t\t<div class=\"elementor-spacer-inner\"><\/div>\n\t\t<\/div>\n\t\t\t\t\t\t<\/div>\n\t\t\t\t<\/div>\n\t\t\t\t\t<\/div>\n\t\t<\/div>\n\t\t\t\t<div class=\"elementor-column elementor-col-50 elementor-top-column elementor-element elementor-element-393f7ed\" data-id=\"393f7ed\" data-element_type=\"column\" data-e-type=\"column\">\n\t\t\t<div class=\"elementor-widget-wrap elementor-element-populated\">\n\t\t\t\t\t\t<div class=\"elementor-element elementor-element-10218e5b elementor-widget elementor-widget-heading\" data-id=\"10218e5b\" data-element_type=\"widget\" data-e-type=\"widget\" data-widget_type=\"heading.default\">\n\t\t\t\t<div class=\"elementor-widget-container\">\n\t\t\t\t\t<h2 class=\"elementor-heading-title elementor-size-default\">B\u00f6cker som ber\u00f6r och v\u00e4cker din inre kraft<\/h2>\t\t\t\t<\/div>\n\t\t\t\t<\/div>\n\t\t\t\t<div class=\"elementor-element elementor-element-52475353 elementor-widget elementor-widget-text-editor\" data-id=\"52475353\" data-element_type=\"widget\" data-e-type=\"widget\" data-widget_type=\"text-editor.default\">\n\t\t\t\t<div class=\"elementor-widget-container\">\n\t\t\t\t\t\t\t\t\t<p>P\u00e5 PW Publishing tror vi att varje m\u00e4nniska b\u00e4r p\u00e5 sin egen sanning och v\u00e4gledning inom sig. Vi \u00e4r \u00f6vertygade om att vi alla besitter en inre kraft som, n\u00e4r vi lyssnar till den, kan hj\u00e4lpa oss att f\u00f6rverkliga v\u00e5ra dr\u00f6mmar och skapa ett liv i harmoni med v\u00e5rt hj\u00e4rta.<\/p><p>Genom v\u00e5ra b\u00f6cker vill vi sprida k\u00e4rlek, hopp, medvetenhet och visdom. Vi str\u00e4var efter att inspirera, v\u00e4cka nyfikenhet och sprida gl\u00e4dje \u2013 men framf\u00f6r allt att p\u00e5minna m\u00e4nniskor om att de redan har svaren inom sig. Vi vill uppmuntra fler att lyssna in\u00e5t, f\u00f6lja sin egen v\u00e4g och lita p\u00e5 sin inre styrka.<\/p><p>PW Publishing \u00e4r en del av Power Within Concept, en helhetssyn p\u00e5 kreativitet och personlig utveckling. Namnet Power Within Publishing \u2013 PW Publishing \u2013 speglar v\u00e5r tro p\u00e5 att all kraft du beh\u00f6ver redan finns inom dig.<\/p>\t\t\t\t\t\t\t\t<\/div>\n\t\t\t\t<\/div>\n\t\t\t\t\t<\/div>\n\t\t<\/div>\n\t\t\t\t\t<\/div>\n\t\t<\/section>\n\t\t\t\t<section class=\"elementor-section elementor-top-section elementor-element elementor-element-22082ab4 elementor-section-full_width elementor-section-content-middle elementor-section-height-default elementor-section-height-default wpr-particle-no wpr-jarallax-no wpr-parallax-no wpr-sticky-section-no wpr-column-slider-no wpr-equal-height-no\" data-id=\"22082ab4\" data-element_type=\"section\" data-e-type=\"section\" data-settings=\"{&quot;background_background&quot;:&quot;classic&quot;}\">\n\t\t\t\t\t\t<div class=\"elementor-container elementor-column-gap-no\">\n\t\t\t\t\t<div class=\"elementor-column elementor-col-50 elementor-top-column elementor-element elementor-element-752fb129\" data-id=\"752fb129\" data-element_type=\"column\" data-e-type=\"column\">\n\t\t\t<div class=\"elementor-widget-wrap elementor-element-populated\">\n\t\t\t\t\t\t<div class=\"elementor-element elementor-element-7d2ca20e elementor-widget elementor-widget-heading\" data-id=\"7d2ca20e\" data-element_type=\"widget\" data-e-type=\"widget\" data-widget_type=\"heading.default\">\n\t\t\t\t<div class=\"elementor-widget-container\">\n\t\t\t\t\t<h2 class=\"elementor-heading-title elementor-size-default\">Background<\/h2>\t\t\t\t<\/div>\n\t\t\t\t<\/div>\n\t\t\t\t<div class=\"elementor-element elementor-element-2df249c2 elementor-widget elementor-widget-text-editor\" data-id=\"2df249c2\" data-element_type=\"widget\" data-e-type=\"widget\" data-widget_type=\"text-editor.default\">\n\t\t\t\t<div class=\"elementor-widget-container\">\n\t\t\t\t\t\t\t\t\t<p>PW Publishing grundades 2022 av Elin Pehrsson, en passionerad ber\u00e4ttare med en stark tro p\u00e5 skrivandets kraft. F\u00f6r Elin har ord alltid varit mer \u00e4n bara text \u2013 de \u00e4r verktyg f\u00f6r personlig utveckling, sj\u00e4lvk\u00e4nnedom och andligt utforskande. Med en entrepren\u00f6rsanda och en l\u00e4ngtan efter att f\u00f6rverkliga sina dr\u00f6mmar, tog hon steget att ge ut sin egen bok\u00a0<em>Od\u00f6dligt s\u00f6kande<\/em>\u00a0i augusti 2022, den f\u00f6rsta delen i\u00a0<em>Eternity<\/em>-serien. Det var i samband med denna resa som id\u00e9n till PW Publishing f\u00f6ddes \u2013 ett f\u00f6rlag byggt p\u00e5 k\u00e4rleken till ber\u00e4ttelser och kreativt skapande.<\/p><p>Elin har en gedigen bakgrund inom skrivande och har studerat p\u00e5 Folkuniversitetet, Skrivarakademin, F\u00e4rnebo folkh\u00f6gskola, Mittuniversitetet och Lule\u00e5 Tekniska Universitet.<\/p><p>Hennes erfarenheter och kunskaper genomsyrar f\u00f6rlaget, d\u00e4r visionen \u00e4r att lyfta fram unika ber\u00e4ttelser och skapa magi genom ord.<\/p>\t\t\t\t\t\t\t\t<\/div>\n\t\t\t\t<\/div>\n\t\t\t\t\t<\/div>\n\t\t<\/div>\n\t\t\t\t<div class=\"elementor-column elementor-col-50 elementor-top-column elementor-element elementor-element-2dd596d\" data-id=\"2dd596d\" data-element_type=\"column\" data-e-type=\"column\" data-settings=\"{&quot;background_background&quot;:&quot;classic&quot;}\">\n\t\t\t<div class=\"elementor-widget-wrap elementor-element-populated\">\n\t\t\t\t\t\t<div class=\"elementor-element elementor-element-6fc2ab32 elementor-widget elementor-widget-spacer\" data-id=\"6fc2ab32\" data-element_type=\"widget\" data-e-type=\"widget\" data-widget_type=\"spacer.default\">\n\t\t\t\t<div class=\"elementor-widget-container\">\n\t\t\t\t\t\t\t<div class=\"elementor-spacer\">\n\t\t\t<div class=\"elementor-spacer-inner\"><\/div>\n\t\t<\/div>\n\t\t\t\t\t\t<\/div>\n\t\t\t\t<\/div>\n\t\t\t\t\t<\/div>\n\t\t<\/div>\n\t\t\t\t\t<\/div>\n\t\t<\/section>\n\t\t\t\t<section class=\"elementor-section elementor-top-section elementor-element elementor-element-1529eaac elementor-section-content-middle elementor-reverse-tablet elementor-reverse-mobile elementor-section-boxed elementor-section-height-default elementor-section-height-default wpr-particle-no wpr-jarallax-no wpr-parallax-no wpr-sticky-section-no wpr-column-slider-no wpr-equal-height-no\" data-id=\"1529eaac\" data-element_type=\"section\" data-e-type=\"section\">\n\t\t\t\t\t\t<div class=\"elementor-container elementor-column-gap-no\">\n\t\t\t\t\t<div class=\"elementor-column elementor-col-100 elementor-top-column elementor-element elementor-element-1f2c05d0\" data-id=\"1f2c05d0\" data-element_type=\"column\" data-e-type=\"column\">\n\t\t\t<div class=\"elementor-widget-wrap elementor-element-populated\">\n\t\t\t\t\t\t<div class=\"elementor-element elementor-element-5f50b151 elementor-widget elementor-widget-heading\" data-id=\"5f50b151\" data-element_type=\"widget\" data-e-type=\"widget\" data-widget_type=\"heading.default\">\n\t\t\t\t<div class=\"elementor-widget-container\">\n\t\t\t\t\t<h3 class=\"elementor-heading-title elementor-size-default\">Contact<\/h3>\t\t\t\t<\/div>\n\t\t\t\t<\/div>\n\t\t\t\t<div class=\"elementor-element elementor-element-2942f927 elementor-widget elementor-widget-text-editor\" data-id=\"2942f927\" data-element_type=\"widget\" data-e-type=\"widget\" data-widget_type=\"text-editor.default\">\n\t\t\t\t<div class=\"elementor-widget-container\">\n\t\t\t\t\t\t\t\t\t<p>Visit us at www.pwpublishing.se<\/p>\t\t\t\t\t\t\t\t<\/div>\n\t\t\t\t<\/div>\n\t\t\t\t<div class=\"elementor-element elementor-element-5a453725 elementor-align-center elementor-widget elementor-widget-button\" data-id=\"5a453725\" data-element_type=\"widget\" data-e-type=\"widget\" data-widget_type=\"button.default\">\n\t\t\t\t<div class=\"elementor-widget-container\">\n\t\t\t\t\t\t\t\t\t<div class=\"elementor-button-wrapper\">\n\t\t\t\t\t<a class=\"elementor-button elementor-button-link elementor-size-sm\" href=\"https:\/\/www.pwpublishing.se\/\" target=\"_blank\">\n\t\t\t\t\t\t<span class=\"elementor-button-content-wrapper\">\n\t\t\t\t\t\t\t\t\t<span class=\"elementor-button-text\">Visit<\/span>\n\t\t\t\t\t<\/span>\n\t\t\t\t\t<\/a>\n\t\t\t\t<\/div>\n\t\t\t\t\t\t\t\t<\/div>\n\t\t\t\t<\/div>\n\t\t\t\t\t<\/div>\n\t\t<\/div>\n\t\t\t\t\t<\/div>\n\t\t<\/section>\n\t\t\t\t<\/div>","protected":false},"excerpt":{"rendered":"<p>PW Publishing B\u00f6cker som ber\u00f6r och v\u00e4cker din inre kraft P\u00e5 PW Publishing tror vi att varje m\u00e4nniska b\u00e4r p\u00e5 sin egen sanning och v\u00e4gledning inom sig. Vi \u00e4r \u00f6vertygade om att vi alla besitter en inre kraft som, n\u00e4r vi lyssnar till den, kan hj\u00e4lpa oss att f\u00f6rverkliga v\u00e5ra dr\u00f6mmar och skapa ett liv i harmoni med v\u00e5rt hj\u00e4rta. Genom v\u00e5ra b\u00f6cker vill vi sprida k\u00e4rlek, hopp, medvetenhet och visdom. Vi str\u00e4var efter att inspirera, v\u00e4cka nyfikenhet och sprida gl\u00e4dje \u2013 men framf\u00f6r allt att p\u00e5minna m\u00e4nniskor om att de redan har svaren inom sig. Vi vill uppmuntra fler att lyssna in\u00e5t, f\u00f6lja sin egen v\u00e4g och lita p\u00e5 sin inre styrka. PW Publishing \u00e4r en del av Power Within Concept, en helhetssyn p\u00e5 kreativitet och personlig utveckling. Namnet Power Within Publishing \u2013 PW Publishing \u2013 speglar v\u00e5r tro p\u00e5 att all kraft du beh\u00f6ver redan finns inom dig. Bakgrund PW Publishing grundades 2022 av Elin Pehrsson, en passionerad ber\u00e4ttare med en stark tro p\u00e5 skrivandets kraft. F\u00f6r Elin har ord alltid varit mer \u00e4n bara text \u2013 de \u00e4r verktyg f\u00f6r personlig utveckling, sj\u00e4lvk\u00e4nnedom och andligt utforskande. Med en entrepren\u00f6rsanda och en l\u00e4ngtan efter att f\u00f6rverkliga sina dr\u00f6mmar, tog hon steget att ge ut sin egen bok\u00a0Od\u00f6dligt s\u00f6kande\u00a0i augusti 2022, den f\u00f6rsta delen i\u00a0Eternity-serien. Det var i samband med denna resa som id\u00e9n till PW Publishing f\u00f6ddes \u2013 ett f\u00f6rlag byggt p\u00e5 k\u00e4rleken till ber\u00e4ttelser och kreativt skapande. Elin har en gedigen bakgrund inom skrivande och har studerat p\u00e5 Folkuniversitetet, Skrivarakademin, F\u00e4rnebo folkh\u00f6gskola, Mittuniversitetet och Lule\u00e5 Tekniska Universitet. Hennes erfarenheter och kunskaper genomsyrar f\u00f6rlaget, d\u00e4r visionen \u00e4r att lyfta fram unika ber\u00e4ttelser och skapa magi genom ord. Kontakt Bes\u00f6k oss p\u00e5 www.pwpublishing.se Bes\u00f6k<\/p>","protected":false},"author":1,"featured_media":0,"parent":0,"menu_order":0,"comment_status":"closed","ping_status":"closed","template":"","meta":{"_eb_attr":"","footnotes":""},"class_list":["post-210","page","type-page","status-publish","hentry"],"yoast_head":"<!-- This site is optimized with the Yoast SEO plugin v27.6 - https:\/\/yoast.com\/product\/yoast-seo-wordpress\/ -->\n<title>PW Publishing - Power Within Concept<\/title>\n<meta name=\"description\" content=\"Andligt bokf\u00f6rlag som sprider positivitet, k\u00e4rlek och visdom. K\u00f6p Od\u00f6dligt s\u00f6kande av Elin Pehrsson p\u00e5 PW Publishing.\" \/>\n<meta name=\"robots\" content=\"index, follow, max-snippet:-1, max-image-preview:large, max-video-preview:-1\" \/>\n<link rel=\"canonical\" href=\"https:\/\/powerwithinconcept.com\/en\/pw-publishing\/\" \/>\n<meta property=\"og:locale\" content=\"en_GB\" \/>\n<meta property=\"og:type\" content=\"article\" \/>\n<meta property=\"og:title\" content=\"PW Publishing - Power Within Concept\" \/>\n<meta property=\"og:description\" content=\"Andligt bokf\u00f6rlag som sprider positivitet, k\u00e4rlek och visdom. K\u00f6p Od\u00f6dligt s\u00f6kande av Elin Pehrsson p\u00e5 PW Publishing.\" \/>\n<meta property=\"og:url\" content=\"https:\/\/powerwithinconcept.com\/en\/pw-publishing\/\" \/>\n<meta property=\"og:site_name\" content=\"Power Within Concept\" \/>\n<meta property=\"article:modified_time\" content=\"2025-05-15T14:26:45+00:00\" \/>\n<meta property=\"og:image\" content=\"https:\/\/powerwithinconcept.com\/wp-content\/uploads\/2023\/10\/PWC-logo.png\" \/>\n\t<meta property=\"og:image:width\" content=\"3000\" \/>\n\t<meta property=\"og:image:height\" content=\"3000\" \/>\n\t<meta property=\"og:image:type\" content=\"image\/png\" \/>\n<meta name=\"twitter:card\" content=\"summary_large_image\" \/>\n<meta name=\"twitter:label1\" content=\"Estimated reading time\" \/>\n\t<meta name=\"twitter:data1\" content=\"2 minutes\" \/>\n<script type=\"application\/ld+json\" class=\"yoast-schema-graph\">{\"@context\":\"https:\\\/\\\/schema.org\",\"@graph\":[{\"@type\":\"WebPage\",\"@id\":\"https:\\\/\\\/powerwithinconcept.com\\\/pw-publishing\\\/\",\"url\":\"https:\\\/\\\/powerwithinconcept.com\\\/pw-publishing\\\/\",\"name\":\"PW Publishing - Power Within Concept\",\"isPartOf\":{\"@id\":\"https:\\\/\\\/powerwithinconcept.com\\\/#website\"},\"datePublished\":\"2023-07-23T12:20:49+00:00\",\"dateModified\":\"2025-05-15T14:26:45+00:00\",\"description\":\"Andligt bokf\u00f6rlag som sprider positivitet, k\u00e4rlek och visdom. K\u00f6p Od\u00f6dligt s\u00f6kande av Elin Pehrsson p\u00e5 PW Publishing.\",\"breadcrumb\":{\"@id\":\"https:\\\/\\\/powerwithinconcept.com\\\/pw-publishing\\\/#breadcrumb\"},\"inLanguage\":\"en-GB\",\"potentialAction\":[{\"@type\":\"ReadAction\",\"target\":[\"https:\\\/\\\/powerwithinconcept.com\\\/pw-publishing\\\/\"]}]},{\"@type\":\"BreadcrumbList\",\"@id\":\"https:\\\/\\\/powerwithinconcept.com\\\/pw-publishing\\\/#breadcrumb\",\"itemListElement\":[{\"@type\":\"ListItem\",\"position\":1,\"name\":\"Hem\",\"item\":\"https:\\\/\\\/powerwithinconcept.com\\\/\"},{\"@type\":\"ListItem\",\"position\":2,\"name\":\"PW Publishing\"}]},{\"@type\":\"WebSite\",\"@id\":\"https:\\\/\\\/powerwithinconcept.com\\\/#website\",\"url\":\"https:\\\/\\\/powerwithinconcept.com\\\/\",\"name\":\"Power Within Concept\",\"description\":\"Healing, Spiritual Life Coaching &amp; Frekvensterapi\",\"publisher\":{\"@id\":\"https:\\\/\\\/powerwithinconcept.com\\\/#organization\"},\"alternateName\":\"Power Within\",\"potentialAction\":[{\"@type\":\"SearchAction\",\"target\":{\"@type\":\"EntryPoint\",\"urlTemplate\":\"https:\\\/\\\/powerwithinconcept.com\\\/?s={search_term_string}\"},\"query-input\":{\"@type\":\"PropertyValueSpecification\",\"valueRequired\":true,\"valueName\":\"search_term_string\"}}],\"inLanguage\":\"en-GB\"},{\"@type\":\"Organization\",\"@id\":\"https:\\\/\\\/powerwithinconcept.com\\\/#organization\",\"name\":\"Power Within Concept\",\"alternateName\":\"Power Within\",\"url\":\"https:\\\/\\\/powerwithinconcept.com\\\/\",\"logo\":{\"@type\":\"ImageObject\",\"inLanguage\":\"en-GB\",\"@id\":\"https:\\\/\\\/powerwithinconcept.com\\\/#\\\/schema\\\/logo\\\/image\\\/\",\"url\":\"https:\\\/\\\/powerwithinconcept.com\\\/wp-content\\\/uploads\\\/2023\\\/10\\\/PWC-logo-transparent.png\",\"contentUrl\":\"https:\\\/\\\/powerwithinconcept.com\\\/wp-content\\\/uploads\\\/2023\\\/10\\\/PWC-logo-transparent.png\",\"width\":3000,\"height\":3000,\"caption\":\"Power Within Concept\"},\"image\":{\"@id\":\"https:\\\/\\\/powerwithinconcept.com\\\/#\\\/schema\\\/logo\\\/image\\\/\"},\"sameAs\":[\"https:\\\/\\\/www.instagram.com\\\/powerwithinconcept\\\/\"]}]}<\/script>\n<!-- \/ Yoast SEO plugin. -->","yoast_head_json":{"title":"PW Publishing - Power Within Concept","description":"Andligt bokf\u00f6rlag som sprider positivitet, k\u00e4rlek och visdom. K\u00f6p Od\u00f6dligt s\u00f6kande av Elin Pehrsson p\u00e5 PW Publishing.","robots":{"index":"index","follow":"follow","max-snippet":"max-snippet:-1","max-image-preview":"max-image-preview:large","max-video-preview":"max-video-preview:-1"},"canonical":"https:\/\/powerwithinconcept.com\/en\/pw-publishing\/","og_locale":"en_GB","og_type":"article","og_title":"PW Publishing - Power Within Concept","og_description":"Andligt bokf\u00f6rlag som sprider positivitet, k\u00e4rlek och visdom. K\u00f6p Od\u00f6dligt s\u00f6kande av Elin Pehrsson p\u00e5 PW Publishing.","og_url":"https:\/\/powerwithinconcept.com\/en\/pw-publishing\/","og_site_name":"Power Within Concept","article_modified_time":"2025-05-15T14:26:45+00:00","og_image":[{"width":3000,"height":3000,"url":"https:\/\/powerwithinconcept.com\/wp-content\/uploads\/2023\/10\/PWC-logo.png","type":"image\/png"}],"twitter_card":"summary_large_image","twitter_misc":{"Estimated reading time":"2 minutes"},"schema":{"@context":"https:\/\/schema.org","@graph":[{"@type":"WebPage","@id":"https:\/\/powerwithinconcept.com\/pw-publishing\/","url":"https:\/\/powerwithinconcept.com\/pw-publishing\/","name":"PW Publishing - Power Within Concept","isPartOf":{"@id":"https:\/\/powerwithinconcept.com\/#website"},"datePublished":"2023-07-23T12:20:49+00:00","dateModified":"2025-05-15T14:26:45+00:00","description":"Andligt bokf\u00f6rlag som sprider positivitet, k\u00e4rlek och visdom. K\u00f6p Od\u00f6dligt s\u00f6kande av Elin Pehrsson p\u00e5 PW Publishing.","breadcrumb":{"@id":"https:\/\/powerwithinconcept.com\/pw-publishing\/#breadcrumb"},"inLanguage":"en-GB","potentialAction":[{"@type":"ReadAction","target":["https:\/\/powerwithinconcept.com\/pw-publishing\/"]}]},{"@type":"BreadcrumbList","@id":"https:\/\/powerwithinconcept.com\/pw-publishing\/#breadcrumb","itemListElement":[{"@type":"ListItem","position":1,"name":"Hem","item":"https:\/\/powerwithinconcept.com\/"},{"@type":"ListItem","position":2,"name":"PW Publishing"}]},{"@type":"WebSite","@id":"https:\/\/powerwithinconcept.com\/#website","url":"https:\/\/powerwithinconcept.com\/","name":"Power Within Concept","description":"Healing, Spiritual Life Coaching &amp; Frekvensterapi","publisher":{"@id":"https:\/\/powerwithinconcept.com\/#organization"},"alternateName":"Power Within","potentialAction":[{"@type":"SearchAction","target":{"@type":"EntryPoint","urlTemplate":"https:\/\/powerwithinconcept.com\/?s={search_term_string}"},"query-input":{"@type":"PropertyValueSpecification","valueRequired":true,"valueName":"search_term_string"}}],"inLanguage":"en-GB"},{"@type":"Organization","@id":"https:\/\/powerwithinconcept.com\/#organization","name":"Power Within Concept","alternateName":"Power Within","url":"https:\/\/powerwithinconcept.com\/","logo":{"@type":"ImageObject","inLanguage":"en-GB","@id":"https:\/\/powerwithinconcept.com\/#\/schema\/logo\/image\/","url":"https:\/\/powerwithinconcept.com\/wp-content\/uploads\/2023\/10\/PWC-logo-transparent.png","contentUrl":"https:\/\/powerwithinconcept.com\/wp-content\/uploads\/2023\/10\/PWC-logo-transparent.png","width":3000,"height":3000,"caption":"Power Within Concept"},"image":{"@id":"https:\/\/powerwithinconcept.com\/#\/schema\/logo\/image\/"},"sameAs":["https:\/\/www.instagram.com\/powerwithinconcept\/"]}]}},"jetpack_sharing_enabled":true,"_links":{"self":[{"href":"https:\/\/powerwithinconcept.com\/en\/wp-json\/wp\/v2\/pages\/210","targetHints":{"allow":["GET"]}}],"collection":[{"href":"https:\/\/powerwithinconcept.com\/en\/wp-json\/wp\/v2\/pages"}],"about":[{"href":"https:\/\/powerwithinconcept.com\/en\/wp-json\/wp\/v2\/types\/page"}],"author":[{"embeddable":true,"href":"https:\/\/powerwithinconcept.com\/en\/wp-json\/wp\/v2\/users\/1"}],"replies":[{"embeddable":true,"href":"https:\/\/powerwithinconcept.com\/en\/wp-json\/wp\/v2\/comments?post=210"}],"version-history":[{"count":50,"href":"https:\/\/powerwithinconcept.com\/en\/wp-json\/wp\/v2\/pages\/210\/revisions"}],"predecessor-version":[{"id":2487,"href":"https:\/\/powerwithinconcept.com\/en\/wp-json\/wp\/v2\/pages\/210\/revisions\/2487"}],"wp:attachment":[{"href":"https:\/\/powerwithinconcept.com\/en\/wp-json\/wp\/v2\/media?parent=210"}],"curies":[{"name":"wp","href":"https:\/\/api.w.org\/{rel}","templated":true}]}}