{"id":219,"date":"2023-07-23T12:20:49","date_gmt":"2023-07-23T12:20:49","guid":{"rendered":"https:\/\/powerwithinconcept.com\/om-2\/"},"modified":"2025-05-15T14:33:06","modified_gmt":"2025-05-15T14:33:06","slug":"power-within-concept-om-oss","status":"publish","type":"page","link":"https:\/\/powerwithinconcept.com\/en\/power-within-concept-om-oss\/","title":{"rendered":"About us"},"content":{"rendered":"<div data-elementor-type=\"wp-page\" data-elementor-id=\"219\" class=\"elementor elementor-219\">\n\t\t\t\t\t\t<section class=\"elementor-section elementor-top-section elementor-element elementor-element-fc1d72c elementor-section-full_width elementor-section-height-default elementor-section-height-default wpr-particle-no wpr-jarallax-no wpr-parallax-no wpr-sticky-section-no wpr-column-slider-no wpr-equal-height-no\" data-id=\"fc1d72c\" data-element_type=\"section\" data-e-type=\"section\" id=\"next\">\n\t\t\t\t\t\t<div class=\"elementor-container elementor-column-gap-no\">\n\t\t\t\t\t<div class=\"elementor-column elementor-col-100 elementor-top-column elementor-element elementor-element-7e49679e\" data-id=\"7e49679e\" data-element_type=\"column\" data-e-type=\"column\">\n\t\t\t<div class=\"elementor-widget-wrap elementor-element-populated\">\n\t\t\t\t\t\t<div class=\"elementor-element elementor-element-288fb72 elementor-widget elementor-widget-heading\" data-id=\"288fb72\" data-element_type=\"widget\" data-e-type=\"widget\" data-widget_type=\"heading.default\">\n\t\t\t\t<div class=\"elementor-widget-container\">\n\t\t\t\t\t<h3 class=\"elementor-heading-title elementor-size-default\">Power Within Concept - About us<\/h3>\t\t\t\t<\/div>\n\t\t\t\t<\/div>\n\t\t\t\t\t<\/div>\n\t\t<\/div>\n\t\t\t\t\t<\/div>\n\t\t<\/section>\n\t\t\t\t<section class=\"elementor-section elementor-top-section elementor-element elementor-element-6e5ab368 elementor-section-full_width elementor-section-content-middle elementor-reverse-tablet elementor-reverse-mobile elementor-section-height-default elementor-section-height-default wpr-particle-no wpr-jarallax-no wpr-parallax-no wpr-sticky-section-no wpr-column-slider-no wpr-equal-height-no\" data-id=\"6e5ab368\" data-element_type=\"section\" data-e-type=\"section\">\n\t\t\t\t\t\t<div class=\"elementor-container elementor-column-gap-no\">\n\t\t\t\t\t<div class=\"elementor-column elementor-col-50 elementor-top-column elementor-element elementor-element-1e4f3ee4\" data-id=\"1e4f3ee4\" data-element_type=\"column\" data-e-type=\"column\">\n\t\t\t<div class=\"elementor-widget-wrap elementor-element-populated\">\n\t\t\t\t\t\t<div class=\"elementor-element elementor-element-29bf0a4 elementor-widget elementor-widget-heading\" data-id=\"29bf0a4\" data-element_type=\"widget\" data-e-type=\"widget\" data-widget_type=\"heading.default\">\n\t\t\t\t<div class=\"elementor-widget-container\">\n\t\t\t\t\t<h2 class=\"elementor-heading-title elementor-size-default\">Power Within Concept<\/h2>\t\t\t\t<\/div>\n\t\t\t\t<\/div>\n\t\t\t\t<div class=\"elementor-element elementor-element-1b93638 elementor-widget elementor-widget-heading\" data-id=\"1b93638\" data-element_type=\"widget\" data-e-type=\"widget\" data-widget_type=\"heading.default\">\n\t\t\t\t<div class=\"elementor-widget-container\">\n\t\t\t\t\t<h2 class=\"elementor-heading-title elementor-size-default\">A HOLISTIC PLATFORM FOCUSING ON THE POWER WITHIN YOU<\/h2>\t\t\t\t<\/div>\n\t\t\t\t<\/div>\n\t\t\t\t<div class=\"elementor-element elementor-element-b89068e elementor-widget elementor-widget-text-editor\" data-id=\"b89068e\" data-element_type=\"widget\" data-e-type=\"widget\" data-widget_type=\"text-editor.default\">\n\t\t\t\t<div class=\"elementor-widget-container\">\n\t\t\t\t\t\t\t\t\t<p>V\u00e4ck din inre kraft och n\u00e5 din fulla potential!<\/p><p>Vi b\u00e4r alla p\u00e5 unika styrkor och f\u00f6rm\u00e5gor \u2013 redo att uppt\u00e4ckas och anv\u00e4ndas.<\/p><p>Elin grundade Power Within 2019 men arbetar idag tillsammans med h\u00e4lsoterapeuten Mikael Dabrowski.<\/p><p>V\u00e5r vision \u00e4r att hj\u00e4lpa m\u00e4nniskor till b\u00e4ttre h\u00e4lsa, att hitta sin inre v\u00e4gledning, uppn\u00e5 sina livsm\u00e5l och leva i sann harmoni.<\/p><p>Power Within Concept bygger p\u00e5 en enkel men kraftfull insikt: allt du beh\u00f6ver finns redan inom dig. Med v\u00e5ra tj\u00e4nster st\u00f6ttar vi dig p\u00e5 din resa mot balans i kropp, sj\u00e4l och sinne.<\/p>\t\t\t\t\t\t\t\t<\/div>\n\t\t\t\t<\/div>\n\t\t\t\t\t<\/div>\n\t\t<\/div>\n\t\t\t\t<div class=\"elementor-column elementor-col-50 elementor-top-column elementor-element elementor-element-31dd04c9\" data-id=\"31dd04c9\" data-element_type=\"column\" data-e-type=\"column\" data-settings=\"{&quot;background_background&quot;:&quot;classic&quot;}\">\n\t\t\t<div class=\"elementor-widget-wrap elementor-element-populated\">\n\t\t\t\t\t\t<div class=\"elementor-element elementor-element-6e63ebb6 elementor-widget__width-initial elementor-widget elementor-widget-spacer\" data-id=\"6e63ebb6\" data-element_type=\"widget\" data-e-type=\"widget\" data-widget_type=\"spacer.default\">\n\t\t\t\t<div class=\"elementor-widget-container\">\n\t\t\t\t\t\t\t<div class=\"elementor-spacer\">\n\t\t\t<div class=\"elementor-spacer-inner\"><\/div>\n\t\t<\/div>\n\t\t\t\t\t\t<\/div>\n\t\t\t\t<\/div>\n\t\t\t\t\t<\/div>\n\t\t<\/div>\n\t\t\t\t\t<\/div>\n\t\t<\/section>\n\t\t\t\t<section class=\"elementor-section elementor-top-section elementor-element elementor-element-9a73719 elementor-section-full_width elementor-section-content-top elementor-section-height-default elementor-section-height-default wpr-particle-no wpr-jarallax-no wpr-parallax-no wpr-sticky-section-no wpr-column-slider-no wpr-equal-height-no\" data-id=\"9a73719\" data-element_type=\"section\" data-e-type=\"section\">\n\t\t\t\t\t\t<div class=\"elementor-container elementor-column-gap-no\">\n\t\t\t\t\t<div class=\"elementor-column elementor-col-50 elementor-top-column elementor-element elementor-element-e8a0065\" data-id=\"e8a0065\" data-element_type=\"column\" data-e-type=\"column\">\n\t\t\t<div class=\"elementor-widget-wrap elementor-element-populated\">\n\t\t\t\t\t\t<div class=\"elementor-element elementor-element-4fc66d2 elementor-widget elementor-widget-image\" data-id=\"4fc66d2\" data-element_type=\"widget\" data-e-type=\"widget\" data-widget_type=\"image.default\">\n\t\t\t\t<div class=\"elementor-widget-container\">\n\t\t\t\t\t\t\t\t\t\t\t\t\t\t\t<img fetchpriority=\"high\" decoding=\"async\" width=\"800\" height=\"1000\" src=\"https:\/\/powerwithinconcept.com\/wp-content\/uploads\/2025\/04\/1-819x1024.png\" class=\"attachment-large size-large wp-image-2377\" alt=\"\" srcset=\"https:\/\/powerwithinconcept.com\/wp-content\/uploads\/2025\/04\/1-819x1024.png 819w, https:\/\/powerwithinconcept.com\/wp-content\/uploads\/2025\/04\/1-240x300.png 240w, https:\/\/powerwithinconcept.com\/wp-content\/uploads\/2025\/04\/1-768x960.png 768w, https:\/\/powerwithinconcept.com\/wp-content\/uploads\/2025\/04\/1-10x12.png 10w, https:\/\/powerwithinconcept.com\/wp-content\/uploads\/2025\/04\/1-600x750.png 600w, https:\/\/powerwithinconcept.com\/wp-content\/uploads\/2025\/04\/1.png 1080w\" sizes=\"(max-width: 800px) 100vw, 800px\" \/>\t\t\t\t\t\t\t\t\t\t\t\t\t\t\t<\/div>\n\t\t\t\t<\/div>\n\t\t\t\t<div class=\"elementor-element elementor-element-edc9793 elementor-widget elementor-widget-heading\" data-id=\"edc9793\" data-element_type=\"widget\" data-e-type=\"widget\" data-widget_type=\"heading.default\">\n\t\t\t\t<div class=\"elementor-widget-container\">\n\t\t\t\t\t<h2 class=\"elementor-heading-title elementor-size-default\">Elin Pehrsson\n<\/h2>\t\t\t\t<\/div>\n\t\t\t\t<\/div>\n\t\t\t\t<div class=\"elementor-element elementor-element-3f3d8bbe elementor-widget elementor-widget-heading\" data-id=\"3f3d8bbe\" data-element_type=\"widget\" data-e-type=\"widget\" data-widget_type=\"heading.default\">\n\t\t\t\t<div class=\"elementor-widget-container\">\n\t\t\t\t\t<h2 class=\"elementor-heading-title elementor-size-default\">F\u00f6rfattare, Healer &amp; Holistisk livscoach<\/h2>\t\t\t\t<\/div>\n\t\t\t\t<\/div>\n\t\t\t\t<div class=\"elementor-element elementor-element-c4a6898 elementor-widget elementor-widget-text-editor\" data-id=\"c4a6898\" data-element_type=\"widget\" data-e-type=\"widget\" data-widget_type=\"text-editor.default\">\n\t\t\t\t<div class=\"elementor-widget-container\">\n\t\t\t\t\t\t\t\t\t<p class=\"p1\">Elin f\u00f6rverkligande sin stora dr\u00f6m om att bli f\u00f6rfattare n\u00e4r hon 2022 debuterade med sin bok Od\u00f6dligt s\u00f6kande som gavs ut p\u00e5 hennes andliga f\u00f6rlag PW Publishing, d\u00e4r hon arbetar som bokf\u00f6rl\u00e4ggare.<\/p><p class=\"p1\">In addition to writing, she is passionate about helping people connect with their inner self and evolve through healing, meditation and counselling. Her interest in personal development and spirituality has been with her since she was a child.<\/p><p class=\"p1\">Living life and following her dreams has always been Elin's motto and this is what drives her forward, along with her belief that anything is possible.<\/p><p class=\"p1\">Hon erbjuder healing, healingmassage, tidigare liv-healing och medial livscoaching.<\/p>\t\t\t\t\t\t\t\t<\/div>\n\t\t\t\t<\/div>\n\t\t\t\t<div class=\"elementor-element elementor-element-22b0b81 elementor-align-left elementor-widget elementor-widget-button\" data-id=\"22b0b81\" data-element_type=\"widget\" data-e-type=\"widget\" data-widget_type=\"button.default\">\n\t\t\t\t<div class=\"elementor-widget-container\">\n\t\t\t\t\t\t\t\t\t<div class=\"elementor-button-wrapper\">\n\t\t\t\t\t<a class=\"elementor-button elementor-button-link elementor-size-sm\" href=\"https:\/\/powerwithinconcept.com\/en\/elin-pehrsson\/\" target=\"_blank\">\n\t\t\t\t\t\t<span class=\"elementor-button-content-wrapper\">\n\t\t\t\t\t\t\t\t\t<span class=\"elementor-button-text\">Read more about Elin<\/span>\n\t\t\t\t\t<\/span>\n\t\t\t\t\t<\/a>\n\t\t\t\t<\/div>\n\t\t\t\t\t\t\t\t<\/div>\n\t\t\t\t<\/div>\n\t\t\t\t\t<\/div>\n\t\t<\/div>\n\t\t\t\t<div class=\"elementor-column elementor-col-50 elementor-top-column elementor-element elementor-element-1e614c0\" data-id=\"1e614c0\" data-element_type=\"column\" data-e-type=\"column\">\n\t\t\t<div class=\"elementor-widget-wrap elementor-element-populated\">\n\t\t\t\t\t\t<div class=\"elementor-element elementor-element-29fe9d1 elementor-widget elementor-widget-image\" data-id=\"29fe9d1\" data-element_type=\"widget\" data-e-type=\"widget\" data-widget_type=\"image.default\">\n\t\t\t\t<div class=\"elementor-widget-container\">\n\t\t\t\t\t\t\t\t\t\t\t\t\t\t\t<img decoding=\"async\" width=\"800\" height=\"1000\" src=\"https:\/\/powerwithinconcept.com\/wp-content\/uploads\/2025\/04\/2-819x1024.png\" class=\"attachment-large size-large wp-image-2378\" alt=\"\" srcset=\"https:\/\/powerwithinconcept.com\/wp-content\/uploads\/2025\/04\/2-819x1024.png 819w, https:\/\/powerwithinconcept.com\/wp-content\/uploads\/2025\/04\/2-240x300.png 240w, https:\/\/powerwithinconcept.com\/wp-content\/uploads\/2025\/04\/2-768x960.png 768w, https:\/\/powerwithinconcept.com\/wp-content\/uploads\/2025\/04\/2-10x12.png 10w, https:\/\/powerwithinconcept.com\/wp-content\/uploads\/2025\/04\/2-600x750.png 600w, https:\/\/powerwithinconcept.com\/wp-content\/uploads\/2025\/04\/2.png 1080w\" sizes=\"(max-width: 800px) 100vw, 800px\" \/>\t\t\t\t\t\t\t\t\t\t\t\t\t\t\t<\/div>\n\t\t\t\t<\/div>\n\t\t\t\t<div class=\"elementor-element elementor-element-1658224 elementor-widget elementor-widget-heading\" data-id=\"1658224\" data-element_type=\"widget\" data-e-type=\"widget\" data-widget_type=\"heading.default\">\n\t\t\t\t<div class=\"elementor-widget-container\">\n\t\t\t\t\t<h2 class=\"elementor-heading-title elementor-size-default\">Mikael Dabrowski\n<\/h2>\t\t\t\t<\/div>\n\t\t\t\t<\/div>\n\t\t\t\t<div class=\"elementor-element elementor-element-6fb25ca elementor-widget elementor-widget-heading\" data-id=\"6fb25ca\" data-element_type=\"widget\" data-e-type=\"widget\" data-widget_type=\"heading.default\">\n\t\t\t\t<div class=\"elementor-widget-container\">\n\t\t\t\t\t<h2 class=\"elementor-heading-title elementor-size-default\">Holistic Health Therapist in Biomedicine<\/h2>\t\t\t\t<\/div>\n\t\t\t\t<\/div>\n\t\t\t\t<div class=\"elementor-element elementor-element-47fdde7 elementor-widget elementor-widget-text-editor\" data-id=\"47fdde7\" data-element_type=\"widget\" data-e-type=\"widget\" data-widget_type=\"text-editor.default\">\n\t\t\t\t<div class=\"elementor-widget-container\">\n\t\t\t\t\t\t\t\t\t<p class=\"p1\">Mikael has a background in extreme sports as a professional kite surfer, but felt a strong calling to help people and animals. His interest in spirituality has been with him since childhood.<\/p><p class=\"p1\">After his studies in Biomedicine, he has worked with sports injuries, massage, red light therapy, meditation, yoga and coaching.<\/p><p class=\"p1\">Mikael's interest in healing and linking spirituality and science led him to quantum physics. Today he works with frequency therapy through advanced quantum programs that can, for example, remotely analyse a person's energy system and then balance out imbalances.\u00a0<\/p><p class=\"p1\">Han erbjuder frekvensterapi, idrottsmassage, r\u00f6dljusterapi, meditation, yoga och coaching.<\/p>\t\t\t\t\t\t\t\t<\/div>\n\t\t\t\t<\/div>\n\t\t\t\t<div class=\"elementor-element elementor-element-d5c077f elementor-align-left elementor-widget elementor-widget-button\" data-id=\"d5c077f\" data-element_type=\"widget\" data-e-type=\"widget\" data-widget_type=\"button.default\">\n\t\t\t\t<div class=\"elementor-widget-container\">\n\t\t\t\t\t\t\t\t\t<div class=\"elementor-button-wrapper\">\n\t\t\t\t\t<a class=\"elementor-button elementor-button-link elementor-size-sm\" href=\"https:\/\/powerwithinconcept.com\/en\/mikael-dabrowski\/\" target=\"_blank\">\n\t\t\t\t\t\t<span class=\"elementor-button-content-wrapper\">\n\t\t\t\t\t\t\t\t\t<span class=\"elementor-button-text\">Read more about Mikael<\/span>\n\t\t\t\t\t<\/span>\n\t\t\t\t\t<\/a>\n\t\t\t\t<\/div>\n\t\t\t\t\t\t\t\t<\/div>\n\t\t\t\t<\/div>\n\t\t\t\t\t<\/div>\n\t\t<\/div>\n\t\t\t\t\t<\/div>\n\t\t<\/section>\n\t\t\t\t<\/div>","protected":false},"excerpt":{"rendered":"<p>Power Within Concept &#8211; Om oss Power Within Concept EN HOLISTISK SAMLINGSPLATS MED FOKUS P\u00c5 KRAFTEN INOM DIG V\u00e4ck din inre kraft och n\u00e5 din fulla potential! Vi b\u00e4r alla p\u00e5 unika styrkor och f\u00f6rm\u00e5gor \u2013 redo att uppt\u00e4ckas och anv\u00e4ndas. Elin grundade Power Within 2019 men arbetar idag tillsammans med h\u00e4lsoterapeuten Mikael Dabrowski. V\u00e5r vision \u00e4r att hj\u00e4lpa m\u00e4nniskor till b\u00e4ttre h\u00e4lsa, att hitta sin inre v\u00e4gledning, uppn\u00e5 sina livsm\u00e5l och leva i sann harmoni. Power Within Concept bygger p\u00e5 en enkel men kraftfull insikt: allt du beh\u00f6ver finns redan inom dig. Med v\u00e5ra tj\u00e4nster st\u00f6ttar vi dig p\u00e5 din resa mot balans i kropp, sj\u00e4l och sinne. Elin Pehrsson F\u00f6rfattare, Healer &#038; Holistisk livscoach Elin f\u00f6rverkligande sin stora dr\u00f6m om att bli f\u00f6rfattare n\u00e4r hon 2022 debuterade med sin bok Od\u00f6dligt s\u00f6kande som gavs ut p\u00e5 hennes andliga f\u00f6rlag PW Publishing, d\u00e4r hon arbetar som bokf\u00f6rl\u00e4ggare. F\u00f6rutom skrivandet s\u00e5 brinner hon f\u00f6r att hj\u00e4lpa m\u00e4nniskor att f\u00e5 kontakt med sitt inre och utvecklas genom healing, meditation och samtal. Intresset f\u00f6r personlig utveckling och andlighet har hon haft med sig sedan hon var barn. Att leva livet och f\u00f6lja sina dr\u00f6mmar har alltid varit Elins motto och det \u00e4r detta som driver henne fram\u00e5t, tillsammans med sin \u00f6vertygelse om att allt \u00e4r m\u00f6jligt. Hon erbjuder healing, healingmassage, tidigare liv-healing och medial livscoaching. L\u00e4s mer om Elin Mikael Dabrowski Holistisk h\u00e4lsoterapeut i biomedicin Mikael har en bakgrund i extremsport som professionell kitesurfare, men k\u00e4nde ett starkt kall att hj\u00e4lpa m\u00e4nniskor och djur. Intresset f\u00f6r andlighet har han haft med sig sedan barnsben. Efter hans studier i Biomedicin s\u00e5 har han jobbat med idrottsskador, massage, r\u00f6dljusterapi, meditation, yoga och coachning. Mikaels intresse f\u00f6r healing samt att sammanl\u00e4nka andlighet och vetenskap ledde han till kvantfysiken. Idag arbetar han med frekvensterapi genom avancerade kvantprogram som till exempel p\u00e5 distans kan analysera en persons energisystem f\u00f6r att sedan balansera upp obalanser.\u00a0 Han erbjuder frekvensterapi, idrottsmassage, r\u00f6dljusterapi, meditation, yoga och coaching. L\u00e4s mer om Mikael<\/p>","protected":false},"author":1,"featured_media":0,"parent":0,"menu_order":0,"comment_status":"closed","ping_status":"closed","template":"","meta":{"_eb_attr":"","footnotes":""},"class_list":["post-219","page","type-page","status-publish","hentry"],"yoast_head":"<!-- This site is optimized with the Yoast SEO plugin v27.6 - https:\/\/yoast.com\/product\/yoast-seo-wordpress\/ -->\n<title>Power Within Concept - Om oss<\/title>\n<meta name=\"description\" content=\"Elin Pehrsson och Mikael Dabrowski p\u00e5 Power Within Concept st\u00f6ttar dig p\u00e5 resan mot harmoni och balans f\u00f6r kropp, sj\u00e4l och ande.\" \/>\n<meta name=\"robots\" content=\"index, follow, max-snippet:-1, max-image-preview:large, max-video-preview:-1\" \/>\n<link rel=\"canonical\" href=\"https:\/\/powerwithinconcept.com\/en\/power-within-concept-om-oss\/\" \/>\n<meta property=\"og:locale\" content=\"en_GB\" \/>\n<meta property=\"og:type\" content=\"article\" \/>\n<meta property=\"og:title\" content=\"Power Within Concept - Om oss\" \/>\n<meta property=\"og:description\" content=\"Elin Pehrsson och Mikael Dabrowski p\u00e5 Power Within Concept st\u00f6ttar dig p\u00e5 resan mot harmoni och balans f\u00f6r kropp, sj\u00e4l och ande.\" \/>\n<meta property=\"og:url\" content=\"https:\/\/powerwithinconcept.com\/en\/power-within-concept-om-oss\/\" \/>\n<meta property=\"og:site_name\" content=\"Power Within Concept\" \/>\n<meta property=\"article:modified_time\" content=\"2025-05-15T14:33:06+00:00\" \/>\n<meta property=\"og:image\" content=\"https:\/\/powerwithinconcept.com\/wp-content\/uploads\/2025\/04\/1-819x1024.png\" \/>\n\t<meta property=\"og:image:width\" content=\"819\" \/>\n\t<meta property=\"og:image:height\" content=\"1024\" \/>\n\t<meta property=\"og:image:type\" content=\"image\/png\" \/>\n<meta name=\"twitter:card\" content=\"summary_large_image\" \/>\n<meta name=\"twitter:label1\" content=\"Estimated reading time\" \/>\n\t<meta name=\"twitter:data1\" content=\"3 minutes\" \/>\n<script type=\"application\/ld+json\" class=\"yoast-schema-graph\">{\"@context\":\"https:\\\/\\\/schema.org\",\"@graph\":[{\"@type\":\"WebPage\",\"@id\":\"https:\\\/\\\/powerwithinconcept.com\\\/power-within-concept-om-oss\\\/\",\"url\":\"https:\\\/\\\/powerwithinconcept.com\\\/power-within-concept-om-oss\\\/\",\"name\":\"Power Within Concept - Om oss\",\"isPartOf\":{\"@id\":\"https:\\\/\\\/powerwithinconcept.com\\\/#website\"},\"primaryImageOfPage\":{\"@id\":\"https:\\\/\\\/powerwithinconcept.com\\\/power-within-concept-om-oss\\\/#primaryimage\"},\"image\":{\"@id\":\"https:\\\/\\\/powerwithinconcept.com\\\/power-within-concept-om-oss\\\/#primaryimage\"},\"thumbnailUrl\":\"https:\\\/\\\/powerwithinconcept.com\\\/wp-content\\\/uploads\\\/2025\\\/04\\\/1-819x1024.png\",\"datePublished\":\"2023-07-23T12:20:49+00:00\",\"dateModified\":\"2025-05-15T14:33:06+00:00\",\"description\":\"Elin Pehrsson och Mikael Dabrowski p\u00e5 Power Within Concept st\u00f6ttar dig p\u00e5 resan mot harmoni och balans f\u00f6r kropp, sj\u00e4l och ande.\",\"breadcrumb\":{\"@id\":\"https:\\\/\\\/powerwithinconcept.com\\\/power-within-concept-om-oss\\\/#breadcrumb\"},\"inLanguage\":\"en-GB\",\"potentialAction\":[{\"@type\":\"ReadAction\",\"target\":[\"https:\\\/\\\/powerwithinconcept.com\\\/power-within-concept-om-oss\\\/\"]}]},{\"@type\":\"ImageObject\",\"inLanguage\":\"en-GB\",\"@id\":\"https:\\\/\\\/powerwithinconcept.com\\\/power-within-concept-om-oss\\\/#primaryimage\",\"url\":\"https:\\\/\\\/powerwithinconcept.com\\\/wp-content\\\/uploads\\\/2025\\\/04\\\/1-819x1024.png\",\"contentUrl\":\"https:\\\/\\\/powerwithinconcept.com\\\/wp-content\\\/uploads\\\/2025\\\/04\\\/1-819x1024.png\"},{\"@type\":\"BreadcrumbList\",\"@id\":\"https:\\\/\\\/powerwithinconcept.com\\\/power-within-concept-om-oss\\\/#breadcrumb\",\"itemListElement\":[{\"@type\":\"ListItem\",\"position\":1,\"name\":\"Hem\",\"item\":\"https:\\\/\\\/powerwithinconcept.com\\\/\"},{\"@type\":\"ListItem\",\"position\":2,\"name\":\"Om oss\"}]},{\"@type\":\"WebSite\",\"@id\":\"https:\\\/\\\/powerwithinconcept.com\\\/#website\",\"url\":\"https:\\\/\\\/powerwithinconcept.com\\\/\",\"name\":\"Power Within Concept\",\"description\":\"Healing, Spiritual Life Coaching &amp; Frekvensterapi\",\"publisher\":{\"@id\":\"https:\\\/\\\/powerwithinconcept.com\\\/#organization\"},\"alternateName\":\"Power Within\",\"potentialAction\":[{\"@type\":\"SearchAction\",\"target\":{\"@type\":\"EntryPoint\",\"urlTemplate\":\"https:\\\/\\\/powerwithinconcept.com\\\/?s={search_term_string}\"},\"query-input\":{\"@type\":\"PropertyValueSpecification\",\"valueRequired\":true,\"valueName\":\"search_term_string\"}}],\"inLanguage\":\"en-GB\"},{\"@type\":\"Organization\",\"@id\":\"https:\\\/\\\/powerwithinconcept.com\\\/#organization\",\"name\":\"Power Within Concept\",\"alternateName\":\"Power Within\",\"url\":\"https:\\\/\\\/powerwithinconcept.com\\\/\",\"logo\":{\"@type\":\"ImageObject\",\"inLanguage\":\"en-GB\",\"@id\":\"https:\\\/\\\/powerwithinconcept.com\\\/#\\\/schema\\\/logo\\\/image\\\/\",\"url\":\"https:\\\/\\\/powerwithinconcept.com\\\/wp-content\\\/uploads\\\/2023\\\/10\\\/PWC-logo-transparent.png\",\"contentUrl\":\"https:\\\/\\\/powerwithinconcept.com\\\/wp-content\\\/uploads\\\/2023\\\/10\\\/PWC-logo-transparent.png\",\"width\":3000,\"height\":3000,\"caption\":\"Power Within Concept\"},\"image\":{\"@id\":\"https:\\\/\\\/powerwithinconcept.com\\\/#\\\/schema\\\/logo\\\/image\\\/\"},\"sameAs\":[\"https:\\\/\\\/www.instagram.com\\\/powerwithinconcept\\\/\"]}]}<\/script>\n<!-- \/ Yoast SEO plugin. -->","yoast_head_json":{"title":"Power Within Concept - About us","description":"Elin Pehrsson och Mikael Dabrowski p\u00e5 Power Within Concept st\u00f6ttar dig p\u00e5 resan mot harmoni och balans f\u00f6r kropp, sj\u00e4l och ande.","robots":{"index":"index","follow":"follow","max-snippet":"max-snippet:-1","max-image-preview":"max-image-preview:large","max-video-preview":"max-video-preview:-1"},"canonical":"https:\/\/powerwithinconcept.com\/en\/power-within-concept-om-oss\/","og_locale":"en_GB","og_type":"article","og_title":"Power Within Concept - Om oss","og_description":"Elin Pehrsson och Mikael Dabrowski p\u00e5 Power Within Concept st\u00f6ttar dig p\u00e5 resan mot harmoni och balans f\u00f6r kropp, sj\u00e4l och ande.","og_url":"https:\/\/powerwithinconcept.com\/en\/power-within-concept-om-oss\/","og_site_name":"Power Within Concept","article_modified_time":"2025-05-15T14:33:06+00:00","og_image":[{"width":819,"height":1024,"url":"https:\/\/powerwithinconcept.com\/wp-content\/uploads\/2025\/04\/1-819x1024.png","type":"image\/png"}],"twitter_card":"summary_large_image","twitter_misc":{"Estimated reading time":"3 minutes"},"schema":{"@context":"https:\/\/schema.org","@graph":[{"@type":"WebPage","@id":"https:\/\/powerwithinconcept.com\/power-within-concept-om-oss\/","url":"https:\/\/powerwithinconcept.com\/power-within-concept-om-oss\/","name":"Power Within Concept - About us","isPartOf":{"@id":"https:\/\/powerwithinconcept.com\/#website"},"primaryImageOfPage":{"@id":"https:\/\/powerwithinconcept.com\/power-within-concept-om-oss\/#primaryimage"},"image":{"@id":"https:\/\/powerwithinconcept.com\/power-within-concept-om-oss\/#primaryimage"},"thumbnailUrl":"https:\/\/powerwithinconcept.com\/wp-content\/uploads\/2025\/04\/1-819x1024.png","datePublished":"2023-07-23T12:20:49+00:00","dateModified":"2025-05-15T14:33:06+00:00","description":"Elin Pehrsson och Mikael Dabrowski p\u00e5 Power Within Concept st\u00f6ttar dig p\u00e5 resan mot harmoni och balans f\u00f6r kropp, sj\u00e4l och ande.","breadcrumb":{"@id":"https:\/\/powerwithinconcept.com\/power-within-concept-om-oss\/#breadcrumb"},"inLanguage":"en-GB","potentialAction":[{"@type":"ReadAction","target":["https:\/\/powerwithinconcept.com\/power-within-concept-om-oss\/"]}]},{"@type":"ImageObject","inLanguage":"en-GB","@id":"https:\/\/powerwithinconcept.com\/power-within-concept-om-oss\/#primaryimage","url":"https:\/\/powerwithinconcept.com\/wp-content\/uploads\/2025\/04\/1-819x1024.png","contentUrl":"https:\/\/powerwithinconcept.com\/wp-content\/uploads\/2025\/04\/1-819x1024.png"},{"@type":"BreadcrumbList","@id":"https:\/\/powerwithinconcept.com\/power-within-concept-om-oss\/#breadcrumb","itemListElement":[{"@type":"ListItem","position":1,"name":"Hem","item":"https:\/\/powerwithinconcept.com\/"},{"@type":"ListItem","position":2,"name":"Om oss"}]},{"@type":"WebSite","@id":"https:\/\/powerwithinconcept.com\/#website","url":"https:\/\/powerwithinconcept.com\/","name":"Power Within Concept","description":"Healing, Spiritual Life Coaching &amp; Frekvensterapi","publisher":{"@id":"https:\/\/powerwithinconcept.com\/#organization"},"alternateName":"Power Within","potentialAction":[{"@type":"SearchAction","target":{"@type":"EntryPoint","urlTemplate":"https:\/\/powerwithinconcept.com\/?s={search_term_string}"},"query-input":{"@type":"PropertyValueSpecification","valueRequired":true,"valueName":"search_term_string"}}],"inLanguage":"en-GB"},{"@type":"Organization","@id":"https:\/\/powerwithinconcept.com\/#organization","name":"Power Within Concept","alternateName":"Power Within","url":"https:\/\/powerwithinconcept.com\/","logo":{"@type":"ImageObject","inLanguage":"en-GB","@id":"https:\/\/powerwithinconcept.com\/#\/schema\/logo\/image\/","url":"https:\/\/powerwithinconcept.com\/wp-content\/uploads\/2023\/10\/PWC-logo-transparent.png","contentUrl":"https:\/\/powerwithinconcept.com\/wp-content\/uploads\/2023\/10\/PWC-logo-transparent.png","width":3000,"height":3000,"caption":"Power Within Concept"},"image":{"@id":"https:\/\/powerwithinconcept.com\/#\/schema\/logo\/image\/"},"sameAs":["https:\/\/www.instagram.com\/powerwithinconcept\/"]}]}},"jetpack_sharing_enabled":true,"_links":{"self":[{"href":"https:\/\/powerwithinconcept.com\/en\/wp-json\/wp\/v2\/pages\/219","targetHints":{"allow":["GET"]}}],"collection":[{"href":"https:\/\/powerwithinconcept.com\/en\/wp-json\/wp\/v2\/pages"}],"about":[{"href":"https:\/\/powerwithinconcept.com\/en\/wp-json\/wp\/v2\/types\/page"}],"author":[{"embeddable":true,"href":"https:\/\/powerwithinconcept.com\/en\/wp-json\/wp\/v2\/users\/1"}],"replies":[{"embeddable":true,"href":"https:\/\/powerwithinconcept.com\/en\/wp-json\/wp\/v2\/comments?post=219"}],"version-history":[{"count":119,"href":"https:\/\/powerwithinconcept.com\/en\/wp-json\/wp\/v2\/pages\/219\/revisions"}],"predecessor-version":[{"id":2496,"href":"https:\/\/powerwithinconcept.com\/en\/wp-json\/wp\/v2\/pages\/219\/revisions\/2496"}],"wp:attachment":[{"href":"https:\/\/powerwithinconcept.com\/en\/wp-json\/wp\/v2\/media?parent=219"}],"curies":[{"name":"wp","href":"https:\/\/api.w.org\/{rel}","templated":true}]}}