{"id":222,"date":"2023-07-23T12:20:49","date_gmt":"2023-07-23T12:20:49","guid":{"rendered":"https:\/\/powerwithinconcept.com\/kontakt-2\/"},"modified":"2025-05-15T15:11:34","modified_gmt":"2025-05-15T15:11:34","slug":"kontakt-power-within-concept","status":"publish","type":"page","link":"https:\/\/powerwithinconcept.com\/en\/kontakt-power-within-concept\/","title":{"rendered":"Contact"},"content":{"rendered":"<div data-elementor-type=\"wp-page\" data-elementor-id=\"222\" class=\"elementor elementor-222\">\n\t\t\t\t\t\t<section class=\"elementor-section elementor-top-section elementor-element elementor-element-362b7947 elementor-reverse-mobile elementor-section-boxed elementor-section-height-default elementor-section-height-default wpr-particle-no wpr-jarallax-no wpr-parallax-no wpr-sticky-section-no wpr-column-slider-no wpr-equal-height-no\" data-id=\"362b7947\" data-element_type=\"section\" data-e-type=\"section\" data-settings=\"{&quot;background_background&quot;:&quot;classic&quot;}\">\n\t\t\t\t\t\t<div class=\"elementor-container elementor-column-gap-default\">\n\t\t\t\t\t<div class=\"elementor-column elementor-col-100 elementor-top-column elementor-element elementor-element-2e24601b\" data-id=\"2e24601b\" data-element_type=\"column\" data-e-type=\"column\">\n\t\t\t<div class=\"elementor-widget-wrap elementor-element-populated\">\n\t\t\t\t\t\t<div class=\"elementor-element elementor-element-3c3681c4 animated-slow elementor-invisible elementor-widget elementor-widget-heading\" data-id=\"3c3681c4\" data-element_type=\"widget\" data-e-type=\"widget\" data-settings=\"{&quot;_animation&quot;:&quot;slideInRight&quot;,&quot;_animation_delay&quot;:100}\" data-widget_type=\"heading.default\">\n\t\t\t\t<div class=\"elementor-widget-container\">\n\t\t\t\t\t<h2 class=\"elementor-heading-title elementor-size-default\">Tveka inte att h\u00f6ra av dig<\/h2>\t\t\t\t<\/div>\n\t\t\t\t<\/div>\n\t\t\t\t<div class=\"elementor-element elementor-element-3f636e27 animated-slow elementor-invisible elementor-widget elementor-widget-text-editor\" data-id=\"3f636e27\" data-element_type=\"widget\" data-e-type=\"widget\" data-settings=\"{&quot;_animation&quot;:&quot;slideInRight&quot;,&quot;_animation_delay&quot;:200}\" data-widget_type=\"text-editor.default\">\n\t\t\t\t<div class=\"elementor-widget-container\">\n\t\t\t\t\t\t\t\t\t<p>Har du fr\u00e5gor, vill g\u00f6ra samarbeten eller vill boka tid s\u00e5 \u00e4r du varmt v\u00e4lkommen att h\u00f6ra av dig via mail.<\/p>\t\t\t\t\t\t\t\t<\/div>\n\t\t\t\t<\/div>\n\t\t\t\t<section class=\"elementor-section elementor-inner-section elementor-element elementor-element-502cdf0e animated-slow elementor-section-boxed elementor-section-height-default elementor-section-height-default wpr-particle-no wpr-jarallax-no wpr-parallax-no wpr-sticky-section-no wpr-column-slider-no wpr-equal-height-no elementor-invisible\" data-id=\"502cdf0e\" data-element_type=\"section\" data-e-type=\"section\" data-settings=\"{&quot;animation&quot;:&quot;slideInRight&quot;,&quot;animation_delay&quot;:400}\">\n\t\t\t\t\t\t<div class=\"elementor-container elementor-column-gap-no\">\n\t\t\t\t\t<div class=\"elementor-column elementor-col-50 elementor-inner-column elementor-element elementor-element-78df720a elementor-invisible\" data-id=\"78df720a\" data-element_type=\"column\" data-e-type=\"column\" data-settings=\"{&quot;animation&quot;:&quot;fadeIn&quot;,&quot;animation_delay&quot;:150}\">\n\t\t\t<div class=\"elementor-widget-wrap elementor-element-populated\">\n\t\t\t\t\t\t<div class=\"elementor-element elementor-element-3256ee73 elementor-widget elementor-widget-heading\" data-id=\"3256ee73\" data-element_type=\"widget\" data-e-type=\"widget\" data-widget_type=\"heading.default\">\n\t\t\t\t<div class=\"elementor-widget-container\">\n\t\t\t\t\t<h2 class=\"elementor-heading-title elementor-size-default\">Mail<\/h2>\t\t\t\t<\/div>\n\t\t\t\t<\/div>\n\t\t\t\t<div class=\"elementor-element elementor-element-338adaf7 elementor-icon-list--layout-traditional elementor-list-item-link-full_width elementor-widget elementor-widget-icon-list\" data-id=\"338adaf7\" data-element_type=\"widget\" data-e-type=\"widget\" data-widget_type=\"icon-list.default\">\n\t\t\t\t<div class=\"elementor-widget-container\">\n\t\t\t\t\t\t\t<ul class=\"elementor-icon-list-items\">\n\t\t\t\t\t\t\t<li class=\"elementor-icon-list-item\">\n\t\t\t\t\t\t\t\t\t\t\t<a href=\"mailto:info@powerwithinconcept.com\">\n\n\t\t\t\t\t\t\t\t\t\t\t\t<span class=\"elementor-icon-list-icon\">\n\t\t\t\t\t\t\t<i aria-hidden=\"true\" class=\"far fa-envelope-open\"><\/i>\t\t\t\t\t\t<\/span>\n\t\t\t\t\t\t\t\t\t\t<span class=\"elementor-icon-list-text\">info@powerwithinconcept.com<\/span>\n\t\t\t\t\t\t\t\t\t\t\t<\/a>\n\t\t\t\t\t\t\t\t\t<\/li>\n\t\t\t\t\t\t<\/ul>\n\t\t\t\t\t\t<\/div>\n\t\t\t\t<\/div>\n\t\t\t\t\t<\/div>\n\t\t<\/div>\n\t\t\t\t<div class=\"elementor-column elementor-col-50 elementor-inner-column elementor-element elementor-element-5ce88b3a elementor-invisible\" data-id=\"5ce88b3a\" data-element_type=\"column\" data-e-type=\"column\" data-settings=\"{&quot;animation&quot;:&quot;fadeIn&quot;,&quot;animation_delay&quot;:200}\">\n\t\t\t<div class=\"elementor-widget-wrap elementor-element-populated\">\n\t\t\t\t\t\t<div class=\"elementor-element elementor-element-41e31260 elementor-widget elementor-widget-heading\" data-id=\"41e31260\" data-element_type=\"widget\" data-e-type=\"widget\" data-widget_type=\"heading.default\">\n\t\t\t\t<div class=\"elementor-widget-container\">\n\t\t\t\t\t<h2 class=\"elementor-heading-title elementor-size-default\">Sociala medier<\/h2>\t\t\t\t<\/div>\n\t\t\t\t<\/div>\n\t\t\t\t<div class=\"elementor-element elementor-element-57ec90db elementor-shape-circle e-grid-align-left e-grid-align-tablet-left elementor-grid-0 elementor-widget elementor-widget-social-icons\" data-id=\"57ec90db\" data-element_type=\"widget\" data-e-type=\"widget\" data-widget_type=\"social-icons.default\">\n\t\t\t\t<div class=\"elementor-widget-container\">\n\t\t\t\t\t\t\t<div class=\"elementor-social-icons-wrapper elementor-grid\" role=\"list\">\n\t\t\t\t\t\t\t<span class=\"elementor-grid-item\" role=\"listitem\">\n\t\t\t\t\t<a class=\"elementor-icon elementor-social-icon elementor-social-icon-podcast elementor-animation-grow elementor-repeater-item-61d2a3e\" href=\"https:\/\/podcasts.apple.com\/se\/podcast\/power-within-podcast\/id1688582393\" target=\"_blank\">\n\t\t\t\t\t\t<span class=\"elementor-screen-only\">Podcast<\/span>\n\t\t\t\t\t\t<i aria-hidden=\"true\" class=\"fas fa-podcast\"><\/i>\t\t\t\t\t<\/a>\n\t\t\t\t<\/span>\n\t\t\t\t\t\t\t<span class=\"elementor-grid-item\" role=\"listitem\">\n\t\t\t\t\t<a class=\"elementor-icon elementor-social-icon elementor-social-icon-spotify elementor-animation-grow elementor-repeater-item-5f090ab\" href=\"https:\/\/open.spotify.com\/show\/2sTwfuMpsjl0FYF5hPcBOG?si=d054233c7e034362\" target=\"_blank\">\n\t\t\t\t\t\t<span class=\"elementor-screen-only\">Spotify<\/span>\n\t\t\t\t\t\t<i aria-hidden=\"true\" class=\"fab fa-spotify\"><\/i>\t\t\t\t\t<\/a>\n\t\t\t\t<\/span>\n\t\t\t\t\t\t\t<span class=\"elementor-grid-item\" role=\"listitem\">\n\t\t\t\t\t<a class=\"elementor-icon elementor-social-icon elementor-social-icon-youtube elementor-animation-grow elementor-repeater-item-bf009bb\" href=\"https:\/\/www.youtube.com\/@elin.pehrsson\" target=\"_blank\">\n\t\t\t\t\t\t<span class=\"elementor-screen-only\">Youtube<\/span>\n\t\t\t\t\t\t<i aria-hidden=\"true\" class=\"fab fa-youtube\"><\/i>\t\t\t\t\t<\/a>\n\t\t\t\t<\/span>\n\t\t\t\t\t<\/div>\n\t\t\t\t\t\t<\/div>\n\t\t\t\t<\/div>\n\t\t\t\t\t<\/div>\n\t\t<\/div>\n\t\t\t\t\t<\/div>\n\t\t<\/section>\n\t\t\t\t\t<\/div>\n\t\t<\/div>\n\t\t\t\t\t<\/div>\n\t\t<\/section>\n\t\t\t\t<\/div>","protected":false},"excerpt":{"rendered":"<p>Tveka inte att h\u00f6ra av dig Har du fr\u00e5gor, vill g\u00f6ra samarbeten eller vill boka tid s\u00e5 \u00e4r du varmt v\u00e4lkommen att h\u00f6ra av dig via mail. Mail info@powerwithinconcept.com Sociala medier Podcast Spotify Youtube<\/p>","protected":false},"author":1,"featured_media":0,"parent":0,"menu_order":0,"comment_status":"closed","ping_status":"closed","template":"","meta":{"_eb_attr":"","footnotes":""},"class_list":["post-222","page","type-page","status-publish","hentry"],"yoast_head":"<!-- This site is optimized with the Yoast SEO plugin v27.6 - https:\/\/yoast.com\/product\/yoast-seo-wordpress\/ -->\n<title>Kontakt - Power Within Concept<\/title>\n<meta name=\"description\" content=\"Kontakta oss p\u00e5 Power Within Concept, p\u00e5 info@powerwithinconcept.com eller Instagram @powerwithinconcept\" \/>\n<meta name=\"robots\" content=\"index, follow, max-snippet:-1, max-image-preview:large, max-video-preview:-1\" \/>\n<link rel=\"canonical\" href=\"https:\/\/powerwithinconcept.com\/en\/kontakt-power-within-concept\/\" \/>\n<meta property=\"og:locale\" content=\"en_GB\" \/>\n<meta property=\"og:type\" content=\"article\" \/>\n<meta property=\"og:title\" content=\"Kontakt - Power Within Concept\" \/>\n<meta property=\"og:description\" content=\"Kontakta oss p\u00e5 Power Within Concept, p\u00e5 info@powerwithinconcept.com eller Instagram @powerwithinconcept\" \/>\n<meta property=\"og:url\" content=\"https:\/\/powerwithinconcept.com\/en\/kontakt-power-within-concept\/\" \/>\n<meta property=\"og:site_name\" content=\"Power Within Concept\" \/>\n<meta property=\"article:modified_time\" content=\"2025-05-15T15:11:34+00:00\" \/>\n<meta property=\"og:image\" content=\"https:\/\/powerwithinconcept.com\/wp-content\/uploads\/2023\/10\/PWC-logo.png\" \/>\n\t<meta property=\"og:image:width\" content=\"3000\" \/>\n\t<meta property=\"og:image:height\" content=\"3000\" \/>\n\t<meta property=\"og:image:type\" content=\"image\/png\" \/>\n<meta name=\"twitter:card\" content=\"summary_large_image\" \/>\n<meta name=\"twitter:label1\" content=\"Estimated reading time\" \/>\n\t<meta name=\"twitter:data1\" content=\"1 minute\" \/>\n<script type=\"application\/ld+json\" class=\"yoast-schema-graph\">{\"@context\":\"https:\\\/\\\/schema.org\",\"@graph\":[{\"@type\":\"WebPage\",\"@id\":\"https:\\\/\\\/powerwithinconcept.com\\\/kontakt-power-within-concept\\\/\",\"url\":\"https:\\\/\\\/powerwithinconcept.com\\\/kontakt-power-within-concept\\\/\",\"name\":\"Kontakt - Power Within Concept\",\"isPartOf\":{\"@id\":\"https:\\\/\\\/powerwithinconcept.com\\\/#website\"},\"datePublished\":\"2023-07-23T12:20:49+00:00\",\"dateModified\":\"2025-05-15T15:11:34+00:00\",\"description\":\"Kontakta oss p\u00e5 Power Within Concept, p\u00e5 info@powerwithinconcept.com eller Instagram @powerwithinconcept\",\"breadcrumb\":{\"@id\":\"https:\\\/\\\/powerwithinconcept.com\\\/kontakt-power-within-concept\\\/#breadcrumb\"},\"inLanguage\":\"en-GB\",\"potentialAction\":[{\"@type\":\"ReadAction\",\"target\":[\"https:\\\/\\\/powerwithinconcept.com\\\/kontakt-power-within-concept\\\/\"]}]},{\"@type\":\"BreadcrumbList\",\"@id\":\"https:\\\/\\\/powerwithinconcept.com\\\/kontakt-power-within-concept\\\/#breadcrumb\",\"itemListElement\":[{\"@type\":\"ListItem\",\"position\":1,\"name\":\"Hem\",\"item\":\"https:\\\/\\\/powerwithinconcept.com\\\/\"},{\"@type\":\"ListItem\",\"position\":2,\"name\":\"Kontakt\"}]},{\"@type\":\"WebSite\",\"@id\":\"https:\\\/\\\/powerwithinconcept.com\\\/#website\",\"url\":\"https:\\\/\\\/powerwithinconcept.com\\\/\",\"name\":\"Power Within Concept\",\"description\":\"Healing, Spiritual Life Coaching &amp; Frekvensterapi\",\"publisher\":{\"@id\":\"https:\\\/\\\/powerwithinconcept.com\\\/#organization\"},\"alternateName\":\"Power Within\",\"potentialAction\":[{\"@type\":\"SearchAction\",\"target\":{\"@type\":\"EntryPoint\",\"urlTemplate\":\"https:\\\/\\\/powerwithinconcept.com\\\/?s={search_term_string}\"},\"query-input\":{\"@type\":\"PropertyValueSpecification\",\"valueRequired\":true,\"valueName\":\"search_term_string\"}}],\"inLanguage\":\"en-GB\"},{\"@type\":\"Organization\",\"@id\":\"https:\\\/\\\/powerwithinconcept.com\\\/#organization\",\"name\":\"Power Within Concept\",\"alternateName\":\"Power Within\",\"url\":\"https:\\\/\\\/powerwithinconcept.com\\\/\",\"logo\":{\"@type\":\"ImageObject\",\"inLanguage\":\"en-GB\",\"@id\":\"https:\\\/\\\/powerwithinconcept.com\\\/#\\\/schema\\\/logo\\\/image\\\/\",\"url\":\"https:\\\/\\\/powerwithinconcept.com\\\/wp-content\\\/uploads\\\/2023\\\/10\\\/PWC-logo-transparent.png\",\"contentUrl\":\"https:\\\/\\\/powerwithinconcept.com\\\/wp-content\\\/uploads\\\/2023\\\/10\\\/PWC-logo-transparent.png\",\"width\":3000,\"height\":3000,\"caption\":\"Power Within Concept\"},\"image\":{\"@id\":\"https:\\\/\\\/powerwithinconcept.com\\\/#\\\/schema\\\/logo\\\/image\\\/\"},\"sameAs\":[\"https:\\\/\\\/www.instagram.com\\\/powerwithinconcept\\\/\"]}]}<\/script>\n<!-- \/ Yoast SEO plugin. -->","yoast_head_json":{"title":"Kontakt - Power Within Concept","description":"Kontakta oss p\u00e5 Power Within Concept, p\u00e5 info@powerwithinconcept.com eller Instagram @powerwithinconcept","robots":{"index":"index","follow":"follow","max-snippet":"max-snippet:-1","max-image-preview":"max-image-preview:large","max-video-preview":"max-video-preview:-1"},"canonical":"https:\/\/powerwithinconcept.com\/en\/kontakt-power-within-concept\/","og_locale":"en_GB","og_type":"article","og_title":"Kontakt - Power Within Concept","og_description":"Kontakta oss p\u00e5 Power Within Concept, p\u00e5 info@powerwithinconcept.com eller Instagram @powerwithinconcept","og_url":"https:\/\/powerwithinconcept.com\/en\/kontakt-power-within-concept\/","og_site_name":"Power Within Concept","article_modified_time":"2025-05-15T15:11:34+00:00","og_image":[{"width":3000,"height":3000,"url":"https:\/\/powerwithinconcept.com\/wp-content\/uploads\/2023\/10\/PWC-logo.png","type":"image\/png"}],"twitter_card":"summary_large_image","twitter_misc":{"Estimated reading time":"1 minute"},"schema":{"@context":"https:\/\/schema.org","@graph":[{"@type":"WebPage","@id":"https:\/\/powerwithinconcept.com\/kontakt-power-within-concept\/","url":"https:\/\/powerwithinconcept.com\/kontakt-power-within-concept\/","name":"Kontakt - Power Within Concept","isPartOf":{"@id":"https:\/\/powerwithinconcept.com\/#website"},"datePublished":"2023-07-23T12:20:49+00:00","dateModified":"2025-05-15T15:11:34+00:00","description":"Kontakta oss p\u00e5 Power Within Concept, p\u00e5 info@powerwithinconcept.com eller Instagram @powerwithinconcept","breadcrumb":{"@id":"https:\/\/powerwithinconcept.com\/kontakt-power-within-concept\/#breadcrumb"},"inLanguage":"en-GB","potentialAction":[{"@type":"ReadAction","target":["https:\/\/powerwithinconcept.com\/kontakt-power-within-concept\/"]}]},{"@type":"BreadcrumbList","@id":"https:\/\/powerwithinconcept.com\/kontakt-power-within-concept\/#breadcrumb","itemListElement":[{"@type":"ListItem","position":1,"name":"Hem","item":"https:\/\/powerwithinconcept.com\/"},{"@type":"ListItem","position":2,"name":"Kontakt"}]},{"@type":"WebSite","@id":"https:\/\/powerwithinconcept.com\/#website","url":"https:\/\/powerwithinconcept.com\/","name":"Power Within Concept","description":"Healing, Spiritual Life Coaching &amp; Frekvensterapi","publisher":{"@id":"https:\/\/powerwithinconcept.com\/#organization"},"alternateName":"Power Within","potentialAction":[{"@type":"SearchAction","target":{"@type":"EntryPoint","urlTemplate":"https:\/\/powerwithinconcept.com\/?s={search_term_string}"},"query-input":{"@type":"PropertyValueSpecification","valueRequired":true,"valueName":"search_term_string"}}],"inLanguage":"en-GB"},{"@type":"Organization","@id":"https:\/\/powerwithinconcept.com\/#organization","name":"Power Within Concept","alternateName":"Power Within","url":"https:\/\/powerwithinconcept.com\/","logo":{"@type":"ImageObject","inLanguage":"en-GB","@id":"https:\/\/powerwithinconcept.com\/#\/schema\/logo\/image\/","url":"https:\/\/powerwithinconcept.com\/wp-content\/uploads\/2023\/10\/PWC-logo-transparent.png","contentUrl":"https:\/\/powerwithinconcept.com\/wp-content\/uploads\/2023\/10\/PWC-logo-transparent.png","width":3000,"height":3000,"caption":"Power Within Concept"},"image":{"@id":"https:\/\/powerwithinconcept.com\/#\/schema\/logo\/image\/"},"sameAs":["https:\/\/www.instagram.com\/powerwithinconcept\/"]}]}},"jetpack_sharing_enabled":true,"_links":{"self":[{"href":"https:\/\/powerwithinconcept.com\/en\/wp-json\/wp\/v2\/pages\/222","targetHints":{"allow":["GET"]}}],"collection":[{"href":"https:\/\/powerwithinconcept.com\/en\/wp-json\/wp\/v2\/pages"}],"about":[{"href":"https:\/\/powerwithinconcept.com\/en\/wp-json\/wp\/v2\/types\/page"}],"author":[{"embeddable":true,"href":"https:\/\/powerwithinconcept.com\/en\/wp-json\/wp\/v2\/users\/1"}],"replies":[{"embeddable":true,"href":"https:\/\/powerwithinconcept.com\/en\/wp-json\/wp\/v2\/comments?post=222"}],"version-history":[{"count":55,"href":"https:\/\/powerwithinconcept.com\/en\/wp-json\/wp\/v2\/pages\/222\/revisions"}],"predecessor-version":[{"id":2531,"href":"https:\/\/powerwithinconcept.com\/en\/wp-json\/wp\/v2\/pages\/222\/revisions\/2531"}],"wp:attachment":[{"href":"https:\/\/powerwithinconcept.com\/en\/wp-json\/wp\/v2\/media?parent=222"}],"curies":[{"name":"wp","href":"https:\/\/api.w.org\/{rel}","templated":true}]}}