{"id":663,"date":"2023-10-11T17:56:16","date_gmt":"2023-10-11T17:56:16","guid":{"rendered":"https:\/\/powerwithinconcept.com\/?page_id=663"},"modified":"2023-10-26T12:15:36","modified_gmt":"2023-10-26T12:15:36","slug":"boka-tid","status":"publish","type":"page","link":"https:\/\/powerwithinconcept.com\/en\/boka-tid\/","title":{"rendered":"Book appointment"},"content":{"rendered":"<div data-elementor-type=\"wp-page\" data-elementor-id=\"663\" class=\"elementor elementor-663\">\n\t\t\t\t\t\t<section class=\"elementor-section elementor-top-section elementor-element elementor-element-18cc84bb elementor-section-full_width elementor-section-height-default elementor-section-height-default wpr-particle-no wpr-jarallax-no wpr-parallax-no wpr-sticky-section-no wpr-column-slider-no wpr-equal-height-no\" data-id=\"18cc84bb\" data-element_type=\"section\" data-e-type=\"section\" id=\"next\">\n\t\t\t\t\t\t<div class=\"elementor-container elementor-column-gap-no\">\n\t\t\t\t\t<div class=\"elementor-column elementor-col-100 elementor-top-column elementor-element elementor-element-1e014f5d\" data-id=\"1e014f5d\" data-element_type=\"column\" data-e-type=\"column\">\n\t\t\t<div class=\"elementor-widget-wrap elementor-element-populated\">\n\t\t\t\t\t\t<div class=\"elementor-element elementor-element-78f84c4 elementor-widget elementor-widget-heading\" data-id=\"78f84c4\" data-element_type=\"widget\" data-e-type=\"widget\" data-widget_type=\"heading.default\">\n\t\t\t\t<div class=\"elementor-widget-container\">\n\t\t\t\t\t<h3 class=\"elementor-heading-title elementor-size-default\">Book appointment<\/h3>\t\t\t\t<\/div>\n\t\t\t\t<\/div>\n\t\t\t\t<div class=\"elementor-element elementor-element-f2a69ce elementor-widget elementor-widget-heading\" data-id=\"f2a69ce\" data-element_type=\"widget\" data-e-type=\"widget\" data-widget_type=\"heading.default\">\n\t\t\t\t<div class=\"elementor-widget-container\">\n\t\t\t\t\t<p class=\"elementor-heading-title elementor-size-default\">Book a free consultation call<\/p>\t\t\t\t<\/div>\n\t\t\t\t<\/div>\n\t\t\t\t\t<\/div>\n\t\t<\/div>\n\t\t\t\t\t<\/div>\n\t\t<\/section>\n\t\t\t\t<section class=\"elementor-section elementor-top-section elementor-element elementor-element-64c991e7 elementor-section-full_width elementor-section-content-middle elementor-section-height-default elementor-section-height-default wpr-particle-no wpr-jarallax-no wpr-parallax-no wpr-sticky-section-no wpr-column-slider-no wpr-equal-height-no\" data-id=\"64c991e7\" data-element_type=\"section\" data-e-type=\"section\" data-settings=\"{&quot;background_background&quot;:&quot;classic&quot;}\">\n\t\t\t\t\t\t<div class=\"elementor-container elementor-column-gap-no\">\n\t\t\t\t\t<div class=\"elementor-column elementor-col-100 elementor-top-column elementor-element elementor-element-2e0833b3\" data-id=\"2e0833b3\" data-element_type=\"column\" data-e-type=\"column\">\n\t\t\t<div class=\"elementor-widget-wrap elementor-element-populated\">\n\t\t\t\t\t\t<div class=\"elementor-element elementor-element-23ae833 elementor-widget__width-initial elementor-widget elementor-widget-ssa-booking\" data-id=\"23ae833\" data-element_type=\"widget\" data-e-type=\"widget\" data-widget_type=\"ssa-booking.default\">\n\t\t\t\t<div class=\"elementor-widget-container\">\n\t\t\t\t\t\t\t<div class=\"elementor-ssa-booking-wrapper\">\n\t\t\t<div >\n\t\t\t\t<div class=\"ssa-booking\">\n\t\t\t\t\t<iframe src=\"https:\/\/powerwithinconcept.com\/en\/wp-json\/ssa\/v1\/embed-inner?integration&type&label&types&edit&view&payment_provider&ssa_locale=en_GB&ssa_is_rtl&sid=f0a8880094e10cdf9c27aa0693b3d1a3d024e449&availability_start_date&availability_end_date&suggest_first_available&suggest_first_available_within_minutes&flow&fallback_flow&time_view&date_view&appointment_types_view=cardList&version&accent_color=FFCD4E&background=globals%2Fcolors%3Fid%3D6018f90&padding=5%25&font=Kumbh+Sans&booking_url=https%3A%2F%2Fpowerwithinconcept.com%2Fen%2Fboka-tid%2F&booking_post_id=663&booking_title=Boka+tid&_wpnonce=2c3c083d70&redirect_post_id&defer&hide_header&mepr_membership_id#\/\" height=\"400px\" width=\"100%\" name=\"ssa_booking\" loading=\"eager\" frameborder=\"0\" data-skip-lazy=\"1\" class=\"ssa_booking_iframe skip-lazy\" title=\"Book a time\"><\/iframe>\t\t\t\t<\/div>\n\t\t\t<\/div>\n\t\t<\/div>\n\t\t\t\t\t\t<\/div>\n\t\t\t\t<\/div>\n\t\t\t\t\t<\/div>\n\t\t<\/div>\n\t\t\t\t\t<\/div>\n\t\t<\/section>\n\t\t\t\t<footer class=\"elementor-section elementor-top-section elementor-element elementor-element-5c6fa458 elementor-section-full_width elementor-section-content-middle elementor-section-height-default elementor-section-height-default wpr-particle-no wpr-jarallax-no wpr-parallax-no wpr-sticky-section-no wpr-column-slider-no wpr-equal-height-no\" data-id=\"5c6fa458\" data-element_type=\"section\" data-e-type=\"section\">\n\t\t\t\t\t\t<div class=\"elementor-container elementor-column-gap-no\">\n\t\t\t\t\t<div class=\"elementor-column elementor-col-25 elementor-top-column elementor-element elementor-element-3bc488a4\" data-id=\"3bc488a4\" data-element_type=\"column\" data-e-type=\"column\">\n\t\t\t<div class=\"elementor-widget-wrap elementor-element-populated\">\n\t\t\t\t\t\t<div class=\"elementor-element elementor-element-627f8dc1 elementor-widget elementor-widget-image\" data-id=\"627f8dc1\" data-element_type=\"widget\" data-e-type=\"widget\" data-widget_type=\"image.default\">\n\t\t\t\t<div class=\"elementor-widget-container\">\n\t\t\t\t\t\t\t\t\t\t\t\t\t\t\t<img fetchpriority=\"high\" decoding=\"async\" width=\"3000\" height=\"3000\" src=\"https:\/\/powerwithinconcept.com\/wp-content\/uploads\/2023\/10\/PWC-logo-transparent.png\" class=\"attachment-full size-full wp-image-391\" alt=\"\" srcset=\"https:\/\/powerwithinconcept.com\/wp-content\/uploads\/2023\/10\/PWC-logo-transparent.png 3000w, https:\/\/powerwithinconcept.com\/wp-content\/uploads\/2023\/10\/PWC-logo-transparent-300x300.png 300w, https:\/\/powerwithinconcept.com\/wp-content\/uploads\/2023\/10\/PWC-logo-transparent-1024x1024.png 1024w, https:\/\/powerwithinconcept.com\/wp-content\/uploads\/2023\/10\/PWC-logo-transparent-150x150.png 150w, https:\/\/powerwithinconcept.com\/wp-content\/uploads\/2023\/10\/PWC-logo-transparent-768x768.png 768w, https:\/\/powerwithinconcept.com\/wp-content\/uploads\/2023\/10\/PWC-logo-transparent-1536x1536.png 1536w, https:\/\/powerwithinconcept.com\/wp-content\/uploads\/2023\/10\/PWC-logo-transparent-2048x2048.png 2048w, https:\/\/powerwithinconcept.com\/wp-content\/uploads\/2023\/10\/PWC-logo-transparent-1320x1320.png 1320w, https:\/\/powerwithinconcept.com\/wp-content\/uploads\/2023\/10\/PWC-logo-transparent-600x600.png 600w, https:\/\/powerwithinconcept.com\/wp-content\/uploads\/2023\/10\/PWC-logo-transparent-100x100.png 100w, https:\/\/powerwithinconcept.com\/wp-content\/uploads\/2023\/10\/PWC-logo-transparent-1200x1200.png 1200w, https:\/\/powerwithinconcept.com\/wp-content\/uploads\/2023\/10\/PWC-logo-transparent-800x800.png 800w\" sizes=\"(max-width: 3000px) 100vw, 3000px\" \/>\t\t\t\t\t\t\t\t\t\t\t\t\t\t\t<\/div>\n\t\t\t\t<\/div>\n\t\t\t\t\t<\/div>\n\t\t<\/div>\n\t\t\t\t<div class=\"elementor-column elementor-col-50 elementor-top-column elementor-element elementor-element-1dd3ee02\" data-id=\"1dd3ee02\" data-element_type=\"column\" data-e-type=\"column\">\n\t\t\t<div class=\"elementor-widget-wrap elementor-element-populated\">\n\t\t\t\t\t\t<div class=\"elementor-element elementor-element-2bb6464b elementor-icon-list--layout-inline elementor-tablet-align-center elementor-align-center elementor-list-item-link-full_width elementor-widget elementor-widget-icon-list\" data-id=\"2bb6464b\" data-element_type=\"widget\" data-e-type=\"widget\" data-widget_type=\"icon-list.default\">\n\t\t\t\t<div class=\"elementor-widget-container\">\n\t\t\t\t\t\t\t<ul class=\"elementor-icon-list-items elementor-inline-items\">\n\t\t\t\t\t\t\t<li class=\"elementor-icon-list-item elementor-inline-item\">\n\t\t\t\t\t\t\t\t\t\t\t<a href=\"https:\/\/www.instagram.com\/powerwithinconcept\/\" target=\"_blank\">\n\n\t\t\t\t\t\t\t\t\t\t\t<span class=\"elementor-icon-list-text\">@powerwithinconcept<\/span>\n\t\t\t\t\t\t\t\t\t\t\t<\/a>\n\t\t\t\t\t\t\t\t\t<\/li>\n\t\t\t\t\t\t\t\t<li class=\"elementor-icon-list-item elementor-inline-item\">\n\t\t\t\t\t\t\t\t\t\t\t<a href=\"https:\/\/powerwithinconcept.com\/en\/boka-tid\/\" target=\"_blank\">\n\n\t\t\t\t\t\t\t\t\t\t\t<span class=\"elementor-icon-list-text\">Book appointment<\/span>\n\t\t\t\t\t\t\t\t\t\t\t<\/a>\n\t\t\t\t\t\t\t\t\t<\/li>\n\t\t\t\t\t\t\t\t<li class=\"elementor-icon-list-item elementor-inline-item\">\n\t\t\t\t\t\t\t\t\t\t\t<a href=\"https:\/\/www.pwpublishing.se\/\" target=\"_blank\">\n\n\t\t\t\t\t\t\t\t\t\t\t<span class=\"elementor-icon-list-text\">PW PUBLISHING<\/span>\n\t\t\t\t\t\t\t\t\t\t\t<\/a>\n\t\t\t\t\t\t\t\t\t<\/li>\n\t\t\t\t\t\t<\/ul>\n\t\t\t\t\t\t<\/div>\n\t\t\t\t<\/div>\n\t\t\t\t\t<\/div>\n\t\t<\/div>\n\t\t\t\t<div class=\"elementor-column elementor-col-25 elementor-top-column elementor-element elementor-element-731a4470\" data-id=\"731a4470\" data-element_type=\"column\" data-e-type=\"column\">\n\t\t\t<div class=\"elementor-widget-wrap elementor-element-populated\">\n\t\t\t\t\t\t<div class=\"elementor-element elementor-element-4898325e e-grid-align-right e-grid-align-tablet-right e-grid-align-mobile-center elementor-widget-mobile__width-inherit elementor-shape-rounded elementor-grid-0 elementor-widget elementor-widget-social-icons\" data-id=\"4898325e\" data-element_type=\"widget\" data-e-type=\"widget\" data-widget_type=\"social-icons.default\">\n\t\t\t\t<div class=\"elementor-widget-container\">\n\t\t\t\t\t\t\t<div class=\"elementor-social-icons-wrapper elementor-grid\" role=\"list\">\n\t\t\t\t\t\t\t<span class=\"elementor-grid-item\" role=\"listitem\">\n\t\t\t\t\t<a class=\"elementor-icon elementor-social-icon elementor-social-icon- elementor-repeater-item-5c0ce3c\" href=\"https:\/\/www.instagram.com\/powerwithinconcept\/\" target=\"_blank\">\n\t\t\t\t\t\t<span class=\"elementor-screen-only\"><\/span>\n\t\t\t\t\t\t<svg xmlns=\"http:\/\/www.w3.org\/2000\/svg\" id=\"aaf4d88f-6908-42b9-b3d6-5d6a3ec06a43\" data-name=\"Layer 1\" width=\"27\" height=\"26\" viewbox=\"0 0 27 26\"><path d=\"M26.9922,13.12c0-1.952.0071-3.904-.0054-5.856a7.4912,7.4912,0,0,0-.12-1.3338,6.9762,6.9762,0,0,0-2.4989-4.1911,7.3149,7.3149,0,0,0-4.73-1.7279c-4.031-.02-8.0623-.0061-12.0935-.0071a7.347,7.347,0,0,0-3.6653.907,6.9367,6.9367,0,0,0-3.85,6.2265C-.025,11.0332.0121,14.93.0169,18.8272a6.5069,6.5069,0,0,0,.8908,3.3475A7.2785,7.2785,0,0,0,7.419,25.9708c4.0565.0558,8.1145.0148,12.1719.0131a7.6378,7.6378,0,0,0,4.9015-1.8408,6.9218,6.9218,0,0,0,2.4928-5.276C27.0143,16.9517,26.9915,15.0354,26.9922,13.12ZM13.4174,20.21a7.3625,7.3625,0,0,1-7.4061-7.2182,7.3505,7.3505,0,0,1,7.4992-7.2115,7.3516,7.3516,0,0,1,7.4852,7.2146A7.37,7.37,0,0,1,13.4174,20.21ZM22.4962,5.7791a1.48,1.48,0,0,1-1.5005-1.4476,1.5014,1.5014,0,0,1,3-.0009A1.481,1.481,0,0,1,22.4962,5.7791Z\" transform=\"translate(0 0)\" style=\"fill-rule:evenodd\"><\/path><path d=\"M13.4969,8.3571a4.7331,4.7331,0,0,0-4.8183,4.6445,4.74,4.74,0,0,0,4.8241,4.6413,4.74,4.74,0,0,0,4.8187-4.6466A4.7342,4.7342,0,0,0,13.4969,8.3571Z\" transform=\"translate(0 0)\" style=\"fill-rule:evenodd\"><\/path><\/svg>\t\t\t\t\t<\/a>\n\t\t\t\t<\/span>\n\t\t\t\t\t\t\t<span class=\"elementor-grid-item\" role=\"listitem\">\n\t\t\t\t\t<a class=\"elementor-icon elementor-social-icon elementor-social-icon-spotify elementor-repeater-item-51b9338\" href=\"https:\/\/open.spotify.com\/show\/2sTwfuMpsjl0FYF5hPcBOG?si=650e746932084867\" target=\"_blank\">\n\t\t\t\t\t\t<span class=\"elementor-screen-only\">Spotify<\/span>\n\t\t\t\t\t\t<i aria-hidden=\"true\" class=\"fab fa-spotify\"><\/i>\t\t\t\t\t<\/a>\n\t\t\t\t<\/span>\n\t\t\t\t\t<\/div>\n\t\t\t\t\t\t<\/div>\n\t\t\t\t<\/div>\n\t\t\t\t\t<\/div>\n\t\t<\/div>\n\t\t\t\t\t<\/div>\n\t\t<\/footer>\n\t\t\t\t<section class=\"elementor-section elementor-top-section elementor-element elementor-element-4fcff299 elementor-section-height-min-height elementor-section-content-middle elementor-section-full_width elementor-section-height-default elementor-section-items-middle wpr-particle-no wpr-jarallax-no wpr-parallax-no wpr-sticky-section-no wpr-column-slider-no wpr-equal-height-no\" data-id=\"4fcff299\" data-element_type=\"section\" data-e-type=\"section\" data-settings=\"{&quot;background_background&quot;:&quot;classic&quot;}\">\n\t\t\t\t\t\t<div class=\"elementor-container elementor-column-gap-no\">\n\t\t\t\t\t<div class=\"elementor-column elementor-col-100 elementor-top-column elementor-element elementor-element-7d28cb60\" data-id=\"7d28cb60\" data-element_type=\"column\" data-e-type=\"column\" data-settings=\"{&quot;background_background&quot;:&quot;classic&quot;}\">\n\t\t\t<div class=\"elementor-widget-wrap elementor-element-populated\">\n\t\t\t\t\t\t<div class=\"elementor-element elementor-element-45e11db4 elementor-widget elementor-widget-heading\" data-id=\"45e11db4\" data-element_type=\"widget\" data-e-type=\"widget\" data-widget_type=\"heading.default\">\n\t\t\t\t<div class=\"elementor-widget-container\">\n\t\t\t\t\t<p class=\"elementor-heading-title elementor-size-default\">\u00a9 2023 All Rights Reserved<\/p>\t\t\t\t<\/div>\n\t\t\t\t<\/div>\n\t\t\t\t\t<\/div>\n\t\t<\/div>\n\t\t\t\t\t<\/div>\n\t\t<\/section>\n\t\t\t\t<\/div>","protected":false},"excerpt":{"rendered":"<p>Boka tid Boka tid f\u00f6r kostnadsfritt konsultationssamtal @powerwithinconcept Boka tid PW PUBLISHING Spotify \u00a9 2023 All Rights Reserved<\/p>","protected":false},"author":1,"featured_media":0,"parent":0,"menu_order":0,"comment_status":"closed","ping_status":"closed","template":"","meta":{"_eb_attr":"","footnotes":""},"class_list":["post-663","page","type-page","status-publish","hentry"],"yoast_head":"<!-- This site is optimized with the Yoast SEO plugin v27.6 - https:\/\/yoast.com\/product\/yoast-seo-wordpress\/ -->\n<title>Power Within Concept - Boka tid<\/title>\n<meta name=\"description\" content=\"Boka tid f\u00f6r ett kostnadsfritt konsultationssamtal med v\u00e5ra terapeuter Elin Pehrsson eller Mikael Dabrowski p\u00e5 Power Within Concept.\" \/>\n<meta name=\"robots\" content=\"index, follow, max-snippet:-1, max-image-preview:large, max-video-preview:-1\" \/>\n<link rel=\"canonical\" href=\"https:\/\/powerwithinconcept.com\/en\/boka-tid\/\" \/>\n<meta property=\"og:locale\" content=\"en_GB\" \/>\n<meta property=\"og:type\" content=\"article\" \/>\n<meta property=\"og:title\" content=\"Power Within Concept - Boka tid\" \/>\n<meta property=\"og:description\" content=\"Boka tid f\u00f6r ett kostnadsfritt konsultationssamtal med v\u00e5ra terapeuter Elin Pehrsson eller Mikael Dabrowski p\u00e5 Power Within Concept.\" \/>\n<meta property=\"og:url\" content=\"https:\/\/powerwithinconcept.com\/en\/boka-tid\/\" \/>\n<meta property=\"og:site_name\" content=\"Power Within Concept\" \/>\n<meta property=\"article:modified_time\" content=\"2023-10-26T12:15:36+00:00\" \/>\n<meta property=\"og:image\" content=\"https:\/\/powerwithinconcept.com\/wp-content\/uploads\/2023\/10\/PWC-logo-transparent.png\" \/>\n<meta name=\"twitter:card\" content=\"summary_large_image\" \/>\n<meta name=\"twitter:label1\" content=\"Estimated reading time\" \/>\n\t<meta name=\"twitter:data1\" content=\"1 minute\" \/>\n<script type=\"application\/ld+json\" class=\"yoast-schema-graph\">{\"@context\":\"https:\\\/\\\/schema.org\",\"@graph\":[{\"@type\":\"WebPage\",\"@id\":\"https:\\\/\\\/powerwithinconcept.com\\\/boka-tid\\\/\",\"url\":\"https:\\\/\\\/powerwithinconcept.com\\\/boka-tid\\\/\",\"name\":\"Power Within Concept - Boka tid\",\"isPartOf\":{\"@id\":\"https:\\\/\\\/powerwithinconcept.com\\\/#website\"},\"primaryImageOfPage\":{\"@id\":\"https:\\\/\\\/powerwithinconcept.com\\\/boka-tid\\\/#primaryimage\"},\"image\":{\"@id\":\"https:\\\/\\\/powerwithinconcept.com\\\/boka-tid\\\/#primaryimage\"},\"thumbnailUrl\":\"https:\\\/\\\/powerwithinconcept.com\\\/wp-content\\\/uploads\\\/2023\\\/10\\\/PWC-logo-transparent.png\",\"datePublished\":\"2023-10-11T17:56:16+00:00\",\"dateModified\":\"2023-10-26T12:15:36+00:00\",\"description\":\"Boka tid f\u00f6r ett kostnadsfritt konsultationssamtal med v\u00e5ra terapeuter Elin Pehrsson eller Mikael Dabrowski p\u00e5 Power Within Concept.\",\"breadcrumb\":{\"@id\":\"https:\\\/\\\/powerwithinconcept.com\\\/boka-tid\\\/#breadcrumb\"},\"inLanguage\":\"en-GB\",\"potentialAction\":[{\"@type\":\"ReadAction\",\"target\":[\"https:\\\/\\\/powerwithinconcept.com\\\/boka-tid\\\/\"]}]},{\"@type\":\"ImageObject\",\"inLanguage\":\"en-GB\",\"@id\":\"https:\\\/\\\/powerwithinconcept.com\\\/boka-tid\\\/#primaryimage\",\"url\":\"https:\\\/\\\/powerwithinconcept.com\\\/wp-content\\\/uploads\\\/2023\\\/10\\\/PWC-logo-transparent.png\",\"contentUrl\":\"https:\\\/\\\/powerwithinconcept.com\\\/wp-content\\\/uploads\\\/2023\\\/10\\\/PWC-logo-transparent.png\"},{\"@type\":\"BreadcrumbList\",\"@id\":\"https:\\\/\\\/powerwithinconcept.com\\\/boka-tid\\\/#breadcrumb\",\"itemListElement\":[{\"@type\":\"ListItem\",\"position\":1,\"name\":\"Hem\",\"item\":\"https:\\\/\\\/powerwithinconcept.com\\\/\"},{\"@type\":\"ListItem\",\"position\":2,\"name\":\"Boka tid\"}]},{\"@type\":\"WebSite\",\"@id\":\"https:\\\/\\\/powerwithinconcept.com\\\/#website\",\"url\":\"https:\\\/\\\/powerwithinconcept.com\\\/\",\"name\":\"Power Within Concept\",\"description\":\"Healing, Spiritual Life Coaching &amp; Frekvensterapi\",\"publisher\":{\"@id\":\"https:\\\/\\\/powerwithinconcept.com\\\/#organization\"},\"alternateName\":\"Power Within\",\"potentialAction\":[{\"@type\":\"SearchAction\",\"target\":{\"@type\":\"EntryPoint\",\"urlTemplate\":\"https:\\\/\\\/powerwithinconcept.com\\\/?s={search_term_string}\"},\"query-input\":{\"@type\":\"PropertyValueSpecification\",\"valueRequired\":true,\"valueName\":\"search_term_string\"}}],\"inLanguage\":\"en-GB\"},{\"@type\":\"Organization\",\"@id\":\"https:\\\/\\\/powerwithinconcept.com\\\/#organization\",\"name\":\"Power Within Concept\",\"alternateName\":\"Power Within\",\"url\":\"https:\\\/\\\/powerwithinconcept.com\\\/\",\"logo\":{\"@type\":\"ImageObject\",\"inLanguage\":\"en-GB\",\"@id\":\"https:\\\/\\\/powerwithinconcept.com\\\/#\\\/schema\\\/logo\\\/image\\\/\",\"url\":\"https:\\\/\\\/powerwithinconcept.com\\\/wp-content\\\/uploads\\\/2023\\\/10\\\/PWC-logo-transparent.png\",\"contentUrl\":\"https:\\\/\\\/powerwithinconcept.com\\\/wp-content\\\/uploads\\\/2023\\\/10\\\/PWC-logo-transparent.png\",\"width\":3000,\"height\":3000,\"caption\":\"Power Within Concept\"},\"image\":{\"@id\":\"https:\\\/\\\/powerwithinconcept.com\\\/#\\\/schema\\\/logo\\\/image\\\/\"},\"sameAs\":[\"https:\\\/\\\/www.instagram.com\\\/powerwithinconcept\\\/\"]}]}<\/script>\n<!-- \/ Yoast SEO plugin. -->","yoast_head_json":{"title":"Power Within Concept - Boka tid","description":"Boka tid f\u00f6r ett kostnadsfritt konsultationssamtal med v\u00e5ra terapeuter Elin Pehrsson eller Mikael Dabrowski p\u00e5 Power Within Concept.","robots":{"index":"index","follow":"follow","max-snippet":"max-snippet:-1","max-image-preview":"max-image-preview:large","max-video-preview":"max-video-preview:-1"},"canonical":"https:\/\/powerwithinconcept.com\/en\/boka-tid\/","og_locale":"en_GB","og_type":"article","og_title":"Power Within Concept - Boka tid","og_description":"Boka tid f\u00f6r ett kostnadsfritt konsultationssamtal med v\u00e5ra terapeuter Elin Pehrsson eller Mikael Dabrowski p\u00e5 Power Within Concept.","og_url":"https:\/\/powerwithinconcept.com\/en\/boka-tid\/","og_site_name":"Power Within Concept","article_modified_time":"2023-10-26T12:15:36+00:00","og_image":[{"url":"https:\/\/powerwithinconcept.com\/wp-content\/uploads\/2023\/10\/PWC-logo-transparent.png","type":"","width":"","height":""}],"twitter_card":"summary_large_image","twitter_misc":{"Estimated reading time":"1 minute"},"schema":{"@context":"https:\/\/schema.org","@graph":[{"@type":"WebPage","@id":"https:\/\/powerwithinconcept.com\/boka-tid\/","url":"https:\/\/powerwithinconcept.com\/boka-tid\/","name":"Power Within Concept - Boka tid","isPartOf":{"@id":"https:\/\/powerwithinconcept.com\/#website"},"primaryImageOfPage":{"@id":"https:\/\/powerwithinconcept.com\/boka-tid\/#primaryimage"},"image":{"@id":"https:\/\/powerwithinconcept.com\/boka-tid\/#primaryimage"},"thumbnailUrl":"https:\/\/powerwithinconcept.com\/wp-content\/uploads\/2023\/10\/PWC-logo-transparent.png","datePublished":"2023-10-11T17:56:16+00:00","dateModified":"2023-10-26T12:15:36+00:00","description":"Boka tid f\u00f6r ett kostnadsfritt konsultationssamtal med v\u00e5ra terapeuter Elin Pehrsson eller Mikael Dabrowski p\u00e5 Power Within Concept.","breadcrumb":{"@id":"https:\/\/powerwithinconcept.com\/boka-tid\/#breadcrumb"},"inLanguage":"en-GB","potentialAction":[{"@type":"ReadAction","target":["https:\/\/powerwithinconcept.com\/boka-tid\/"]}]},{"@type":"ImageObject","inLanguage":"en-GB","@id":"https:\/\/powerwithinconcept.com\/boka-tid\/#primaryimage","url":"https:\/\/powerwithinconcept.com\/wp-content\/uploads\/2023\/10\/PWC-logo-transparent.png","contentUrl":"https:\/\/powerwithinconcept.com\/wp-content\/uploads\/2023\/10\/PWC-logo-transparent.png"},{"@type":"BreadcrumbList","@id":"https:\/\/powerwithinconcept.com\/boka-tid\/#breadcrumb","itemListElement":[{"@type":"ListItem","position":1,"name":"Hem","item":"https:\/\/powerwithinconcept.com\/"},{"@type":"ListItem","position":2,"name":"Boka tid"}]},{"@type":"WebSite","@id":"https:\/\/powerwithinconcept.com\/#website","url":"https:\/\/powerwithinconcept.com\/","name":"Power Within Concept","description":"Healing, Spiritual Life Coaching &amp; Frekvensterapi","publisher":{"@id":"https:\/\/powerwithinconcept.com\/#organization"},"alternateName":"Power Within","potentialAction":[{"@type":"SearchAction","target":{"@type":"EntryPoint","urlTemplate":"https:\/\/powerwithinconcept.com\/?s={search_term_string}"},"query-input":{"@type":"PropertyValueSpecification","valueRequired":true,"valueName":"search_term_string"}}],"inLanguage":"en-GB"},{"@type":"Organization","@id":"https:\/\/powerwithinconcept.com\/#organization","name":"Power Within Concept","alternateName":"Power Within","url":"https:\/\/powerwithinconcept.com\/","logo":{"@type":"ImageObject","inLanguage":"en-GB","@id":"https:\/\/powerwithinconcept.com\/#\/schema\/logo\/image\/","url":"https:\/\/powerwithinconcept.com\/wp-content\/uploads\/2023\/10\/PWC-logo-transparent.png","contentUrl":"https:\/\/powerwithinconcept.com\/wp-content\/uploads\/2023\/10\/PWC-logo-transparent.png","width":3000,"height":3000,"caption":"Power Within Concept"},"image":{"@id":"https:\/\/powerwithinconcept.com\/#\/schema\/logo\/image\/"},"sameAs":["https:\/\/www.instagram.com\/powerwithinconcept\/"]}]}},"jetpack_sharing_enabled":true,"_links":{"self":[{"href":"https:\/\/powerwithinconcept.com\/en\/wp-json\/wp\/v2\/pages\/663","targetHints":{"allow":["GET"]}}],"collection":[{"href":"https:\/\/powerwithinconcept.com\/en\/wp-json\/wp\/v2\/pages"}],"about":[{"href":"https:\/\/powerwithinconcept.com\/en\/wp-json\/wp\/v2\/types\/page"}],"author":[{"embeddable":true,"href":"https:\/\/powerwithinconcept.com\/en\/wp-json\/wp\/v2\/users\/1"}],"replies":[{"embeddable":true,"href":"https:\/\/powerwithinconcept.com\/en\/wp-json\/wp\/v2\/comments?post=663"}],"version-history":[{"count":41,"href":"https:\/\/powerwithinconcept.com\/en\/wp-json\/wp\/v2\/pages\/663\/revisions"}],"predecessor-version":[{"id":1487,"href":"https:\/\/powerwithinconcept.com\/en\/wp-json\/wp\/v2\/pages\/663\/revisions\/1487"}],"wp:attachment":[{"href":"https:\/\/powerwithinconcept.com\/en\/wp-json\/wp\/v2\/media?parent=663"}],"curies":[{"name":"wp","href":"https:\/\/api.w.org\/{rel}","templated":true}]}}