{"id":2162,"date":"2024-01-29T10:18:24","date_gmt":"2024-01-29T10:18:24","guid":{"rendered":"https:\/\/powerwithinconcept.com\/?post_type=product&#038;p=2162"},"modified":"2024-08-09T21:57:31","modified_gmt":"2024-08-09T21:57:31","slug":"the-red-deer-nutrilight","status":"publish","type":"product","link":"https:\/\/powerwithinconcept.com\/en\/product\/the-red-deer-nutrilight\/","title":{"rendered":"The Red Deer &#8211; Stor R\u00f6dljuslampa Nutrilight"},"content":{"rendered":"<h4 class=\"product_title entry-title font-weight-bold text-heading-default pix-my-10\">The Red Deer \u2013 Stor R\u00f6dljuslampa<\/h4>\n<div class=\"woocommerce-product-details__short-description\">\n<div class=\"text-gray-6 pix-mt-20\">\n<p>Denna stora och kraftfulla r\u00f6dljuspanel ger dig maximal effekt p\u00e5 kortast tid d\u00e5 n\u00e4stan hela kroppen behandlas samtidigt. The Red Deer ger cellerna b\u00e4sta f\u00f6ruts\u00e4ttningar f\u00f6r att fungera optimalt vilket ger en rad h\u00e4lsof\u00f6rdelar: sm\u00e4rtlindrande, l\u00e4ker skador, f\u00f6ryngrar huden, \u00f6kar kognitiv och fysisk prestation, st\u00e4rker ditt immunf\u00f6rsvar och bidrar till hormonell balans. Med denna r\u00f6dljuslampa tar du SPA-upplevelsen hem till dig och f\u00e5r b\u00e5de den direkta effekten av \u00f6kat v\u00e4lm\u00e5ende samtidigt om du bygger upp din h\u00e4lsa \u00f6ver tid med resultat som b\u00e5de syns och k\u00e4nns.<\/p>\n<p>B\u00f6rja dagen med ljusterapi, meditera eller g\u00f6r yoga framf\u00f6r lampan, ha den vid ditt arbetsbord n\u00e4r du jobbar eller vid s\u00e4ngen f\u00f6r att varva ner och optimera din s\u00f6mn. Med sina 300 lysdioder och mest vetenskapligt bepr\u00f6vade v\u00e5gl\u00e4ngderna (660 nm r\u00f6tt ljus och 850 nm n\u00e4ra infrar\u00f6tt ljus) \u00e4r detta en av de mest effektiva och kraftfulla r\u00f6dljuslamporna p\u00e5 marknaden. Bestr\u00e5lningst\u00e4thet (mW\/kvadratcentimeter) 135 vid 7,6 cm avst\u00e5nd, 118 vid 15,2 cm avst\u00e5nd och 85 vid 30,5 cm avst\u00e5nd.<\/p>\n<ul>\n<li>Sm\u00e4rtlindring, l\u00e4kning och anti-inflammatorisk<\/li>\n<li>Hudf\u00f6ryngrande och motverkar rosacea och akne<\/li>\n<li>\u00d6kad energi, fokus och blodcirkulation<\/li>\n<\/ul>\n<p>En ljusterapilampa \u00e4r en prisv\u00e4rd investering i din h\u00e4lsa som ger dig och familjen otaliga ljusterapisessioner bekv\u00e4mt i ditt eget hem.<\/p>\n<p>Lampan levereras med v\u00e4ggupph\u00e4ngning men vi rekommenderar \u00e4ven att k\u00f6pa till Red Deers golvst\u00f6d f\u00f6r en mer flexibel anv\u00e4ndning om du vill flytta runt panelen.<\/p>\n<\/div>\n<p>Gratis leverans<\/p>\n<div class=\"wpb_column vc_column_container vc_col-sm-6 text-left\">\n<div class=\"vc_column-inner\">\n<div class=\"wpb_wrapper\">\n<div class=\"wpb_text_column wpb_content_element\">\n<div class=\"wpb_wrapper\">\n<p class=\"p1\"><strong>Anv\u00e4ndning:<\/strong><\/p>\n<p><strong>Behandlingstid:\u00a0<\/strong>10-15 min dagligen<br \/>\n<strong>Avst\u00e5nd fr\u00e5n lampan:<\/strong>\u00a010-20 cm<\/p>\n<p>Mer information om anv\u00e4ndning finner du\u00a0<strong><a href=\"https:\/\/nutrilight.se\/anvandning\/\">h\u00e4r<\/a><\/strong>.<\/p>\n<\/div>\n<\/div>\n<div class=\"wpb_text_column wpb_content_element\">\n<div class=\"wpb_wrapper\">\n<p><strong>Teknisk specifikation:<\/strong><\/p>\n<ul class=\"ul1\">\n<li class=\"li1\">Frekvensomf\u00e5ng: 50Hz-60Hz<\/li>\n<li class=\"li1\">Nominell effekt: 1500W (300*5W)<\/li>\n<li class=\"li1\">Verklig effekt: 300W<\/li>\n<li class=\"li1\">LED v\u00e5gl\u00e4ngd: R\u00f6d 660m, Infrar\u00f6d 850<\/li>\n<li class=\"li1\">Material: Aluminium<\/li>\n<li class=\"li1\">Produktstorlek: 92*28*7cm<\/li>\n<li class=\"li1\">Vikt: 10KG<\/li>\n<\/ul>\n<\/div>\n<\/div>\n<div class=\"vc_icon_element vc_icon_element-outer vc_custom_1699306725850 vc_icon_element-align-left\">\n<div class=\"vc_icon_element-inner vc_icon_element-color-custom vc_icon_element-size-md vc_icon_element-style- vc_icon_element-background-color-grey\"><\/div>\n<\/div>\n<p><a class=\"btn mb-2    vc_custom_1699306735917  text-red btn-link text-secondary d-inline-block      btn-md\" href=\"https:\/\/nutrilight.se\/wp-content\/uploads\/2023\/10\/Manual-The-Red-Deer-2023.pdf\" target=\"_blank\" rel=\"noopener\"><span class=\"font-weight-bold\">Manual The Red Deer<\/span>\u00a0<i class=\"font-weight-bold pixicon-arrow-right2   ml-1\"><\/i><\/a><\/div>\n<\/div>\n<\/div>\n<div class=\"wpb_column vc_column_container vc_col-sm-6 text-left\">\n<div class=\"vc_column-inner\">\n<div class=\"wpb_wrapper\">\n<div class=\"wpb_text_column wpb_content_element\">\n<div class=\"wpb_wrapper\"><\/div>\n<\/div>\n<\/div>\n<\/div>\n<\/div>\n<\/div>","protected":false},"excerpt":{"rendered":"<p>Denna stora och kraftfulla r\u00f6dljuspanel ger dig maximal effekt p\u00e5 kortast tid d\u00e5 n\u00e4stan hela kroppen behandlas samtidigt.\u00a0 Med denna r\u00f6dljuslampa tar du SPA-upplevelsen hem till dig och f\u00e5r b\u00e5de den direkta effekten av \u00f6kat v\u00e4lm\u00e5ende samtidigt om du bygger upp din h\u00e4lsa \u00f6ver tid med resultat som b\u00e5de syns och k\u00e4nns.<\/p>\n<p>&nbsp;<\/p>","protected":false},"featured_media":2163,"comment_status":"open","ping_status":"closed","template":"","meta":{"_eb_attr":"","jetpack_publicize_message":"","jetpack_publicize_feature_enabled":true,"jetpack_social_post_already_shared":true,"jetpack_social_options":{"image_generator_settings":{"template":"highway","default_image_id":0,"font":"","enabled":false},"version":2}},"product_brand":[],"product_cat":[288],"product_tag":[],"class_list":{"0":"post-2162","1":"product","2":"type-product","3":"status-publish","4":"has-post-thumbnail","6":"product_cat-nutrilight","8":"first","9":"instock","10":"taxable","11":"shipping-taxable","12":"purchasable","13":"product-type-simple"},"yoast_head":"<!-- This site is optimized with the Yoast SEO plugin v27.6 - https:\/\/yoast.com\/product\/yoast-seo-wordpress\/ -->\n<title>The Red Deer - Stor R\u00f6dljuslampa Nutrilight - Power Within Concept<\/title>\n<meta name=\"robots\" content=\"index, follow, max-snippet:-1, max-image-preview:large, max-video-preview:-1\" \/>\n<link rel=\"canonical\" href=\"https:\/\/powerwithinconcept.com\/en\/?product=the-red-deer-nutrilight\" \/>\n<meta property=\"og:locale\" content=\"en_GB\" \/>\n<meta property=\"og:type\" content=\"article\" \/>\n<meta property=\"og:title\" content=\"The Red Deer - Stor R\u00f6dljuslampa Nutrilight - Power Within Concept\" \/>\n<meta property=\"og:description\" content=\"Denna stora och kraftfulla r\u00f6dljuspanel ger dig maximal effekt p\u00e5 kortast tid d\u00e5 n\u00e4stan hela kroppen behandlas samtidigt.\u00a0 Med denna r\u00f6dljuslampa tar du SPA-upplevelsen hem till dig och f\u00e5r b\u00e5de den direkta effekten av \u00f6kat v\u00e4lm\u00e5ende samtidigt om du bygger upp din h\u00e4lsa \u00f6ver tid med resultat som b\u00e5de syns och k\u00e4nns.  &nbsp;\" \/>\n<meta property=\"og:url\" content=\"https:\/\/powerwithinconcept.com\/en\/?product=the-red-deer-nutrilight\" \/>\n<meta property=\"og:site_name\" content=\"Power Within Concept\" \/>\n<meta property=\"article:modified_time\" content=\"2024-08-09T21:57:31+00:00\" \/>\n<meta property=\"og:image\" content=\"https:\/\/powerwithinconcept.com\/wp-content\/uploads\/2024\/01\/red-deer.jpeg\" \/>\n\t<meta property=\"og:image:width\" content=\"1000\" \/>\n\t<meta property=\"og:image:height\" content=\"1000\" \/>\n\t<meta property=\"og:image:type\" content=\"image\/jpeg\" \/>\n<meta name=\"twitter:card\" content=\"summary_large_image\" \/>\n<meta name=\"twitter:label1\" content=\"Estimated reading time\" \/>\n\t<meta name=\"twitter:data1\" content=\"2 minutes\" \/>\n<script type=\"application\/ld+json\" class=\"yoast-schema-graph\">{\"@context\":\"https:\\\/\\\/schema.org\",\"@graph\":[{\"@type\":\"WebPage\",\"@id\":\"https:\\\/\\\/powerwithinconcept.com\\\/?product=the-red-deer-nutrilight\",\"url\":\"https:\\\/\\\/powerwithinconcept.com\\\/?product=the-red-deer-nutrilight\",\"name\":\"The Red Deer - Stor R\u00f6dljuslampa Nutrilight - Power Within Concept\",\"isPartOf\":{\"@id\":\"https:\\\/\\\/powerwithinconcept.com\\\/#website\"},\"primaryImageOfPage\":{\"@id\":\"https:\\\/\\\/powerwithinconcept.com\\\/?product=the-red-deer-nutrilight#primaryimage\"},\"image\":{\"@id\":\"https:\\\/\\\/powerwithinconcept.com\\\/?product=the-red-deer-nutrilight#primaryimage\"},\"thumbnailUrl\":\"https:\\\/\\\/powerwithinconcept.com\\\/wp-content\\\/uploads\\\/2024\\\/01\\\/red-deer.jpeg\",\"datePublished\":\"2024-01-29T10:18:24+00:00\",\"dateModified\":\"2024-08-09T21:57:31+00:00\",\"breadcrumb\":{\"@id\":\"https:\\\/\\\/powerwithinconcept.com\\\/?product=the-red-deer-nutrilight#breadcrumb\"},\"inLanguage\":\"en-GB\",\"potentialAction\":[{\"@type\":\"ReadAction\",\"target\":[\"https:\\\/\\\/powerwithinconcept.com\\\/?product=the-red-deer-nutrilight\"]}]},{\"@type\":\"ImageObject\",\"inLanguage\":\"en-GB\",\"@id\":\"https:\\\/\\\/powerwithinconcept.com\\\/?product=the-red-deer-nutrilight#primaryimage\",\"url\":\"https:\\\/\\\/powerwithinconcept.com\\\/wp-content\\\/uploads\\\/2024\\\/01\\\/red-deer.jpeg\",\"contentUrl\":\"https:\\\/\\\/powerwithinconcept.com\\\/wp-content\\\/uploads\\\/2024\\\/01\\\/red-deer.jpeg\",\"width\":1000,\"height\":1000},{\"@type\":\"BreadcrumbList\",\"@id\":\"https:\\\/\\\/powerwithinconcept.com\\\/?product=the-red-deer-nutrilight#breadcrumb\",\"itemListElement\":[{\"@type\":\"ListItem\",\"position\":1,\"name\":\"Hem\",\"item\":\"https:\\\/\\\/powerwithinconcept.com\\\/\"},{\"@type\":\"ListItem\",\"position\":2,\"name\":\"Produkter\",\"item\":\"https:\\\/\\\/powerwithinconcept.com\\\/butik\\\/\"},{\"@type\":\"ListItem\",\"position\":3,\"name\":\"The Red Deer &#8211; Stor R\u00f6dljuslampa Nutrilight\"}]},{\"@type\":\"WebSite\",\"@id\":\"https:\\\/\\\/powerwithinconcept.com\\\/#website\",\"url\":\"https:\\\/\\\/powerwithinconcept.com\\\/\",\"name\":\"Power Within Concept\",\"description\":\"Healing, Spiritual Life Coaching &amp; Frekvensterapi\",\"publisher\":{\"@id\":\"https:\\\/\\\/powerwithinconcept.com\\\/#organization\"},\"alternateName\":\"Power Within\",\"potentialAction\":[{\"@type\":\"SearchAction\",\"target\":{\"@type\":\"EntryPoint\",\"urlTemplate\":\"https:\\\/\\\/powerwithinconcept.com\\\/?s={search_term_string}\"},\"query-input\":{\"@type\":\"PropertyValueSpecification\",\"valueRequired\":true,\"valueName\":\"search_term_string\"}}],\"inLanguage\":\"en-GB\"},{\"@type\":\"Organization\",\"@id\":\"https:\\\/\\\/powerwithinconcept.com\\\/#organization\",\"name\":\"Power Within Concept\",\"alternateName\":\"Power Within\",\"url\":\"https:\\\/\\\/powerwithinconcept.com\\\/\",\"logo\":{\"@type\":\"ImageObject\",\"inLanguage\":\"en-GB\",\"@id\":\"https:\\\/\\\/powerwithinconcept.com\\\/#\\\/schema\\\/logo\\\/image\\\/\",\"url\":\"https:\\\/\\\/powerwithinconcept.com\\\/wp-content\\\/uploads\\\/2023\\\/10\\\/PWC-logo-transparent.png\",\"contentUrl\":\"https:\\\/\\\/powerwithinconcept.com\\\/wp-content\\\/uploads\\\/2023\\\/10\\\/PWC-logo-transparent.png\",\"width\":3000,\"height\":3000,\"caption\":\"Power Within Concept\"},\"image\":{\"@id\":\"https:\\\/\\\/powerwithinconcept.com\\\/#\\\/schema\\\/logo\\\/image\\\/\"},\"sameAs\":[\"https:\\\/\\\/www.instagram.com\\\/powerwithinconcept\\\/\"]}]}<\/script>\n<!-- \/ Yoast SEO plugin. -->","yoast_head_json":{"title":"The Red Deer - Stor R\u00f6dljuslampa Nutrilight - Power Within Concept","robots":{"index":"index","follow":"follow","max-snippet":"max-snippet:-1","max-image-preview":"max-image-preview:large","max-video-preview":"max-video-preview:-1"},"canonical":"https:\/\/powerwithinconcept.com\/en\/?product=the-red-deer-nutrilight","og_locale":"en_GB","og_type":"article","og_title":"The Red Deer - Stor R\u00f6dljuslampa Nutrilight - Power Within Concept","og_description":"Denna stora och kraftfulla r\u00f6dljuspanel ger dig maximal effekt p\u00e5 kortast tid d\u00e5 n\u00e4stan hela kroppen behandlas samtidigt.\u00a0 Med denna r\u00f6dljuslampa tar du SPA-upplevelsen hem till dig och f\u00e5r b\u00e5de den direkta effekten av \u00f6kat v\u00e4lm\u00e5ende samtidigt om du bygger upp din h\u00e4lsa \u00f6ver tid med resultat som b\u00e5de syns och k\u00e4nns.  &nbsp;","og_url":"https:\/\/powerwithinconcept.com\/en\/?product=the-red-deer-nutrilight","og_site_name":"Power Within Concept","article_modified_time":"2024-08-09T21:57:31+00:00","og_image":[{"width":1000,"height":1000,"url":"https:\/\/powerwithinconcept.com\/wp-content\/uploads\/2024\/01\/red-deer.jpeg","type":"image\/jpeg"}],"twitter_card":"summary_large_image","twitter_misc":{"Estimated reading time":"2 minutes"},"schema":{"@context":"https:\/\/schema.org","@graph":[{"@type":"WebPage","@id":"https:\/\/powerwithinconcept.com\/?product=the-red-deer-nutrilight","url":"https:\/\/powerwithinconcept.com\/?product=the-red-deer-nutrilight","name":"The Red Deer - Stor R\u00f6dljuslampa Nutrilight - Power Within Concept","isPartOf":{"@id":"https:\/\/powerwithinconcept.com\/#website"},"primaryImageOfPage":{"@id":"https:\/\/powerwithinconcept.com\/?product=the-red-deer-nutrilight#primaryimage"},"image":{"@id":"https:\/\/powerwithinconcept.com\/?product=the-red-deer-nutrilight#primaryimage"},"thumbnailUrl":"https:\/\/powerwithinconcept.com\/wp-content\/uploads\/2024\/01\/red-deer.jpeg","datePublished":"2024-01-29T10:18:24+00:00","dateModified":"2024-08-09T21:57:31+00:00","breadcrumb":{"@id":"https:\/\/powerwithinconcept.com\/?product=the-red-deer-nutrilight#breadcrumb"},"inLanguage":"en-GB","potentialAction":[{"@type":"ReadAction","target":["https:\/\/powerwithinconcept.com\/?product=the-red-deer-nutrilight"]}]},{"@type":"ImageObject","inLanguage":"en-GB","@id":"https:\/\/powerwithinconcept.com\/?product=the-red-deer-nutrilight#primaryimage","url":"https:\/\/powerwithinconcept.com\/wp-content\/uploads\/2024\/01\/red-deer.jpeg","contentUrl":"https:\/\/powerwithinconcept.com\/wp-content\/uploads\/2024\/01\/red-deer.jpeg","width":1000,"height":1000},{"@type":"BreadcrumbList","@id":"https:\/\/powerwithinconcept.com\/?product=the-red-deer-nutrilight#breadcrumb","itemListElement":[{"@type":"ListItem","position":1,"name":"Hem","item":"https:\/\/powerwithinconcept.com\/"},{"@type":"ListItem","position":2,"name":"Produkter","item":"https:\/\/powerwithinconcept.com\/butik\/"},{"@type":"ListItem","position":3,"name":"The Red Deer &#8211; Stor R\u00f6dljuslampa Nutrilight"}]},{"@type":"WebSite","@id":"https:\/\/powerwithinconcept.com\/#website","url":"https:\/\/powerwithinconcept.com\/","name":"Power Within Concept","description":"Healing, Spiritual Life Coaching &amp; Frekvensterapi","publisher":{"@id":"https:\/\/powerwithinconcept.com\/#organization"},"alternateName":"Power Within","potentialAction":[{"@type":"SearchAction","target":{"@type":"EntryPoint","urlTemplate":"https:\/\/powerwithinconcept.com\/?s={search_term_string}"},"query-input":{"@type":"PropertyValueSpecification","valueRequired":true,"valueName":"search_term_string"}}],"inLanguage":"en-GB"},{"@type":"Organization","@id":"https:\/\/powerwithinconcept.com\/#organization","name":"Power Within Concept","alternateName":"Power Within","url":"https:\/\/powerwithinconcept.com\/","logo":{"@type":"ImageObject","inLanguage":"en-GB","@id":"https:\/\/powerwithinconcept.com\/#\/schema\/logo\/image\/","url":"https:\/\/powerwithinconcept.com\/wp-content\/uploads\/2023\/10\/PWC-logo-transparent.png","contentUrl":"https:\/\/powerwithinconcept.com\/wp-content\/uploads\/2023\/10\/PWC-logo-transparent.png","width":3000,"height":3000,"caption":"Power Within Concept"},"image":{"@id":"https:\/\/powerwithinconcept.com\/#\/schema\/logo\/image\/"},"sameAs":["https:\/\/www.instagram.com\/powerwithinconcept\/"]}]}},"jetpack_publicize_connections":[],"jetpack_sharing_enabled":true,"_links":{"self":[{"href":"https:\/\/powerwithinconcept.com\/en\/wp-json\/wp\/v2\/product\/2162","targetHints":{"allow":["GET"]}}],"collection":[{"href":"https:\/\/powerwithinconcept.com\/en\/wp-json\/wp\/v2\/product"}],"about":[{"href":"https:\/\/powerwithinconcept.com\/en\/wp-json\/wp\/v2\/types\/product"}],"replies":[{"embeddable":true,"href":"https:\/\/powerwithinconcept.com\/en\/wp-json\/wp\/v2\/comments?post=2162"}],"version-history":[{"count":2,"href":"https:\/\/powerwithinconcept.com\/en\/wp-json\/wp\/v2\/product\/2162\/revisions"}],"predecessor-version":[{"id":2184,"href":"https:\/\/powerwithinconcept.com\/en\/wp-json\/wp\/v2\/product\/2162\/revisions\/2184"}],"wp:featuredmedia":[{"embeddable":true,"href":"https:\/\/powerwithinconcept.com\/en\/wp-json\/wp\/v2\/media\/2163"}],"wp:attachment":[{"href":"https:\/\/powerwithinconcept.com\/en\/wp-json\/wp\/v2\/media?parent=2162"}],"wp:term":[{"taxonomy":"product_brand","embeddable":true,"href":"https:\/\/powerwithinconcept.com\/en\/wp-json\/wp\/v2\/product_brand?post=2162"},{"taxonomy":"product_cat","embeddable":true,"href":"https:\/\/powerwithinconcept.com\/en\/wp-json\/wp\/v2\/product_cat?post=2162"},{"taxonomy":"product_tag","embeddable":true,"href":"https:\/\/powerwithinconcept.com\/en\/wp-json\/wp\/v2\/product_tag?post=2162"}],"curies":[{"name":"wp","href":"https:\/\/api.w.org\/{rel}","templated":true}]}}