{"id":2175,"date":"2024-01-29T10:53:31","date_gmt":"2024-01-29T10:53:31","guid":{"rendered":"https:\/\/powerwithinconcept.com\/?post_type=product&#038;p=2175"},"modified":"2026-05-09T06:13:28","modified_gmt":"2026-05-09T06:13:28","slug":"the-fox-nutrilight-rodljuslampa-medelstor","status":"publish","type":"product","link":"https:\/\/powerwithinconcept.com\/en\/product\/the-fox-nutrilight-rodljuslampa-medelstor\/","title":{"rendered":"The Fox \u2013 Nutrilight R\u00f6dljuslampa Medelstor"},"content":{"rendered":"<p>The Fox \u00e4r din nyckel till en v\u00e4rld av \u00f6kat v\u00e4lm\u00e5ende och f\u00f6rh\u00f6jd livskvalitet genom kraften av r\u00f6dljusterapi. Denna m\u00e5ngsidiga r\u00f6dljuslampa erbjuder dig m\u00f6jligheten att behandla st\u00f6rre omr\u00e5den, inklusive ansikte och dekolletage, rygg, axlar och mage. Den levereras med en smidig st\u00e4llning som kan monteras p\u00e5 v\u00e4ggen eller placeras p\u00e5 bordet, vilket ger dig friheten att integrera ljusterapin i alla aspekter av ditt dagliga liv.<\/p>\n<p>B\u00f6rja din dag med en uppfriskande dos av energi genom r\u00f6dljusljusterapi. Meditera stillsamt framf\u00f6r den\u00a0 energiboostande belysningen, eller placera den p\u00e5 ditt arbetsbord f\u00f6r att skapa en produktiv och inspirerande arbetsmilj\u00f6. P\u00e5 kv\u00e4llen kan du f\u00f6rflytta den till ditt nattduksbord och l\u00e5ta det lugnande ljuset guida dig in i en fridfull natts\u00f6mn.<\/p>\n<p>Men The Fox \u00e4r mer \u00e4n bara en lampa; den \u00e4r din v\u00e4g till en livsstilsf\u00f6rb\u00e4ttring som str\u00e4cker sig bortom det synliga. Anv\u00e4nder du den mot huvudet, kommer den inte bara att fr\u00e4mja h\u00e5rv\u00e4xten, utan ocks\u00e5 \u00f6ka din kognitiva prestation. Du kommer att k\u00e4nna dig mer alert och koncentrerad, redo att m\u00f6ta dagen med \u00f6kad energi och sk\u00e4rpa.<\/p>\n<p>Med hela 80 lysdioder, inklusive de optimala v\u00e5gl\u00e4ngderna p\u00e5 660 nm f\u00f6r r\u00f6tt ljus och 850 nm f\u00f6r n\u00e4ra infrar\u00f6tt ljus, \u00e4r Fox utformad f\u00f6r att leverera maximala h\u00e4lsoeffekter. Vid en avst\u00e5nd av 7,6 cm uppn\u00e5r den en imponerande bestr\u00e5lningst\u00e4thet p\u00e5 73 mW\/kvadratcentimeter, vilket minskar n\u00e5got till 60 mW\/kvadratcentimeter vid 15,2 cm avst\u00e5nd. H\u00e4r \u00e4r n\u00e5gra av de fantastiska f\u00f6rdelarna du kan f\u00f6rv\u00e4nta dig.<\/p>\n<ul>\n<li>\u00a0Sm\u00e4rtlindring, snabbare l\u00e4kning och anti-inflammatoriska egenskaper.<\/li>\n<li>\u00a0Hudf\u00f6ryngring som bek\u00e4mpar rosacea och akne, och ger dig str\u00e5lande hud<\/li>\n<li>\u00d6kad energiniv\u00e5, f\u00f6rb\u00e4ttrad fokus och f\u00f6rb\u00e4ttrad blodcirkulation<\/li>\n<\/ul>\n<p>En investering i en r\u00f6dluslampa \u00e4r en investering i din och din familjs h\u00e4lsa. Du kommer att njuta av otaliga r\u00f6dljusterapisessioner, bekv\u00e4mt i ditt eget hem, och se och k\u00e4nna de positiva resultat som denna prisv\u00e4rda enhet kan leverera. V\u00e4lkommen till en ljusare och friskare framtid med The Fox!<\/p>\n<p>Leveranstid 5-7 arbetsdagar<\/p>\n<p><strong>Anv\u00e4ndning:<\/strong><\/p>\n<div class=\"tab-content mb-5\">\n<div id=\"pills-description\" class=\"tab-pane w-100 fade active show\" role=\"tabpanel\" aria-labelledby=\"pills-title-description\">\n<div class=\"wpb-content-wrapper\">\n<div class=\"vc_row wpb_row vc_row-fluid vc_row_visible\">\n<div class=\"wpb_column vc_column_container vc_col-sm-6 text-left\">\n<div class=\"vc_column-inner\">\n<div class=\"wpb_wrapper\">\n<div class=\"wpb_text_column wpb_content_element\">\n<div class=\"wpb_wrapper\">\n<p><strong>Behandlingstid:\u00a0<\/strong>15-20 min dagligen<br \/>\n<strong>Avst\u00e5nd fr\u00e5n lampan:<\/strong>\u00a010-20 cm<\/p>\n<p>Mer information om anv\u00e4ndning finner du\u00a0<strong><a href=\"https:\/\/nutrilight.se\/anvandning\/\">h\u00e4r<\/a><\/strong>.<\/p>\n<\/div>\n<\/div>\n<div class=\"wpb_text_column wpb_content_element\">\n<div class=\"wpb_wrapper\">\n<p class=\"p1\"><strong>Teknisk specifikation:<\/strong><\/p>\n<ul class=\"ul1\">\n<li class=\"li1\">Frekvensomf\u00e5ng: 50Hz-60Hz<\/li>\n<li class=\"li1\">Nominell effekt:\u00a0400W (80*5W)<\/li>\n<li class=\"li1\">Verklig effekt: 50W<\/li>\n<li class=\"li1\">LED v\u00e5gl\u00e4ngd: R\u00f6d 660m, Infrar\u00f6d 850<\/li>\n<li class=\"li1\">Material: Aluminium<\/li>\n<li class=\"li1\">Produktstorlek:\u00a030 x 20 x 3 cm<\/li>\n<li class=\"li1\">Vikt: 4KG<\/li>\n<\/ul>\n<\/div>\n<\/div>\n<p><a class=\"btn mb-2    vc_custom_1704797730342  text-red btn-link text-secondary d-inline-block      btn-md\" href=\"https:\/\/nutrilight.se\/wp-content\/uploads\/2024\/01\/Manual20-20The20Fox202024-komprimerad.pdf\" target=\"_blank\" rel=\"noopener\"><span class=\"\">Manual The Fox<\/span>\u00a0<i class=\"pixicon-arrow-right2   ml-1\"><\/i><\/a><a class=\"btn mb-2    vc_custom_1704896284441  text-red btn-link text-secondary d-inline-block      btn-md\" href=\"https:\/\/nutrilight.se\/wp-content\/uploads\/2024\/01\/Manual-The-Fox-2024-ENG-komprimerad.pdf\" target=\"_blank\" rel=\"noopener\"><span class=\"\">Manual The Fox (ENG)<\/span>\u00a0<\/a><\/div>\n<\/div>\n<\/div>\n<\/div>\n<\/div>\n<\/div>\n<\/div>","protected":false},"excerpt":{"rendered":"<p><strong>Anv\u00e4ndning:<\/strong><\/p>\n<div class=\"tab-content mb-5\">\n<div id=\"pills-description\" class=\"tab-pane w-100 fade active show\" role=\"tabpanel\" aria-labelledby=\"pills-title-description\">\n<div class=\"wpb-content-wrapper\">\n<div class=\"vc_row wpb_row vc_row-fluid vc_row_visible\">\n<div class=\"wpb_column vc_column_container vc_col-sm-6 text-left\">\n<div class=\"vc_column-inner\">\n<div class=\"wpb_wrapper\">\n<div class=\"wpb_text_column wpb_content_element\">\n<div class=\"wpb_wrapper\">\n<p><strong>Behandlingstid:\u00a0<\/strong>15-20 min dagligen<br \/>\n<strong>Avst\u00e5nd fr\u00e5n lampan:<\/strong>\u00a010-20 cm<\/p>\n<p>Mer information om anv\u00e4ndning finner du\u00a0<strong><a href=\"https:\/\/nutrilight.se\/anvandning\/\">h\u00e4r<\/a><\/strong>.<\/p>\n<\/div>\n<\/div>\n<div class=\"wpb_text_column wpb_content_element\">\n<div class=\"wpb_wrapper\">\n<p class=\"p1\"><strong>Teknisk specifikation:<\/strong><\/p>\n<ul class=\"ul1\">\n<li class=\"li1\">Frekvensomf\u00e5ng: 50Hz-60Hz<\/li>\n<li class=\"li1\">Nominell effekt:\u00a0400W (80*5W)<\/li>\n<li class=\"li1\">Verklig effekt: 50W<\/li>\n<li class=\"li1\">LED v\u00e5gl\u00e4ngd: R\u00f6d 660m, Infrar\u00f6d 850<\/li>\n<li class=\"li1\">Material: Aluminium<\/li>\n<li class=\"li1\">Produktstorlek:\u00a030 x 20 x 3 cm<\/li>\n<li class=\"li1\">Vikt: 4KG<\/li>\n<\/ul>\n<\/div>\n<\/div>\n<p><a class=\"btn mb-2    vc_custom_1704797730342  text-red btn-link text-secondary d-inline-block      btn-md\" href=\"https:\/\/nutrilight.se\/wp-content\/uploads\/2024\/01\/Manual20-20The20Fox202024-komprimerad.pdf\" target=\"_blank\" rel=\"noopener\"><span class=\"\">Manual The Fox<\/span>\u00a0<i class=\"pixicon-arrow-right2   ml-1\"><\/i><\/a><a class=\"btn mb-2    vc_custom_1704896284441  text-red btn-link text-secondary d-inline-block      btn-md\" href=\"https:\/\/nutrilight.se\/wp-content\/uploads\/2024\/01\/Manual-The-Fox-2024-ENG-komprimerad.pdf\" target=\"_blank\" rel=\"noopener\"><span class=\"\">Manual The Fox (ENG)<\/span>\u00a0<i class=\"pixicon-arrow-right2   ml-1\"><\/i><\/a><\/p>\n<div class=\"vc_icon_element vc_icon_element-outer vc_custom_1695633979815 vc_icon_element-align-left\">\n<div class=\"vc_icon_element-inner vc_icon_element-color-custom vc_icon_element-size-md vc_icon_element-style- vc_icon_element-background-color-grey\"><\/div>\n<\/div>\n<\/div>\n<\/div>\n<\/div>\n<\/div>\n<\/div>\n<\/div>\n<\/div>","protected":false},"featured_media":2176,"comment_status":"open","ping_status":"closed","template":"","meta":{"_eb_attr":"","jetpack_publicize_message":"","jetpack_publicize_feature_enabled":true,"jetpack_social_post_already_shared":true,"jetpack_social_options":{"image_generator_settings":{"template":"highway","default_image_id":0,"font":"","enabled":false},"version":2}},"product_brand":[],"product_cat":[288],"product_tag":[],"class_list":{"0":"post-2175","1":"product","2":"type-product","3":"status-publish","4":"has-post-thumbnail","6":"product_cat-nutrilight","8":"first","9":"instock","10":"taxable","11":"shipping-taxable","12":"purchasable","13":"product-type-simple"},"yoast_head":"<!-- This site is optimized with the Yoast SEO plugin v27.6 - https:\/\/yoast.com\/product\/yoast-seo-wordpress\/ -->\n<title>The Fox \u2013 Nutrilight R\u00f6dljuslampa Medelstor - Power Within Concept<\/title>\n<meta name=\"robots\" content=\"index, follow, max-snippet:-1, max-image-preview:large, max-video-preview:-1\" \/>\n<link rel=\"canonical\" href=\"https:\/\/powerwithinconcept.com\/en\/?product=the-fox-nutrilight-rodljuslampa-medelstor\" \/>\n<meta property=\"og:locale\" content=\"en_GB\" \/>\n<meta property=\"og:type\" content=\"article\" \/>\n<meta property=\"og:title\" content=\"The Fox \u2013 Nutrilight R\u00f6dljuslampa Medelstor - Power Within Concept\" \/>\n<meta property=\"og:description\" content=\"Anv\u00e4ndning:           Behandlingstid:\u00a015-20 min dagligen Avst\u00e5nd fr\u00e5n lampan:\u00a010-20 cm  Mer information om anv\u00e4ndning finner du\u00a0h\u00e4r.      Teknisk specifikation:    Frekvensomf\u00e5ng: 50Hz-60Hz  Nominell effekt:\u00a0400W (80*5W)  Verklig effekt: 50W  LED v\u00e5gl\u00e4ngd: R\u00f6d 660m, Infrar\u00f6d 850  Material: Aluminium  Produktstorlek:\u00a030 x 20 x 3 cm  Vikt: 4KG    Manual The Fox\u00a0Manual The Fox (ENG)\u00a0\" \/>\n<meta property=\"og:url\" content=\"https:\/\/powerwithinconcept.com\/en\/?product=the-fox-nutrilight-rodljuslampa-medelstor\" \/>\n<meta property=\"og:site_name\" content=\"Power Within Concept\" \/>\n<meta property=\"article:modified_time\" content=\"2026-05-09T06:13:28+00:00\" \/>\n<meta property=\"og:image\" content=\"https:\/\/powerwithinconcept.com\/wp-content\/uploads\/2024\/01\/fox1.jpeg\" \/>\n\t<meta property=\"og:image:width\" content=\"1000\" \/>\n\t<meta property=\"og:image:height\" content=\"1000\" \/>\n\t<meta property=\"og:image:type\" content=\"image\/jpeg\" \/>\n<meta name=\"twitter:card\" content=\"summary_large_image\" \/>\n<meta name=\"twitter:label1\" content=\"Estimated reading time\" \/>\n\t<meta name=\"twitter:data1\" content=\"3 minutes\" \/>\n<script type=\"application\/ld+json\" class=\"yoast-schema-graph\">{\"@context\":\"https:\\\/\\\/schema.org\",\"@graph\":[{\"@type\":\"WebPage\",\"@id\":\"https:\\\/\\\/powerwithinconcept.com\\\/?product=the-fox-nutrilight-rodljuslampa-medelstor\",\"url\":\"https:\\\/\\\/powerwithinconcept.com\\\/?product=the-fox-nutrilight-rodljuslampa-medelstor\",\"name\":\"The Fox \u2013 Nutrilight R\u00f6dljuslampa Medelstor - Power Within Concept\",\"isPartOf\":{\"@id\":\"https:\\\/\\\/powerwithinconcept.com\\\/#website\"},\"primaryImageOfPage\":{\"@id\":\"https:\\\/\\\/powerwithinconcept.com\\\/?product=the-fox-nutrilight-rodljuslampa-medelstor#primaryimage\"},\"image\":{\"@id\":\"https:\\\/\\\/powerwithinconcept.com\\\/?product=the-fox-nutrilight-rodljuslampa-medelstor#primaryimage\"},\"thumbnailUrl\":\"https:\\\/\\\/powerwithinconcept.com\\\/wp-content\\\/uploads\\\/2024\\\/01\\\/fox1.jpeg\",\"datePublished\":\"2024-01-29T10:53:31+00:00\",\"dateModified\":\"2026-05-09T06:13:28+00:00\",\"breadcrumb\":{\"@id\":\"https:\\\/\\\/powerwithinconcept.com\\\/?product=the-fox-nutrilight-rodljuslampa-medelstor#breadcrumb\"},\"inLanguage\":\"en-GB\",\"potentialAction\":[{\"@type\":\"ReadAction\",\"target\":[\"https:\\\/\\\/powerwithinconcept.com\\\/?product=the-fox-nutrilight-rodljuslampa-medelstor\"]}]},{\"@type\":\"ImageObject\",\"inLanguage\":\"en-GB\",\"@id\":\"https:\\\/\\\/powerwithinconcept.com\\\/?product=the-fox-nutrilight-rodljuslampa-medelstor#primaryimage\",\"url\":\"https:\\\/\\\/powerwithinconcept.com\\\/wp-content\\\/uploads\\\/2024\\\/01\\\/fox1.jpeg\",\"contentUrl\":\"https:\\\/\\\/powerwithinconcept.com\\\/wp-content\\\/uploads\\\/2024\\\/01\\\/fox1.jpeg\",\"width\":1000,\"height\":1000},{\"@type\":\"BreadcrumbList\",\"@id\":\"https:\\\/\\\/powerwithinconcept.com\\\/?product=the-fox-nutrilight-rodljuslampa-medelstor#breadcrumb\",\"itemListElement\":[{\"@type\":\"ListItem\",\"position\":1,\"name\":\"Hem\",\"item\":\"https:\\\/\\\/powerwithinconcept.com\\\/\"},{\"@type\":\"ListItem\",\"position\":2,\"name\":\"Produkter\",\"item\":\"https:\\\/\\\/powerwithinconcept.com\\\/butik\\\/\"},{\"@type\":\"ListItem\",\"position\":3,\"name\":\"The Fox \u2013 Nutrilight R\u00f6dljuslampa Medelstor\"}]},{\"@type\":\"WebSite\",\"@id\":\"https:\\\/\\\/powerwithinconcept.com\\\/#website\",\"url\":\"https:\\\/\\\/powerwithinconcept.com\\\/\",\"name\":\"Power Within Concept\",\"description\":\"Healing, Spiritual Life Coaching &amp; Frekvensterapi\",\"publisher\":{\"@id\":\"https:\\\/\\\/powerwithinconcept.com\\\/#organization\"},\"alternateName\":\"Power Within\",\"potentialAction\":[{\"@type\":\"SearchAction\",\"target\":{\"@type\":\"EntryPoint\",\"urlTemplate\":\"https:\\\/\\\/powerwithinconcept.com\\\/?s={search_term_string}\"},\"query-input\":{\"@type\":\"PropertyValueSpecification\",\"valueRequired\":true,\"valueName\":\"search_term_string\"}}],\"inLanguage\":\"en-GB\"},{\"@type\":\"Organization\",\"@id\":\"https:\\\/\\\/powerwithinconcept.com\\\/#organization\",\"name\":\"Power Within Concept\",\"alternateName\":\"Power Within\",\"url\":\"https:\\\/\\\/powerwithinconcept.com\\\/\",\"logo\":{\"@type\":\"ImageObject\",\"inLanguage\":\"en-GB\",\"@id\":\"https:\\\/\\\/powerwithinconcept.com\\\/#\\\/schema\\\/logo\\\/image\\\/\",\"url\":\"https:\\\/\\\/powerwithinconcept.com\\\/wp-content\\\/uploads\\\/2023\\\/10\\\/PWC-logo-transparent.png\",\"contentUrl\":\"https:\\\/\\\/powerwithinconcept.com\\\/wp-content\\\/uploads\\\/2023\\\/10\\\/PWC-logo-transparent.png\",\"width\":3000,\"height\":3000,\"caption\":\"Power Within Concept\"},\"image\":{\"@id\":\"https:\\\/\\\/powerwithinconcept.com\\\/#\\\/schema\\\/logo\\\/image\\\/\"},\"sameAs\":[\"https:\\\/\\\/www.instagram.com\\\/powerwithinconcept\\\/\"]}]}<\/script>\n<!-- \/ Yoast SEO plugin. -->","yoast_head_json":{"title":"The Fox \u2013 Nutrilight R\u00f6dljuslampa Medelstor - Power Within Concept","robots":{"index":"index","follow":"follow","max-snippet":"max-snippet:-1","max-image-preview":"max-image-preview:large","max-video-preview":"max-video-preview:-1"},"canonical":"https:\/\/powerwithinconcept.com\/en\/?product=the-fox-nutrilight-rodljuslampa-medelstor","og_locale":"en_GB","og_type":"article","og_title":"The Fox \u2013 Nutrilight R\u00f6dljuslampa Medelstor - Power Within Concept","og_description":"Anv\u00e4ndning:           Behandlingstid:\u00a015-20 min dagligen Avst\u00e5nd fr\u00e5n lampan:\u00a010-20 cm  Mer information om anv\u00e4ndning finner du\u00a0h\u00e4r.      Teknisk specifikation:    Frekvensomf\u00e5ng: 50Hz-60Hz  Nominell effekt:\u00a0400W (80*5W)  Verklig effekt: 50W  LED v\u00e5gl\u00e4ngd: R\u00f6d 660m, Infrar\u00f6d 850  Material: Aluminium  Produktstorlek:\u00a030 x 20 x 3 cm  Vikt: 4KG    Manual The Fox\u00a0Manual The Fox (ENG)\u00a0","og_url":"https:\/\/powerwithinconcept.com\/en\/?product=the-fox-nutrilight-rodljuslampa-medelstor","og_site_name":"Power Within Concept","article_modified_time":"2026-05-09T06:13:28+00:00","og_image":[{"width":1000,"height":1000,"url":"https:\/\/powerwithinconcept.com\/wp-content\/uploads\/2024\/01\/fox1.jpeg","type":"image\/jpeg"}],"twitter_card":"summary_large_image","twitter_misc":{"Estimated reading time":"3 minutes"},"schema":{"@context":"https:\/\/schema.org","@graph":[{"@type":"WebPage","@id":"https:\/\/powerwithinconcept.com\/?product=the-fox-nutrilight-rodljuslampa-medelstor","url":"https:\/\/powerwithinconcept.com\/?product=the-fox-nutrilight-rodljuslampa-medelstor","name":"The Fox \u2013 Nutrilight R\u00f6dljuslampa Medelstor - Power Within Concept","isPartOf":{"@id":"https:\/\/powerwithinconcept.com\/#website"},"primaryImageOfPage":{"@id":"https:\/\/powerwithinconcept.com\/?product=the-fox-nutrilight-rodljuslampa-medelstor#primaryimage"},"image":{"@id":"https:\/\/powerwithinconcept.com\/?product=the-fox-nutrilight-rodljuslampa-medelstor#primaryimage"},"thumbnailUrl":"https:\/\/powerwithinconcept.com\/wp-content\/uploads\/2024\/01\/fox1.jpeg","datePublished":"2024-01-29T10:53:31+00:00","dateModified":"2026-05-09T06:13:28+00:00","breadcrumb":{"@id":"https:\/\/powerwithinconcept.com\/?product=the-fox-nutrilight-rodljuslampa-medelstor#breadcrumb"},"inLanguage":"en-GB","potentialAction":[{"@type":"ReadAction","target":["https:\/\/powerwithinconcept.com\/?product=the-fox-nutrilight-rodljuslampa-medelstor"]}]},{"@type":"ImageObject","inLanguage":"en-GB","@id":"https:\/\/powerwithinconcept.com\/?product=the-fox-nutrilight-rodljuslampa-medelstor#primaryimage","url":"https:\/\/powerwithinconcept.com\/wp-content\/uploads\/2024\/01\/fox1.jpeg","contentUrl":"https:\/\/powerwithinconcept.com\/wp-content\/uploads\/2024\/01\/fox1.jpeg","width":1000,"height":1000},{"@type":"BreadcrumbList","@id":"https:\/\/powerwithinconcept.com\/?product=the-fox-nutrilight-rodljuslampa-medelstor#breadcrumb","itemListElement":[{"@type":"ListItem","position":1,"name":"Hem","item":"https:\/\/powerwithinconcept.com\/"},{"@type":"ListItem","position":2,"name":"Produkter","item":"https:\/\/powerwithinconcept.com\/butik\/"},{"@type":"ListItem","position":3,"name":"The Fox \u2013 Nutrilight R\u00f6dljuslampa Medelstor"}]},{"@type":"WebSite","@id":"https:\/\/powerwithinconcept.com\/#website","url":"https:\/\/powerwithinconcept.com\/","name":"Power Within Concept","description":"Healing, Spiritual Life Coaching &amp; Frekvensterapi","publisher":{"@id":"https:\/\/powerwithinconcept.com\/#organization"},"alternateName":"Power Within","potentialAction":[{"@type":"SearchAction","target":{"@type":"EntryPoint","urlTemplate":"https:\/\/powerwithinconcept.com\/?s={search_term_string}"},"query-input":{"@type":"PropertyValueSpecification","valueRequired":true,"valueName":"search_term_string"}}],"inLanguage":"en-GB"},{"@type":"Organization","@id":"https:\/\/powerwithinconcept.com\/#organization","name":"Power Within Concept","alternateName":"Power Within","url":"https:\/\/powerwithinconcept.com\/","logo":{"@type":"ImageObject","inLanguage":"en-GB","@id":"https:\/\/powerwithinconcept.com\/#\/schema\/logo\/image\/","url":"https:\/\/powerwithinconcept.com\/wp-content\/uploads\/2023\/10\/PWC-logo-transparent.png","contentUrl":"https:\/\/powerwithinconcept.com\/wp-content\/uploads\/2023\/10\/PWC-logo-transparent.png","width":3000,"height":3000,"caption":"Power Within Concept"},"image":{"@id":"https:\/\/powerwithinconcept.com\/#\/schema\/logo\/image\/"},"sameAs":["https:\/\/www.instagram.com\/powerwithinconcept\/"]}]}},"jetpack_publicize_connections":[],"jetpack_sharing_enabled":true,"_links":{"self":[{"href":"https:\/\/powerwithinconcept.com\/en\/wp-json\/wp\/v2\/product\/2175","targetHints":{"allow":["GET"]}}],"collection":[{"href":"https:\/\/powerwithinconcept.com\/en\/wp-json\/wp\/v2\/product"}],"about":[{"href":"https:\/\/powerwithinconcept.com\/en\/wp-json\/wp\/v2\/types\/product"}],"replies":[{"embeddable":true,"href":"https:\/\/powerwithinconcept.com\/en\/wp-json\/wp\/v2\/comments?post=2175"}],"version-history":[{"count":1,"href":"https:\/\/powerwithinconcept.com\/en\/wp-json\/wp\/v2\/product\/2175\/revisions"}],"predecessor-version":[{"id":2183,"href":"https:\/\/powerwithinconcept.com\/en\/wp-json\/wp\/v2\/product\/2175\/revisions\/2183"}],"wp:featuredmedia":[{"embeddable":true,"href":"https:\/\/powerwithinconcept.com\/en\/wp-json\/wp\/v2\/media\/2176"}],"wp:attachment":[{"href":"https:\/\/powerwithinconcept.com\/en\/wp-json\/wp\/v2\/media?parent=2175"}],"wp:term":[{"taxonomy":"product_brand","embeddable":true,"href":"https:\/\/powerwithinconcept.com\/en\/wp-json\/wp\/v2\/product_brand?post=2175"},{"taxonomy":"product_cat","embeddable":true,"href":"https:\/\/powerwithinconcept.com\/en\/wp-json\/wp\/v2\/product_cat?post=2175"},{"taxonomy":"product_tag","embeddable":true,"href":"https:\/\/powerwithinconcept.com\/en\/wp-json\/wp\/v2\/product_tag?post=2175"}],"curies":[{"name":"wp","href":"https:\/\/api.w.org\/{rel}","templated":true}]}}